{"id":36792,"date":"2025-02-20T23:31:08","date_gmt":"2025-02-20T22:31:08","guid":{"rendered":"http:\/\/olemosaic.com\/producto\/bol-de-coco-rojo-caballito-de-mar-barcelona-3\/"},"modified":"2025-07-25T18:53:00","modified_gmt":"2025-07-25T16:53:00","slug":"bol-noix-de-coco-rouge-hippocampe-barcelone-3","status":"publish","type":"product","link":"https:\/\/olemosaic.com\/fr\/produit\/bol-noix-de-coco-rouge-hippocampe-barcelone-3\/","title":{"rendered":"Bol en noix de coco rouge. Hippocampe. Barcelone. Fond rouge."},"content":{"rendered":"<p>Ce bol en noix de coco rouge, d\u00e9cor\u00e9 d&rsquo;un captivant hippocampe, est un souvenir repr\u00e9sentatif de la charmante ville de Barcelone. Son fond rouge vibrant, enrichi d&rsquo;un imprim\u00e9 distinctif, attire instantan\u00e9ment l&rsquo;attention, tandis que l&rsquo;\u00e9l\u00e9gant hippocampe, en dor\u00e9 brillant, ajoute une touche de sophistication et d&rsquo;attrait visuel. L&rsquo;inscription \u00ab Barcelone \u00bb figure en bonne place dans le design, consolidant son identit\u00e9 culturelle et en faisant un souvenir incontournable pour ceux qui visitent la ville.<\/p>\n<p>Id\u00e9al aussi bien pour un usage d\u00e9coratif que fonctionnel, ce bol se distingue non seulement par son esth\u00e9tique frappante, mais aussi par sa signification culturelle. L&rsquo;hippocampe symbolise les merveilles du monde marin et la riche biodiversit\u00e9 qui entoure les c\u00f4tes catalanes. Ce bol repr\u00e9sente la fusion entre la tradition artisanale et l&rsquo;art contemporain de Barcelone, devenant une pi\u00e8ce unique qui encapsule l&rsquo;essence de la r\u00e9gion.<\/p>\n<p>Chez Ol\u00e9 Mosaic, nous sommes fiers de proposer des souvenirs authentiques qui refl\u00e8tent la culture et le charme de chaque destination. Ce bol en noix de coco rouge est une excellente option pour les boutiques de cadeaux touristiques \u00e0 la recherche de produits originaux et significatifs. En tant que distributeurs de souvenirs de Barcelone, nous garantissons la qualit\u00e9 et l&rsquo;authenticit\u00e9 de chaque article.<\/p>\n","protected":false},"excerpt":{"rendered":"<p>Bol en noix de coco rouge d\u00e9cor\u00e9 d&rsquo;un charmant hippocampe, inspir\u00e9 de la ville vibrante de Barcelone. Ce bol \u00e9l\u00e9gant pr\u00e9sente un fond rouge brillant avec un imprim\u00e9 distinctif, et l&rsquo;hippocampe dor\u00e9 ressort de mani\u00e8re attrayante. L&rsquo;inscription \u00ab\u00a0Barcelone\u00a0\u00bb compl\u00e8te le design, rendant cette pi\u00e8ce parfaite aussi bien pour un usage d\u00e9coratif que fonctionnel, ajoutant une touche culturelle et artistique \u00e0 n&rsquo;importe quel espace.<\/p>\n","protected":false},"featured_media":11756,"template":"","meta":{"_acf_changed":false},"product_brand":[],"product_cat":[521],"product_tag":[530],"class_list":{"0":"post-36792","1":"product","2":"type-product","3":"status-publish","4":"has-post-thumbnail","6":"product_cat-bols","7":"product_tag-animaux","8":"pa_ciudad-barcelona","9":"pa_motivo-hippocampes","10":"pa_pais-espana","12":"first","13":"instock","14":"shipping-taxable","15":"product-type-simple"},"acf":[],"_links":{"self":[{"href":"https:\/\/olemosaic.com\/fr\/wp-json\/wp\/v2\/product\/36792","targetHints":{"allow":["GET"]}}],"collection":[{"href":"https:\/\/olemosaic.com\/fr\/wp-json\/wp\/v2\/product"}],"about":[{"href":"https:\/\/olemosaic.com\/fr\/wp-json\/wp\/v2\/types\/product"}],"wp:featuredmedia":[{"embeddable":true,"href":"https:\/\/olemosaic.com\/fr\/wp-json\/wp\/v2\/media\/11756"}],"wp:attachment":[{"href":"https:\/\/olemosaic.com\/fr\/wp-json\/wp\/v2\/media?parent=36792"}],"wp:term":[{"taxonomy":"product_brand","embeddable":true,"href":"https:\/\/olemosaic.com\/fr\/wp-json\/wp\/v2\/product_brand?post=36792"},{"taxonomy":"product_cat","embeddable":true,"href":"https:\/\/olemosaic.com\/fr\/wp-json\/wp\/v2\/product_cat?post=36792"},{"taxonomy":"product_tag","embeddable":true,"href":"https:\/\/olemosaic.com\/fr\/wp-json\/wp\/v2\/product_tag?post=36792"}],"curies":[{"name":"wp","href":"https:\/\/api.w.org\/{rel}","templated":true}]}}