{"id":36791,"date":"2025-02-20T23:30:19","date_gmt":"2025-02-20T22:30:19","guid":{"rendered":"http:\/\/olemosaic.com\/producto\/bol-de-coco-delfin-mallorca-2\/"},"modified":"2025-07-25T18:39:14","modified_gmt":"2025-07-25T16:39:14","slug":"bol-noix-de-coco-dauphin-majorque-2-fr","status":"publish","type":"product","link":"https:\/\/olemosaic.com\/fr\/produit\/bol-noix-de-coco-dauphin-majorque-2-fr\/","title":{"rendered":"Bol en noix de coco. Dauphin. Style m\u00e9diterran\u00e9en. Majorque."},"content":{"rendered":"<p>Ce bol en noix de coco d\u00e9cor\u00e9, inspir\u00e9 par la beaut\u00e9 de Majorque, est un souvenir authentique qui capture l&rsquo;essence de cette \u00e9blouissante \u00eele m\u00e9diterran\u00e9enne. Son design pr\u00e9sente un charmant dauphin, symbole de la vie marine qui entoure Majorque, illustr\u00e9 dans une couleur chaude qui ressort \u00e0 l&rsquo;int\u00e9rieur du bol. Autour de cette figure centrale, une mosa\u00efque vibrante de couleurs \u2014 bleus, roses, jaunes et violets \u2014 se d\u00e9ploie, \u00e9voquant la splendeur de la mer et de la nature majorquine, faisant de ce bol une pi\u00e8ce visuellement saisissante et joyeuse.<\/p>\n<p>Le mot \u00ab MAJORQUE \u00bb, peint avec \u00e9l\u00e9gance, positionne imm\u00e9diatement ce produit comme un souvenir repr\u00e9sentatif de l&rsquo;\u00eele, id\u00e9al pour ceux qui cherchent \u00e0 emporter un morceau de cette destination idyllique. Sa finition brillante et ses d\u00e9tails ornementaux n&rsquo;en font pas seulement un \u00e9l\u00e9ment d\u00e9coratif attrayant, mais aussi un article fonctionnel, parfait pour servir de la nourriture ou comme \u00e9l\u00e9ment d&rsquo;une d\u00e9coration th\u00e9matique.<\/p>\n<p>Chez Ol\u00e9 Mosaic, nous comprenons l&rsquo;importance de proposer des souvenirs authentiques qui refl\u00e8tent la culture et la tradition locales. Ce bol en noix de coco d\u00e9cor\u00e9 est une excellente option pour les boutiques de cadeaux touristiques qui souhaitent offrir \u00e0 leurs clients un souvenir authentique et de qualit\u00e9, repr\u00e9sentant la richesse culturelle de Majorque avec une touche artistique unique. En tant que grossiste de souvenirs, nous garantissons l&rsquo;authenticit\u00e9 et le design de chaque pi\u00e8ce que nous distribuons.<\/p>\n","protected":false},"excerpt":{"rendered":"<p>Bol en noix de coco d\u00e9cor\u00e9 d&rsquo;un charmant motif de dauphin, inspir\u00e9 de la beaut\u00e9 de Majorque. Ce produit unique pr\u00e9sente une finition aux tons vifs, avec une mosa\u00efque de couleurs incluant des bleus, des roses et des jaunes, renfor\u00e7ant son attrait visuel. L&rsquo;illustration du dauphin, centr\u00e9e dans le bol, est accompagn\u00e9e du mot \u00ab\u00a0MAJORQUE\u00a0\u00bb, ce qui lui donne une touche authentique. Id\u00e9al comme \u00e9l\u00e9ment d\u00e9coratif ou pour savourer vos repas.<\/p>\n","protected":false},"featured_media":11821,"template":"","meta":{"_acf_changed":false},"product_brand":[],"product_cat":[521],"product_tag":[530],"class_list":{"0":"post-36791","1":"product","2":"type-product","3":"status-publish","4":"has-post-thumbnail","6":"product_cat-bols","7":"product_tag-animaux","8":"pa_ciudad-mallorca","9":"pa_motivo-dauphins","10":"pa_pais-espana","12":"first","13":"instock","14":"shipping-taxable","15":"product-type-simple"},"acf":[],"_links":{"self":[{"href":"https:\/\/olemosaic.com\/fr\/wp-json\/wp\/v2\/product\/36791","targetHints":{"allow":["GET"]}}],"collection":[{"href":"https:\/\/olemosaic.com\/fr\/wp-json\/wp\/v2\/product"}],"about":[{"href":"https:\/\/olemosaic.com\/fr\/wp-json\/wp\/v2\/types\/product"}],"wp:featuredmedia":[{"embeddable":true,"href":"https:\/\/olemosaic.com\/fr\/wp-json\/wp\/v2\/media\/11821"}],"wp:attachment":[{"href":"https:\/\/olemosaic.com\/fr\/wp-json\/wp\/v2\/media?parent=36791"}],"wp:term":[{"taxonomy":"product_brand","embeddable":true,"href":"https:\/\/olemosaic.com\/fr\/wp-json\/wp\/v2\/product_brand?post=36791"},{"taxonomy":"product_cat","embeddable":true,"href":"https:\/\/olemosaic.com\/fr\/wp-json\/wp\/v2\/product_cat?post=36791"},{"taxonomy":"product_tag","embeddable":true,"href":"https:\/\/olemosaic.com\/fr\/wp-json\/wp\/v2\/product_tag?post=36791"}],"curies":[{"name":"wp","href":"https:\/\/api.w.org\/{rel}","templated":true}]}}