{"id":36789,"date":"2025-02-20T22:30:19","date_gmt":"2025-02-20T22:30:19","guid":{"rendered":"http:\/\/olemosaic.com\/producto\/bol-de-coco-camello-fuerteventura\/"},"modified":"2025-07-25T20:35:07","modified_gmt":"2025-07-25T18:35:07","slug":"bol-noix-de-coco-chameau-fuerteventura-fr","status":"publish","type":"product","link":"https:\/\/olemosaic.com\/fr\/produit\/bol-noix-de-coco-chameau-fuerteventura-fr\/","title":{"rendered":"Bol en noix de coco. Chameau. Fuerteventura."},"content":{"rendered":"<p>Ce bol en noix de coco d\u00e9cor\u00e9 est une pi\u00e8ce vibrante qui capture l&rsquo;essence de Fuerteventura, id\u00e9ale aussi bien pour servir des ap\u00e9ritifs que pour constituer un \u00e9l\u00e9ment d\u00e9coratif attrayant. Son design artistique pr\u00e9sente une mosa\u00efque captivante, combinant des fragments dans les tons bleus, roses et lilas sur un fond blanc, cr\u00e9ant un impact visuel tr\u00e8s s\u00e9duisant. Au centre du bol, l&rsquo;illustration d&rsquo;un chameau se d\u00e9tache, symbole embl\u00e9matique de la r\u00e9gion \u00e9voquant le paysage aride et les aventures dans le d\u00e9sert, accompagn\u00e9e du texte \u00ab Fuerteventura \u00bb, qui renforce son identit\u00e9 culturelle.<\/p>\n<p>Ce bol n&rsquo;apporte pas seulement de la fonctionnalit\u00e9, c&rsquo;est aussi un souvenir authentique qui rappelle la beaut\u00e9 des \u00eeles Canaries. L&rsquo;artisanat derri\u00e8re sa fabrication souligne le lien culturel avec la r\u00e9gion, en faisant un souvenir parfait pour ceux qui souhaitent emporter un petit morceau de Fuerteventura. Chez Ol\u00e9 Mosaic, nous sommes sp\u00e9cialistes de la distribution de souvenirs en gros, et ce bol en noix de coco repr\u00e9sente une excellente option pour les boutiques de cadeaux touristiques \u00e0 la recherche de produits uniques et de qualit\u00e9. Avec nos articles, chaque client peut trouver le souvenir id\u00e9al qui refl\u00e8te la riche culture et la tradition de l&rsquo;Espagne.<\/p>\n","protected":false},"excerpt":{"rendered":"<p>Bol en noix de coco d\u00e9cor\u00e9 d&rsquo;une mosa\u00efque vibrante de couleurs, inspir\u00e9 du paysage de Fuerteventura. Ce bol attrayant pr\u00e9sente un design artistique avec des fragments de tons bleus, roses et lilas, contrastant sur un fond blanc. Au centre, l&rsquo;illustration d&rsquo;un chameau, symbole de la r\u00e9gion, accompagn\u00e9e du texte \u00ab\u00a0Fuerteventura\u00a0\u00bb. Id\u00e9al pour servir des ap\u00e9ritifs ou comme \u00e9l\u00e9ment d\u00e9coratif, ce bol allie fonctionnalit\u00e9 et beaut\u00e9.<\/p>\n","protected":false},"featured_media":11972,"template":"","meta":{"_acf_changed":false},"product_brand":[],"product_cat":[521],"product_tag":[530],"class_list":{"0":"post-36789","1":"product","2":"type-product","3":"status-publish","4":"has-post-thumbnail","6":"product_cat-bols","7":"product_tag-animaux","8":"pa_ciudad-fuerteventura","9":"pa_motivo-chameaux","10":"pa_pais-espana","12":"first","13":"instock","14":"shipping-taxable","15":"product-type-simple"},"acf":[],"_links":{"self":[{"href":"https:\/\/olemosaic.com\/fr\/wp-json\/wp\/v2\/product\/36789","targetHints":{"allow":["GET"]}}],"collection":[{"href":"https:\/\/olemosaic.com\/fr\/wp-json\/wp\/v2\/product"}],"about":[{"href":"https:\/\/olemosaic.com\/fr\/wp-json\/wp\/v2\/types\/product"}],"wp:featuredmedia":[{"embeddable":true,"href":"https:\/\/olemosaic.com\/fr\/wp-json\/wp\/v2\/media\/11972"}],"wp:attachment":[{"href":"https:\/\/olemosaic.com\/fr\/wp-json\/wp\/v2\/media?parent=36789"}],"wp:term":[{"taxonomy":"product_brand","embeddable":true,"href":"https:\/\/olemosaic.com\/fr\/wp-json\/wp\/v2\/product_brand?post=36789"},{"taxonomy":"product_cat","embeddable":true,"href":"https:\/\/olemosaic.com\/fr\/wp-json\/wp\/v2\/product_cat?post=36789"},{"taxonomy":"product_tag","embeddable":true,"href":"https:\/\/olemosaic.com\/fr\/wp-json\/wp\/v2\/product_tag?post=36789"}],"curies":[{"name":"wp","href":"https:\/\/api.w.org\/{rel}","templated":true}]}}