{"id":36788,"date":"2025-02-20T23:30:19","date_gmt":"2025-02-20T22:30:19","guid":{"rendered":"http:\/\/olemosaic.com\/producto\/bol-de-coco-bailaora\/"},"modified":"2025-07-25T19:08:19","modified_gmt":"2025-07-25T17:08:19","slug":"bol-noix-de-coco-danseuse-flamenco-fr","status":"publish","type":"product","link":"https:\/\/olemosaic.com\/fr\/produit\/bol-noix-de-coco-danseuse-flamenco-fr\/","title":{"rendered":"Bol en noix de coco. Danseuse de flamenco."},"content":{"rendered":"<p>Ce bol en noix de coco d\u00e9cor\u00e9 est une pi\u00e8ce unique et vibrante qui distille l&rsquo;essence du folklore espagnol \u00e0 travers son design color\u00e9 et artisanal. Fabriqu\u00e9 en noix de coco, son int\u00e9rieur est orn\u00e9 d&rsquo;une mosa\u00efque aux tons bleus, roses et violets, cr\u00e9ant un effet visuel saisissant qui \u00e9voque l&rsquo;\u00e9nergie de la danse flamenco. Au centre, l&rsquo;illustration d&rsquo;une danseuse de flamenco dans une pose dynamique symbolise la passion et la culture andalouses. Les tons vibrants de la mosa\u00efque apportent non seulement de la joie, mais repr\u00e9sentent \u00e9galement les traditions culturelles de l&rsquo;Espagne, faisant de ce bol un souvenir authentique et charg\u00e9 d&rsquo;histoire.<\/p>\n<p>Ce bol est id\u00e9al pour n&rsquo;importe quel foyer, car il n&rsquo;est pas seulement un \u00e9l\u00e9ment d\u00e9coratif, mais peut aussi \u00eatre utilis\u00e9 comme un magnifique r\u00e9cipient pour des fruits ou des ap\u00e9ritifs. Chaque pi\u00e8ce semble \u00eatre peinte \u00e0 la main, ce qui garantit qu&rsquo;il n&rsquo;y en a pas deux identiques, soulignant son authenticit\u00e9 et sa valeur en tant que souvenir.<\/p>\n<p>Chez Ol\u00e9 Mosaic, nous nous sp\u00e9cialisons dans la distribution en gros de souvenirs de qualit\u00e9, comme ce bol en noix de coco qui capture l&rsquo;esprit du flamenco et de la culture andalouse. C&rsquo;est une excellente option pour les boutiques de cadeaux touristiques qui cherchent \u00e0 proposer des articles mettant en valeur la richesse culturelle de l&rsquo;Espagne et satisfaisant le d\u00e9sir des touristes de rapporter chez eux des souvenirs repr\u00e9sentatifs et uniques. Int\u00e9grez ce bol en noix de coco d\u00e9cor\u00e9 \u00e0 votre catalogue et offrez \u00e0 vos clients une pi\u00e8ce pleine d&rsquo;histoire et de couleur !<\/p>\n","protected":false},"excerpt":{"rendered":"<p>Bol en noix de coco d\u00e9cor\u00e9 de mosa\u00efques color\u00e9es dans les tons bleu, rose et violet, inspir\u00e9 de la danse flamenco. Ce bol attrayant pr\u00e9sente un design artisanal, peint \u00e0 la main, repr\u00e9sentant une danseuse de flamenco dans une pose dynamique, \u00e9voquant l&rsquo;esprit du folklore espagnol. Sa technique artisanale \u00e9labor\u00e9e et sa combinaison de couleurs vibrantes en font une pi\u00e8ce id\u00e9ale pour tout int\u00e9rieur, apportant une touche de culture et de tradition andalouse.<\/p>\n","protected":false},"featured_media":11966,"template":"","meta":{"_acf_changed":false},"product_brand":[],"product_cat":[521],"product_tag":[],"class_list":{"0":"post-36788","1":"product","2":"type-product","3":"status-publish","4":"has-post-thumbnail","6":"product_cat-bols","7":"pa_motivo-danseurs","9":"first","10":"instock","11":"shipping-taxable","12":"product-type-simple"},"acf":[],"_links":{"self":[{"href":"https:\/\/olemosaic.com\/fr\/wp-json\/wp\/v2\/product\/36788","targetHints":{"allow":["GET"]}}],"collection":[{"href":"https:\/\/olemosaic.com\/fr\/wp-json\/wp\/v2\/product"}],"about":[{"href":"https:\/\/olemosaic.com\/fr\/wp-json\/wp\/v2\/types\/product"}],"wp:featuredmedia":[{"embeddable":true,"href":"https:\/\/olemosaic.com\/fr\/wp-json\/wp\/v2\/media\/11966"}],"wp:attachment":[{"href":"https:\/\/olemosaic.com\/fr\/wp-json\/wp\/v2\/media?parent=36788"}],"wp:term":[{"taxonomy":"product_brand","embeddable":true,"href":"https:\/\/olemosaic.com\/fr\/wp-json\/wp\/v2\/product_brand?post=36788"},{"taxonomy":"product_cat","embeddable":true,"href":"https:\/\/olemosaic.com\/fr\/wp-json\/wp\/v2\/product_cat?post=36788"},{"taxonomy":"product_tag","embeddable":true,"href":"https:\/\/olemosaic.com\/fr\/wp-json\/wp\/v2\/product_tag?post=36788"}],"curies":[{"name":"wp","href":"https:\/\/api.w.org\/{rel}","templated":true}]}}