{"id":36786,"date":"2025-02-20T23:29:58","date_gmt":"2025-02-20T22:29:58","guid":{"rendered":"http:\/\/olemosaic.com\/producto\/bol-de-coco-azul-delfin-barcelona-5\/"},"modified":"2025-07-25T19:02:15","modified_gmt":"2025-07-25T17:02:15","slug":"bol-noix-de-coco-bleu-dauphin-barcelone-5","status":"publish","type":"product","link":"https:\/\/olemosaic.com\/fr\/produit\/bol-noix-de-coco-bleu-dauphin-barcelone-5\/","title":{"rendered":"Bol en noix de coco bleu. Dauphin. Style m\u00e9diterran\u00e9en. Barcelone."},"content":{"rendered":"<p>Ce bol en noix de coco bleu, d\u00e9cor\u00e9 d&rsquo;un design charmant de deux dauphins, est un v\u00e9ritable hommage \u00e0 la vie marine de Barcelone. Avec un ton bleu vibrant sur le bord, l&rsquo;int\u00e9rieur du bol montre une illustration centrale exquise o\u00f9 deux dauphins \u00e9l\u00e9gants se dressent, symbolisant la joie et la connexion avec la mer M\u00e9diterran\u00e9e. Le fond, orn\u00e9 de petits d\u00e9tails en forme de c\u0153ur, apporte un effet visuel joyeux et accueillant, \u00e9voquant la chaleur des souvenirs estivaux sur la c\u00f4te catalane. Chaque d\u00e9tail brillant de cette pi\u00e8ce souligne sa singularit\u00e9, cr\u00e9ant un objet de d\u00e9coration parfait tant pour la maison que comme souvenir inoubliable de la cit\u00e9 comtale.<\/p>\n<p>Ce bol n&rsquo;est pas seulement fonctionnel, il sert \u00e9galement de souvenir repr\u00e9sentatif de la riche vie marine de Barcelone, o\u00f9 les dauphins sont un symbole de libert\u00e9 et de joie. L&rsquo;authenticit\u00e9 de ce produit en fait un choix id\u00e9al pour les touristes qui recherchent des pi\u00e8ces uniques capturant l&rsquo;essence de leur visite dans la ville. Chez Ol\u00e9 Mosaic, nous sommes grossistes en souvenirs de haute qualit\u00e9 et ce bol en noix de coco bleu est un excellent produit pour les boutiques de cadeaux touristiques souhaitant proposer quelque chose d&rsquo;authentique et de culturellement pertinent.<\/p>\n","protected":false},"excerpt":{"rendered":"<p>Bol en noix de coco dans un ton bleu vibrant, d\u00e9cor\u00e9 d&rsquo;un design charmant de deux dauphins au centre, symbolisant la vie marine de Barcelone. La pi\u00e8ce se distingue par son bord dans des tons bleus et son fond orn\u00e9 de c\u0153urs color\u00e9s, cr\u00e9ant un effet visuel joyeux et attrayant. Sa surface pr\u00e9sente des d\u00e9tails brillants, lui donnant une touche distinctive, id\u00e9ale pour la d\u00e9coration int\u00e9rieure ou comme souvenir de la ville.<\/p>\n","protected":false},"featured_media":10363,"template":"","meta":{"_acf_changed":false},"product_brand":[],"product_cat":[521],"product_tag":[530],"class_list":{"0":"post-36786","1":"product","2":"type-product","3":"status-publish","4":"has-post-thumbnail","6":"product_cat-bols","7":"product_tag-animaux","8":"pa_ciudad-barcelona","9":"pa_motivo-dauphins","10":"pa_pais-espana","12":"first","13":"instock","14":"shipping-taxable","15":"product-type-simple"},"acf":[],"_links":{"self":[{"href":"https:\/\/olemosaic.com\/fr\/wp-json\/wp\/v2\/product\/36786","targetHints":{"allow":["GET"]}}],"collection":[{"href":"https:\/\/olemosaic.com\/fr\/wp-json\/wp\/v2\/product"}],"about":[{"href":"https:\/\/olemosaic.com\/fr\/wp-json\/wp\/v2\/types\/product"}],"wp:featuredmedia":[{"embeddable":true,"href":"https:\/\/olemosaic.com\/fr\/wp-json\/wp\/v2\/media\/10363"}],"wp:attachment":[{"href":"https:\/\/olemosaic.com\/fr\/wp-json\/wp\/v2\/media?parent=36786"}],"wp:term":[{"taxonomy":"product_brand","embeddable":true,"href":"https:\/\/olemosaic.com\/fr\/wp-json\/wp\/v2\/product_brand?post=36786"},{"taxonomy":"product_cat","embeddable":true,"href":"https:\/\/olemosaic.com\/fr\/wp-json\/wp\/v2\/product_cat?post=36786"},{"taxonomy":"product_tag","embeddable":true,"href":"https:\/\/olemosaic.com\/fr\/wp-json\/wp\/v2\/product_tag?post=36786"}],"curies":[{"name":"wp","href":"https:\/\/api.w.org\/{rel}","templated":true}]}}