{"id":36785,"date":"2025-02-20T23:29:58","date_gmt":"2025-02-20T22:29:58","guid":{"rendered":"http:\/\/olemosaic.com\/producto\/bol-de-coco-azul-caballito-de-mar-5\/"},"modified":"2025-07-25T20:25:17","modified_gmt":"2025-07-25T18:25:17","slug":"bol-noix-de-coco-bleu-hippocampe-5","status":"publish","type":"product","link":"https:\/\/olemosaic.com\/fr\/produit\/bol-noix-de-coco-bleu-hippocampe-5\/","title":{"rendered":"Bol en noix de coco bleu. Hippocampe. Style m\u00e9diterran\u00e9en."},"content":{"rendered":"<p>Ce bol en noix de coco bleu, orn\u00e9 d&rsquo;un charmant hippocampe, est une pi\u00e8ce exceptionnelle qui captivera tout amateur de la mer. Son design tr\u00e8s sp\u00e9cial pr\u00e9sente un fond noir parsem\u00e9 de tons bleus \u00e9voquant la profondeur de l&rsquo;oc\u00e9an, tandis que l&rsquo;hippocampe, m\u00e9ticuleusement peint dans un bleu clair vibrant, se dresse au centre, ajoutant une touche de magie et de nature marine. Cet accessoire, \u00e9labor\u00e9 de mani\u00e8re artisanale, se distingue par ses formes organiques et sa finition brillante, qui rehausse les d\u00e9tails artistiques, en faisant un \u00e9l\u00e9ment d\u00e9coratif et fonctionnel pour n&rsquo;importe quel foyer.<\/p>\n<p>Ce bol refl\u00e8te \u00e9galement la riche culture maritime, particuli\u00e8rement dans les r\u00e9gions c\u00f4ti\u00e8res, o\u00f9 l&rsquo;hippocampe symbolise le myst\u00e8re et la beaut\u00e9. En tant que souvenir authentique, ce bol en noix de coco bleu ne sert pas seulement de rappel des merveilles de l&rsquo;oc\u00e9an, mais repr\u00e9sente \u00e9galement l&rsquo;artisanat et le soin apport\u00e9s \u00e0 la fabrication des produits locaux. Chez Ol\u00e9 Mosaic, o\u00f9 nous nous sp\u00e9cialisons dans la distribution de souvenirs en gros, nous proposons ce bol marin comme une option id\u00e9ale pour les boutiques de cadeaux touristiques qui recherchent des produits uniques c\u00e9l\u00e9brant la connexion avec la nature. C&rsquo;est une excellente id\u00e9e pour les touristes \u00e0 la recherche d&rsquo;un souvenir significatif et repr\u00e9sentatif de leur exp\u00e9rience au bord de la mer.<\/p>\n","protected":false},"excerpt":{"rendered":"<p>Bol en noix de coco bleu d\u00e9cor\u00e9 d&rsquo;un d\u00e9licat hippocampe, id\u00e9al pour compl\u00e9ter votre collection de souvenirs marins. Son design tr\u00e8s sp\u00e9cial pr\u00e9sente un fond noir parsem\u00e9 de tons bleus \u00e9voquant l&rsquo;oc\u00e9an, avec un charmant hippocampe au centre. Cette pi\u00e8ce, fabriqu\u00e9e \u00e0 la main, se distingue par ses formes organiques et sa finition brillante qui souligne les d\u00e9tails artistiques, faisant de ce bol un \u00e9l\u00e9ment d\u00e9coratif ou fonctionnel attrayant pour tout int\u00e9rieur.<\/p>\n","protected":false},"featured_media":10171,"template":"","meta":{"_acf_changed":false},"product_brand":[],"product_cat":[521],"product_tag":[530],"class_list":{"0":"post-36785","1":"product","2":"type-product","3":"status-publish","4":"has-post-thumbnail","6":"product_cat-bols","7":"product_tag-animaux","8":"pa_motivo-hippocampes","10":"first","11":"instock","12":"shipping-taxable","13":"product-type-simple"},"acf":[],"_links":{"self":[{"href":"https:\/\/olemosaic.com\/fr\/wp-json\/wp\/v2\/product\/36785","targetHints":{"allow":["GET"]}}],"collection":[{"href":"https:\/\/olemosaic.com\/fr\/wp-json\/wp\/v2\/product"}],"about":[{"href":"https:\/\/olemosaic.com\/fr\/wp-json\/wp\/v2\/types\/product"}],"wp:featuredmedia":[{"embeddable":true,"href":"https:\/\/olemosaic.com\/fr\/wp-json\/wp\/v2\/media\/10171"}],"wp:attachment":[{"href":"https:\/\/olemosaic.com\/fr\/wp-json\/wp\/v2\/media?parent=36785"}],"wp:term":[{"taxonomy":"product_brand","embeddable":true,"href":"https:\/\/olemosaic.com\/fr\/wp-json\/wp\/v2\/product_brand?post=36785"},{"taxonomy":"product_cat","embeddable":true,"href":"https:\/\/olemosaic.com\/fr\/wp-json\/wp\/v2\/product_cat?post=36785"},{"taxonomy":"product_tag","embeddable":true,"href":"https:\/\/olemosaic.com\/fr\/wp-json\/wp\/v2\/product_tag?post=36785"}],"curies":[{"name":"wp","href":"https:\/\/api.w.org\/{rel}","templated":true}]}}