{"id":36784,"date":"2025-02-20T23:29:58","date_gmt":"2025-02-20T22:29:58","guid":{"rendered":"http:\/\/olemosaic.com\/producto\/bol-de-coco-azul-caballito-de-mar-barcelona-5\/"},"modified":"2025-07-25T20:36:02","modified_gmt":"2025-07-25T18:36:02","slug":"bol-noix-de-coco-bleu-hippocampe-barcelone-5","status":"publish","type":"product","link":"https:\/\/olemosaic.com\/fr\/produit\/bol-noix-de-coco-bleu-hippocampe-barcelone-5\/","title":{"rendered":"Bol en noix de coco bleu. Hippocampe. Style m\u00e9diterran\u00e9en. Barcelone."},"content":{"rendered":"<p>Ce bol en noix de coco bleu, d\u00e9cor\u00e9 d&rsquo;un charmant hippocampe, est une pi\u00e8ce exquise qui capture l&rsquo;essence maritime de Barcelone. \u00c9labor\u00e9 selon des techniques artisanales, il pr\u00e9sente une couleur bleue vibrante qui \u00e9voque les eaux de la M\u00e9diterran\u00e9e, tandis que les d\u00e9tails en mosa\u00efque qui bordent son contour apportent une touche d&rsquo;\u00e9l\u00e9gance et de sophistication. Au centre, un hippocampe stylis\u00e9 s&rsquo;\u00e9rige en protagoniste, symbolisant la richesse de la faune marine de la r\u00e9gion. Ce design d\u00e9licat est compl\u00e9t\u00e9 par un motif de c\u0153urs qui encadre l&rsquo;illustration, cr\u00e9ant une connexion \u00e9motionnelle avec la culture m\u00e9diterran\u00e9enne.<\/p>\n<p>Le bol n&rsquo;est pas seulement un objet d\u00e9coratif, mais repr\u00e9sente \u00e9galement un souvenir authentique de Barcelone, id\u00e9al pour les touristes qui cherchent \u00e0 emporter un petit morceau de la cit\u00e9 comtale. Son design et ses couleurs en font une option parfaite pour ceux qui souhaitent se souvenir des plages vibrantes et du style de vie maritime de la capitale catalane. Chez Ol\u00e9 Mosaic, nous nous consacrons \u00e0 la distribution de souvenirs de qualit\u00e9 en gros, et ce bol en noix de coco est un excellent ajout \u00e0 toute boutique de cadeaux touristiques cherchant \u00e0 proposer des articles authentiques et repr\u00e9sentatifs du riche patrimoine culturel de l&rsquo;Espagne. Avec sa combinaison d&rsquo;art et de fonctionnalit\u00e9, ce bol devient un cadeau parfait et un souvenir qui ravira tout le monde.<\/p>\n","protected":false},"excerpt":{"rendered":"<p>Bol en noix de coco bleu d\u00e9cor\u00e9 d&rsquo;un charmant hippocampe, \u00e9voquant l&rsquo;essence maritime de Barcelone. Cet article pr\u00e9cieux, \u00e9labor\u00e9 de fa\u00e7on artisanale, se distingue par sa couleur bleue vibrante et les d\u00e9tails en mosa\u00efque qui ornent le bord, apportant une touche \u00e9l\u00e9gante. Le design central, pr\u00e9sentant un hippocampe stylis\u00e9, est compl\u00e9t\u00e9 par un motif de c\u0153urs, faisant de ce bol une pi\u00e8ce unique refl\u00e9tant la culture m\u00e9diterran\u00e9enne.<\/p>\n","protected":false},"featured_media":10251,"template":"","meta":{"_acf_changed":false},"product_brand":[],"product_cat":[521],"product_tag":[530],"class_list":{"0":"post-36784","1":"product","2":"type-product","3":"status-publish","4":"has-post-thumbnail","6":"product_cat-bols","7":"product_tag-animaux","8":"pa_ciudad-barcelona","9":"pa_motivo-hippocampes","10":"pa_pais-espana","12":"first","13":"instock","14":"shipping-taxable","15":"product-type-simple"},"acf":[],"_links":{"self":[{"href":"https:\/\/olemosaic.com\/fr\/wp-json\/wp\/v2\/product\/36784","targetHints":{"allow":["GET"]}}],"collection":[{"href":"https:\/\/olemosaic.com\/fr\/wp-json\/wp\/v2\/product"}],"about":[{"href":"https:\/\/olemosaic.com\/fr\/wp-json\/wp\/v2\/types\/product"}],"wp:featuredmedia":[{"embeddable":true,"href":"https:\/\/olemosaic.com\/fr\/wp-json\/wp\/v2\/media\/10251"}],"wp:attachment":[{"href":"https:\/\/olemosaic.com\/fr\/wp-json\/wp\/v2\/media?parent=36784"}],"wp:term":[{"taxonomy":"product_brand","embeddable":true,"href":"https:\/\/olemosaic.com\/fr\/wp-json\/wp\/v2\/product_brand?post=36784"},{"taxonomy":"product_cat","embeddable":true,"href":"https:\/\/olemosaic.com\/fr\/wp-json\/wp\/v2\/product_cat?post=36784"},{"taxonomy":"product_tag","embeddable":true,"href":"https:\/\/olemosaic.com\/fr\/wp-json\/wp\/v2\/product_tag?post=36784"}],"curies":[{"name":"wp","href":"https:\/\/api.w.org\/{rel}","templated":true}]}}