{"id":36783,"date":"2025-02-20T23:29:57","date_gmt":"2025-02-20T22:29:57","guid":{"rendered":"http:\/\/olemosaic.com\/producto\/bol-de-coco-azul-concha-camino-de-santiago-2\/"},"modified":"2025-07-25T18:35:11","modified_gmt":"2025-07-25T16:35:11","slug":"bol-noix-de-coco-bleu-coquille-chemin-compostelle-2","status":"publish","type":"product","link":"https:\/\/olemosaic.com\/fr\/produit\/bol-noix-de-coco-bleu-coquille-chemin-compostelle-2\/","title":{"rendered":"Bol en noix de coco bleu. Coquille. Chemin de Compostelle. Espagne."},"content":{"rendered":"<p>Ce bol en noix de coco bleu, d\u00e9cor\u00e9 de motifs du Chemin de Compostelle, est une pi\u00e8ce artisanale qui capture l&rsquo;essence de cet embl\u00e9matique itin\u00e9raire de p\u00e8lerinage. Fabriqu\u00e9 \u00e0 partir d&rsquo;une coque de noix de coco, son design est \u00e0 la fois \u00e9cologique et esth\u00e9tiquement attrayant. L&rsquo;int\u00e9rieur pr\u00e9sente une magnifique finition c\u00e9ramique peinte \u00e0 la main dans des tons bleus, \u00e9voquant la s\u00e9r\u00e9nit\u00e9 des eaux calmes que beaucoup ont trouv\u00e9es tout au long du chemin. La partie centrale du bol est orn\u00e9e d&rsquo;une symbologie li\u00e9e au Chemin, grav\u00e9e dans le m\u00e9tal, ce qui lui conf\u00e8re une touche distinctive et authentique, faisant de ce bol un souvenir exceptionnel.<\/p>\n<p>Le bol est id\u00e9al non seulement comme \u00e9l\u00e9ment d\u00e9coratif, mais aussi comme r\u00e9cipient pratique pour ranger de petits objets ou m\u00eame comme point focal dans votre maison. Sa connexion culturelle avec le Chemin de Compostelle en fait un souvenir repr\u00e9sentatif parfait pour ceux qui ont parcouru l&rsquo;un des itin\u00e9raires du c\u00e9l\u00e8bre p\u00e8lerinage, ou pour ceux qui recherchent un morceau du riche patrimoine espagnol.<\/p>\n<p>Chez Ol\u00e9 Mosaic, nous savons que les souvenirs ont une valeur significative et ce bol en noix de coco bleu offre une pi\u00e8ce authentique et culturelle qui ravira les touristes et les boutiques de cadeaux touristiques. En tant que distributeurs de souvenirs et d&rsquo;articles en gros, nous proposons des produits que c\u00e9l\u00e8brent la tradition et le folklore de notre terre.<\/p>\n","protected":false},"excerpt":{"rendered":"<p>Bol en noix de coco bleu d\u00e9cor\u00e9 de motifs du Chemin de Compostelle, parfait pour se souvenir de cet itin\u00e9raire embl\u00e9matique. Ce produit artisanal est fabriqu\u00e9 \u00e0 partir d&rsquo;une coque de noix de coco et pr\u00e9sente, \u00e0 l&rsquo;int\u00e9rieur, un design en c\u00e9ramique artisanal, peint \u00e0 la main, dans des tons bleus \u00e9voquant des eaux calmes. Au centre, une symbologie li\u00e9e au chemin, grav\u00e9e dans le m\u00e9tal, apporte une touche distinctive. Id\u00e9al comme souvenir ou pour un usage d\u00e9coratif, il \u00e9voque l&rsquo;essence du p\u00e8lerinage.<\/p>\n","protected":false},"featured_media":11941,"template":"","meta":{"_acf_changed":false},"product_brand":[],"product_cat":[521],"product_tag":[],"class_list":{"0":"post-36783","1":"product","2":"type-product","3":"status-publish","4":"has-post-thumbnail","6":"product_cat-bols","7":"pa_ciudad-santiago-de-compostela","8":"pa_motivo-coquillages","9":"pa_pais-espana","11":"first","12":"instock","13":"shipping-taxable","14":"product-type-simple"},"acf":[],"_links":{"self":[{"href":"https:\/\/olemosaic.com\/fr\/wp-json\/wp\/v2\/product\/36783","targetHints":{"allow":["GET"]}}],"collection":[{"href":"https:\/\/olemosaic.com\/fr\/wp-json\/wp\/v2\/product"}],"about":[{"href":"https:\/\/olemosaic.com\/fr\/wp-json\/wp\/v2\/types\/product"}],"wp:featuredmedia":[{"embeddable":true,"href":"https:\/\/olemosaic.com\/fr\/wp-json\/wp\/v2\/media\/11941"}],"wp:attachment":[{"href":"https:\/\/olemosaic.com\/fr\/wp-json\/wp\/v2\/media?parent=36783"}],"wp:term":[{"taxonomy":"product_brand","embeddable":true,"href":"https:\/\/olemosaic.com\/fr\/wp-json\/wp\/v2\/product_brand?post=36783"},{"taxonomy":"product_cat","embeddable":true,"href":"https:\/\/olemosaic.com\/fr\/wp-json\/wp\/v2\/product_cat?post=36783"},{"taxonomy":"product_tag","embeddable":true,"href":"https:\/\/olemosaic.com\/fr\/wp-json\/wp\/v2\/product_tag?post=36783"}],"curies":[{"name":"wp","href":"https:\/\/api.w.org\/{rel}","templated":true}]}}