{"id":36782,"date":"2025-02-20T23:29:57","date_gmt":"2025-02-20T22:29:57","guid":{"rendered":"http:\/\/olemosaic.com\/producto\/bol-de-coco-azul-tortuga-barcelona-3\/"},"modified":"2025-07-25T18:59:28","modified_gmt":"2025-07-25T16:59:28","slug":"bol-en-noix-de-coco-bleu-tortue-barcelone-3","status":"publish","type":"product","link":"https:\/\/olemosaic.com\/fr\/produit\/bol-en-noix-de-coco-bleu-tortue-barcelone-3\/","title":{"rendered":"Bol en noix de coco bleu. Tortue. Style m\u00e9diterran\u00e9en. Barcelone."},"content":{"rendered":"<p>Ce bol en noix de coco bleu, avec un charmant motif de tortue, \u00e9voque l&rsquo;essence de Barcelone. \u00c9labor\u00e9 avec un soin artisanal qui souligne sa qualit\u00e9, le bol combine un m\u00e9lange de nuances bleues et dor\u00e9es qui cr\u00e9ent un effet visuel sophistiqu\u00e9 et attrayant. Au centre, une \u00e9l\u00e9gante tortue enrichit l&rsquo;esth\u00e9tique du bol et symbolise la connexion avec la mer M\u00e9diterran\u00e9e qui caract\u00e9rise la ville. Juste en dessous de la tortue, le nom \u00ab\u00a0Barcelona\u00a0\u00bb appara\u00eet en lettres stylis\u00e9es, ajoutant une touche distinctive qui r\u00e9affirme l&rsquo;identit\u00e9 locale.<\/p>\n<p>Ce bol n&rsquo;est pas seulement un objet d\u00e9coratif, mais il est \u00e9galement id\u00e9al pour servir des ap\u00e9ritifs, offrant fonctionnalit\u00e9 et style \u00e0 n&rsquo;importe quelle r\u00e9union. Son design unique est parfait pour ceux qui cherchent \u00e0 donner une touche m\u00e9diterran\u00e9enne \u00e0 leur maison, tout en \u00e9tant un excellent souvenir pour se rappeler une visite \u00e0 Barcelone. Les touristes souhaitant emporter un morceau de la culture catalane appr\u00e9cieront son authenticit\u00e9 en tant que souvenir repr\u00e9sentatif de la ville.<\/p>\n<p>Chez Ol\u00e9 Mosaic, nous sommes sp\u00e9cialis\u00e9s dans la distribution de souvenirs en gros, et ce bol en noix de coco bleu est une option exceptionnelle pour les boutiques de cadeaux touristiques \u00e0 la recherche de produits authentiques et de haute qualit\u00e9. Avec nos bols en noix de coco, vous n&rsquo;offrez pas seulement un article d\u00e9coratif, mais aussi une pi\u00e8ce qui raconte la riche tradition culturelle de Barcelone.<\/p>\n","protected":false},"excerpt":{"rendered":"<p>Bol en noix de coco bleu avec un motif de tortue inspir\u00e9 de Barcelone. Ce bol \u00e9l\u00e9gant, \u00e9labor\u00e9 avec un soin artisanal, pr\u00e9sente un m\u00e9lange de tons bleus et dor\u00e9s qui cr\u00e9e un effet visuel attrayant. Au centre, une tortue se distingue, compl\u00e9t\u00e9e par le nom \u00ab\u00a0Barcelona\u00a0\u00bb en lettres stylis\u00e9es. Parfait comme pi\u00e8ce d\u00e9corative ou pour servir des ap\u00e9ritifs, son design unique ajoute une touche m\u00e9diterran\u00e9enne \u00e0 n&rsquo;importe quel espace.<\/p>\n","protected":false},"featured_media":10163,"template":"","meta":{"_acf_changed":false},"product_brand":[],"product_cat":[521],"product_tag":[530],"class_list":{"0":"post-36782","1":"product","2":"type-product","3":"status-publish","4":"has-post-thumbnail","6":"product_cat-bols","7":"product_tag-animaux","8":"pa_ciudad-barcelona","9":"pa_motivo-tortues","10":"pa_pais-espana","12":"first","13":"instock","14":"shipping-taxable","15":"product-type-simple"},"acf":[],"_links":{"self":[{"href":"https:\/\/olemosaic.com\/fr\/wp-json\/wp\/v2\/product\/36782","targetHints":{"allow":["GET"]}}],"collection":[{"href":"https:\/\/olemosaic.com\/fr\/wp-json\/wp\/v2\/product"}],"about":[{"href":"https:\/\/olemosaic.com\/fr\/wp-json\/wp\/v2\/types\/product"}],"wp:featuredmedia":[{"embeddable":true,"href":"https:\/\/olemosaic.com\/fr\/wp-json\/wp\/v2\/media\/10163"}],"wp:attachment":[{"href":"https:\/\/olemosaic.com\/fr\/wp-json\/wp\/v2\/media?parent=36782"}],"wp:term":[{"taxonomy":"product_brand","embeddable":true,"href":"https:\/\/olemosaic.com\/fr\/wp-json\/wp\/v2\/product_brand?post=36782"},{"taxonomy":"product_cat","embeddable":true,"href":"https:\/\/olemosaic.com\/fr\/wp-json\/wp\/v2\/product_cat?post=36782"},{"taxonomy":"product_tag","embeddable":true,"href":"https:\/\/olemosaic.com\/fr\/wp-json\/wp\/v2\/product_tag?post=36782"}],"curies":[{"name":"wp","href":"https:\/\/api.w.org\/{rel}","templated":true}]}}