{"id":36781,"date":"2025-02-20T23:29:53","date_gmt":"2025-02-20T22:29:53","guid":{"rendered":"http:\/\/olemosaic.com\/producto\/bol-de-coco-azul-isla-mallorca-2\/"},"modified":"2025-07-25T20:35:40","modified_gmt":"2025-07-25T18:35:40","slug":"bol-en-noix-de-coco-bleu-ile-majorque-2","status":"publish","type":"product","link":"https:\/\/olemosaic.com\/fr\/produit\/bol-en-noix-de-coco-bleu-ile-majorque-2\/","title":{"rendered":"Bol en noix de coco bleu. \u00cele. Majorque."},"content":{"rendered":"<p>Ce bol en noix de coco bleu est une repr\u00e9sentation exquise de la beaut\u00e9 m\u00e9diterran\u00e9enne, inspir\u00e9 par l&rsquo;\u00eele idyllique de Majorque. Avec son design tr\u00e8s sp\u00e9cial, cette pi\u00e8ce pr\u00e9sente une base de couleur bleu clair, d\u00e9cor\u00e9e de cercles aux tons plus intenses qui \u00e9voquent les eaux cristallines baignant les c\u00f4tes majorquines. Au centre, un motif sp\u00e9cial dans un ton cuivr\u00e9 doux souligne la forme de l&rsquo;\u00eele, fusionnant l&rsquo;artisanat traditionnel avec un style contemporain. Chaque bol est cr\u00e9\u00e9 \u00e0 la main, ce qui garantit que chaque pi\u00e8ce est unique, ajoutant une touche d&rsquo;authenticit\u00e9 et de qualit\u00e9.<\/p>\n<p>Ce bol n&rsquo;est pas seulement un objet d\u00e9coratif ; il est \u00e9galement fonctionnel et polyvalent, parfait pour servir des ap\u00e9ritifs, des salades ou simplement comme \u00e9l\u00e9ment d\u00e9coratif dans la maison. Son design vibrant et color\u00e9 transmet l&rsquo;air festif et accueillant de Majorque, devenant un souvenir id\u00e9al pour ceux qui visitent l&rsquo;\u00eele ou recherchent un cadeau repr\u00e9sentatif. Chez Ol\u00e9 Mosaic, nous comprenons l&rsquo;importance d&rsquo;offrir des produits qui racontent une histoire, et ce bol en noix de coco bleu est parfait pour capturer l&rsquo;essence de Majorque et de sa culture. En tant que distributeurs de souvenirs en gros, nous garantissons la qualit\u00e9 et l&rsquo;authenticit\u00e9 de chaque pi\u00e8ce, faisant de ce bol une excellente option pour les boutiques de cadeaux touristiques \u00e0 la recherche d&rsquo;articles uniques et significatifs.<\/p>\n","protected":false},"excerpt":{"rendered":"<p>Bol en noix de coco bleu, inspir\u00e9 par la beaut\u00e9 de l&rsquo;\u00eele de Majorque. Ce bol \u00e9l\u00e9gant pr\u00e9sente un design unique avec une base bleu clair et des cercles aux tons plus intenses, \u00e9voquant les eaux cristallines de la M\u00e9diterran\u00e9e. D\u00e9cor\u00e9 d&rsquo;un motif distinctif de l&rsquo;\u00eele de Majorque dans un ton cuivr\u00e9 doux, chaque bol est une pi\u00e8ce artisanale qui apporte une touche m\u00e9diterran\u00e9enne \u00e0 n&rsquo;importe quelle table ou coin de la maison. Id\u00e9al comme souvenir ou pour un usage quotidien.<\/p>\n","protected":false},"featured_media":11877,"template":"","meta":{"_acf_changed":false},"product_brand":[],"product_cat":[521],"product_tag":[],"class_list":{"0":"post-36781","1":"product","2":"type-product","3":"status-publish","4":"has-post-thumbnail","6":"product_cat-bols","7":"pa_ciudad-mallorca","8":"pa_motivo-iles","9":"pa_pais-espana","11":"first","12":"instock","13":"shipping-taxable","14":"product-type-simple"},"acf":[],"_links":{"self":[{"href":"https:\/\/olemosaic.com\/fr\/wp-json\/wp\/v2\/product\/36781","targetHints":{"allow":["GET"]}}],"collection":[{"href":"https:\/\/olemosaic.com\/fr\/wp-json\/wp\/v2\/product"}],"about":[{"href":"https:\/\/olemosaic.com\/fr\/wp-json\/wp\/v2\/types\/product"}],"wp:featuredmedia":[{"embeddable":true,"href":"https:\/\/olemosaic.com\/fr\/wp-json\/wp\/v2\/media\/11877"}],"wp:attachment":[{"href":"https:\/\/olemosaic.com\/fr\/wp-json\/wp\/v2\/media?parent=36781"}],"wp:term":[{"taxonomy":"product_brand","embeddable":true,"href":"https:\/\/olemosaic.com\/fr\/wp-json\/wp\/v2\/product_brand?post=36781"},{"taxonomy":"product_cat","embeddable":true,"href":"https:\/\/olemosaic.com\/fr\/wp-json\/wp\/v2\/product_cat?post=36781"},{"taxonomy":"product_tag","embeddable":true,"href":"https:\/\/olemosaic.com\/fr\/wp-json\/wp\/v2\/product_tag?post=36781"}],"curies":[{"name":"wp","href":"https:\/\/api.w.org\/{rel}","templated":true}]}}