{"id":36778,"date":"2025-02-20T23:29:53","date_gmt":"2025-02-20T22:29:53","guid":{"rendered":"http:\/\/olemosaic.com\/producto\/bol-de-coco-azul-caballito-de-mar-gran-canaria-2\/"},"modified":"2025-07-25T19:49:32","modified_gmt":"2025-07-25T17:49:32","slug":"bol-en-noix-de-coco-bleu-hippocampe-grande-canarie-2","status":"publish","type":"product","link":"https:\/\/olemosaic.com\/fr\/produit\/bol-en-noix-de-coco-bleu-hippocampe-grande-canarie-2\/","title":{"rendered":"Bol en noix de coco bleu. Hippocampe. Grande Canarie. Fond marin."},"content":{"rendered":"<p>Ce bol en noix de coco bleu est une pi\u00e8ce d\u00e9corative exquise qui capture l&rsquo;essence et la beaut\u00e9 de la Grande Canarie. Fabriqu\u00e9 principalement \u00e0 partir de noix de coco, son design peint \u00e0 la main se distingue par des tons bleus et dor\u00e9s, cr\u00e9ant un attrait visuel qui \u00e9voque la clart\u00e9 de ses eaux cristallines. Au centre du bol, un \u00e9l\u00e9gant hippocampe dans les tons violets \u00e9merge avec gr\u00e2ce, symbolisant la riche vie marine de la r\u00e9gion. La surface du bol est orn\u00e9e d&rsquo;une d\u00e9coration textur\u00e9e aux formes irr\u00e9guli\u00e8res qui apporte une touche organique et artistique, refl\u00e9tant la biodiversit\u00e9 de l&rsquo;\u00eele.<\/p>\n<p>Ce bol ne repr\u00e9sente pas seulement un souvenir authentique de la Grande Canarie, mais offre \u00e9galement une connexion culturelle profonde, car les hippocampes sont embl\u00e9matiques de l&rsquo;environnement marin des Canaries et de la culture locale. En tant que souvenir repr\u00e9sentatif de l&rsquo;\u00eele, ce bol est id\u00e9al pour ceux qui cherchent \u00e0 ramener chez eux un morceau de la beaut\u00e9 naturelle et culturelle de la Grande Canarie.<\/p>\n<p>Chez Ol\u00e9 Mosaic, nous sommes sp\u00e9cialis\u00e9s dans la distribution de souvenirs en gros, et ce bol en noix de coco bleu est une excellente option pour les boutiques de cadeaux touristiques souhaitant offrir des articles artisanaux et authentiques \u00e0 leurs clients. Avec son design unique et sa pertinence culturelle, ce bol est une pi\u00e8ce id\u00e9ale pour les collectionneurs et les touristes \u00e0 la recherche de souvenirs de la Grande Canarie qui racontent une histoire.<\/p>\n","protected":false},"excerpt":{"rendered":"<p>Bol en noix de coco bleu avec un d\u00e9licat motif d&rsquo;hippocampe, \u00e9voquant l&rsquo;essence de la Grande Canarie. Ce produit, fabriqu\u00e9 principalement \u00e0 partir de noix de coco, se distingue par sa finition artisanale, peinte \u00e0 la main, dans des tons bleus et dor\u00e9s, cr\u00e9ant un effet visuel attrayant. Au centre, l&rsquo;hippocampe, dans les tons violets, est entour\u00e9 d&rsquo;une d\u00e9coration textur\u00e9e aux formes irr\u00e9guli\u00e8res. Une pi\u00e8ce \u00e9l\u00e9gante, id\u00e9ale pour d\u00e9corer n&rsquo;importe quel espace ou collectionner des souvenirs de cette belle r\u00e9gion.<\/p>\n","protected":false},"featured_media":10135,"template":"","meta":{"_acf_changed":false},"product_brand":[],"product_cat":[521],"product_tag":[530],"class_list":{"0":"post-36778","1":"product","2":"type-product","3":"status-publish","4":"has-post-thumbnail","6":"product_cat-bols","7":"product_tag-animaux","8":"pa_ciudad-gran-canaria","9":"pa_motivo-hippocampes","10":"pa_pais-espana","12":"first","13":"instock","14":"shipping-taxable","15":"product-type-simple"},"acf":[],"_links":{"self":[{"href":"https:\/\/olemosaic.com\/fr\/wp-json\/wp\/v2\/product\/36778","targetHints":{"allow":["GET"]}}],"collection":[{"href":"https:\/\/olemosaic.com\/fr\/wp-json\/wp\/v2\/product"}],"about":[{"href":"https:\/\/olemosaic.com\/fr\/wp-json\/wp\/v2\/types\/product"}],"wp:featuredmedia":[{"embeddable":true,"href":"https:\/\/olemosaic.com\/fr\/wp-json\/wp\/v2\/media\/10135"}],"wp:attachment":[{"href":"https:\/\/olemosaic.com\/fr\/wp-json\/wp\/v2\/media?parent=36778"}],"wp:term":[{"taxonomy":"product_brand","embeddable":true,"href":"https:\/\/olemosaic.com\/fr\/wp-json\/wp\/v2\/product_brand?post=36778"},{"taxonomy":"product_cat","embeddable":true,"href":"https:\/\/olemosaic.com\/fr\/wp-json\/wp\/v2\/product_cat?post=36778"},{"taxonomy":"product_tag","embeddable":true,"href":"https:\/\/olemosaic.com\/fr\/wp-json\/wp\/v2\/product_tag?post=36778"}],"curies":[{"name":"wp","href":"https:\/\/api.w.org\/{rel}","templated":true}]}}