{"id":36756,"date":"2025-02-20T23:29:45","date_gmt":"2025-02-20T22:29:45","guid":{"rendered":"http:\/\/olemosaic.com\/producto\/bol-de-coco-azul-tortuga-mallorca\/"},"modified":"2025-07-25T19:52:39","modified_gmt":"2025-07-25T17:52:39","slug":"bol-coco-bleu-tortue-majorque","status":"publish","type":"product","link":"https:\/\/olemosaic.com\/fr\/produit\/bol-coco-bleu-tortue-majorque\/","title":{"rendered":"Bol en coco bleu. Tortue. Majorque."},"content":{"rendered":"<p>Ce bol en coco bleu, d\u00e9cor\u00e9 d&rsquo;un motif de tortue, est un v\u00e9ritable bijou artisanal qui capture l&rsquo;essence de la M\u00e9diterran\u00e9e et la beaut\u00e9 de Majorque. Fabriqu\u00e9 \u00e0 partir de coques de noix de coco, ce bol pr\u00e9sente une finition peinte \u00e0 la main dans des tons bleus vibrants qui \u00e9voquent les eaux cristallines baignant l&rsquo;\u00eele. Au centre, une charmante tortue se distingue, symbole de la vie marine et de la richesse \u00e9cologique de la r\u00e9gion, accompagn\u00e9e du mot \u00ab\u00a0MAJORQUE\u00a0\u00bb, qui ravivera sans aucun doute les souvenirs de chaque visiteur.<\/p>\n<p>Les d\u00e9tails noirs encadrent subtilement la tortue et apportent de l&rsquo;\u00e9l\u00e9gance au design, tandis que les motifs marins ornant le bord du bol ajoutent une touche de fra\u00eecheur et de connexion avec l&rsquo;environnement naturel de l&rsquo;\u00eele. Ce bol n&rsquo;est pas seulement id\u00e9al pour ranger de petits objets ou comme pi\u00e8ce d\u00e9corative, il sert \u00e9galement de souvenir tangible de la visite \u00e0 Majorque, \u00e9voquant les merveilles de son paysage.<\/p>\n<p>Chez Ol\u00e9 Mosaic, nous sommes fiers de proposer des souvenirs de qualit\u00e9 qui repr\u00e9sentent l&rsquo;authenticit\u00e9 et la culture locale. Ce bol en coco bleu est une excellente option pour les boutiques de cadeaux touristiques \u00e0 la recherche de produits authentiques et repr\u00e9sentatifs. En tant que distributeurs de bols artisanaux en gros, nous garantissons que chaque pi\u00e8ce est impr\u00e9gn\u00e9e de la tradition majorquine, faisant de ce bol le cadeau parfait pour les touristes souhaitant ramener un morceau de Majorque chez eux.<\/p>\n","protected":false},"excerpt":{"rendered":"<p>Bol en coco bleu d\u00e9cor\u00e9 d&rsquo;un motif de tortue, repr\u00e9sentatif de Majorque. Ce bol attrayant est fait de coco et pr\u00e9sente une finition de design artisanal, peinte \u00e0 la main, avec des tons bleus et des d\u00e9tails noirs, encadrant une charmante tortue et le mot \u00ab\u00a0MAJORQUE\u00a0\u00bb. Son design vibrant et l&rsquo;utilisation de motifs marins \u00e9voquent la beaut\u00e9 de l&rsquo;environnement m\u00e9diterran\u00e9en, en faisant une pi\u00e8ce id\u00e9ale pour se souvenir des merveilles de l&rsquo;\u00eele.<\/p>\n","protected":false},"featured_media":10267,"template":"","meta":{"_acf_changed":false},"product_brand":[],"product_cat":[521],"product_tag":[530],"class_list":{"0":"post-36756","1":"product","2":"type-product","3":"status-publish","4":"has-post-thumbnail","6":"product_cat-bols","7":"product_tag-animaux","8":"pa_ciudad-mallorca","9":"pa_motivo-tortues","10":"pa_pais-espana","12":"first","13":"instock","14":"shipping-taxable","15":"product-type-simple"},"acf":[],"_links":{"self":[{"href":"https:\/\/olemosaic.com\/fr\/wp-json\/wp\/v2\/product\/36756","targetHints":{"allow":["GET"]}}],"collection":[{"href":"https:\/\/olemosaic.com\/fr\/wp-json\/wp\/v2\/product"}],"about":[{"href":"https:\/\/olemosaic.com\/fr\/wp-json\/wp\/v2\/types\/product"}],"wp:featuredmedia":[{"embeddable":true,"href":"https:\/\/olemosaic.com\/fr\/wp-json\/wp\/v2\/media\/10267"}],"wp:attachment":[{"href":"https:\/\/olemosaic.com\/fr\/wp-json\/wp\/v2\/media?parent=36756"}],"wp:term":[{"taxonomy":"product_brand","embeddable":true,"href":"https:\/\/olemosaic.com\/fr\/wp-json\/wp\/v2\/product_brand?post=36756"},{"taxonomy":"product_cat","embeddable":true,"href":"https:\/\/olemosaic.com\/fr\/wp-json\/wp\/v2\/product_cat?post=36756"},{"taxonomy":"product_tag","embeddable":true,"href":"https:\/\/olemosaic.com\/fr\/wp-json\/wp\/v2\/product_tag?post=36756"}],"curies":[{"name":"wp","href":"https:\/\/api.w.org\/{rel}","templated":true}]}}