{"id":36755,"date":"2025-02-20T22:29:45","date_gmt":"2025-02-20T22:29:45","guid":{"rendered":"http:\/\/olemosaic.com\/producto\/bol-de-coco-azul-camello-lanzarote\/"},"modified":"2025-07-25T18:42:53","modified_gmt":"2025-07-25T16:42:53","slug":"bol-coco-bleu-chameau-lanzarote","status":"publish","type":"product","link":"https:\/\/olemosaic.com\/fr\/produit\/bol-coco-bleu-chameau-lanzarote\/","title":{"rendered":"Bol en coco bleu. Chameau. Lanzarote."},"content":{"rendered":"<p>Ce bol en coco bleu, d\u00e9cor\u00e9 d&rsquo;un motif de chameau, est une pi\u00e8ce authentique repr\u00e9sentative de Lanzarote, fusionnant tradition et charme en un seul objet. Fabriqu\u00e9 selon une technique artisanale, ce bol se distingue par sa couleur bleue vibrante, qui \u00e9voque les eaux cristallines entourant l&rsquo;\u00eele, cr\u00e9ant un lien visuel imm\u00e9diat avec la beaut\u00e9 du paysage canarien. Sa surface est orn\u00e9e d&rsquo;un \u00e9l\u00e9gant motif de cercles bleus sur un fond clair, offrant un contraste attrayant et dynamique, tandis que le chameau, symbole de la culture insulaire, appara\u00eet comme un signe distinctif singulier dans le design.<\/p>\n<p>Ce bol n&rsquo;est pas seulement un objet d\u00e9coratif, mais aussi un \u00e9l\u00e9ment utile pour la maison, id\u00e9al pour servir des ap\u00e9ritifs, comme centre de table ou pour compl\u00e9ter la d\u00e9coration de n&rsquo;importe quel coin. L&rsquo;artisanat traditionnel utilis\u00e9 pour sa cr\u00e9ation garantit que chaque bol est unique, refl\u00e9tant l&rsquo;authenticit\u00e9 et le patrimoine culturel de Lanzarote. Ce souvenir est parfait pour les touristes cherchant \u00e0 emporter un petit morceau des \u00eeles Canaries, \u00e9tant, de plus, un cadeau charmant et significatif.<\/p>\n<p>Chez Ol\u00e9 Mosaic, nous sommes sp\u00e9cialis\u00e9s dans la distribution de souvenirs en gros, proposant des produits qui se distinguent par leur qualit\u00e9 et leur pertinence culturelle. Ce bol en coco est une excellente option pour les boutiques de cadeaux touristiques souhaitant offrir des articles authentiques et repr\u00e9sentatifs de Lanzarote. En tant que grossistes de souvenirs canariens, nous garantissons que chaque pi\u00e8ce raconte une histoire, transformant chaque souvenir en un rappel inoubliable.<\/p>\n","protected":false},"excerpt":{"rendered":"<p>Bol en coco bleu d\u00e9cor\u00e9 d&rsquo;un motif de chameau, repr\u00e9sentatif de Lanzarote. Ce bol original est \u00e9labor\u00e9 avec des techniques d&rsquo;artisanat traditionnel, mettant en valeur sa couleur bleue vibrante qui \u00e9voque les eaux de l&rsquo;oc\u00e9an. Sa surface pr\u00e9sente un \u00e9l\u00e9gant motif de cercles bleus sur un fond clair, faisant ressortir le motif du chameau, symbole culturel de l&rsquo;\u00eele. Id\u00e9al pour ajouter une touche d\u00e9corative ou comme \u00e9l\u00e9ment utile pour la maison.<\/p>\n","protected":false},"featured_media":12000,"template":"","meta":{"_acf_changed":false},"product_brand":[],"product_cat":[521],"product_tag":[530],"class_list":{"0":"post-36755","1":"product","2":"type-product","3":"status-publish","4":"has-post-thumbnail","6":"product_cat-bols","7":"product_tag-animaux","8":"pa_ciudad-lanzarote","9":"pa_motivo-chameaux","10":"pa_pais-espana","12":"first","13":"instock","14":"shipping-taxable","15":"product-type-simple"},"acf":[],"_links":{"self":[{"href":"https:\/\/olemosaic.com\/fr\/wp-json\/wp\/v2\/product\/36755","targetHints":{"allow":["GET"]}}],"collection":[{"href":"https:\/\/olemosaic.com\/fr\/wp-json\/wp\/v2\/product"}],"about":[{"href":"https:\/\/olemosaic.com\/fr\/wp-json\/wp\/v2\/types\/product"}],"wp:featuredmedia":[{"embeddable":true,"href":"https:\/\/olemosaic.com\/fr\/wp-json\/wp\/v2\/media\/12000"}],"wp:attachment":[{"href":"https:\/\/olemosaic.com\/fr\/wp-json\/wp\/v2\/media?parent=36755"}],"wp:term":[{"taxonomy":"product_brand","embeddable":true,"href":"https:\/\/olemosaic.com\/fr\/wp-json\/wp\/v2\/product_brand?post=36755"},{"taxonomy":"product_cat","embeddable":true,"href":"https:\/\/olemosaic.com\/fr\/wp-json\/wp\/v2\/product_cat?post=36755"},{"taxonomy":"product_tag","embeddable":true,"href":"https:\/\/olemosaic.com\/fr\/wp-json\/wp\/v2\/product_tag?post=36755"}],"curies":[{"name":"wp","href":"https:\/\/api.w.org\/{rel}","templated":true}]}}