{"id":36754,"date":"2025-02-20T23:29:45","date_gmt":"2025-02-20T22:29:45","guid":{"rendered":"http:\/\/olemosaic.com\/producto\/bol-de-coco-azul-delfin-barcelona-2\/"},"modified":"2025-07-25T20:02:58","modified_gmt":"2025-07-25T18:02:58","slug":"bol-coco-bleu-dauphin-barcelone-2","status":"publish","type":"product","link":"https:\/\/olemosaic.com\/fr\/produit\/bol-coco-bleu-dauphin-barcelone-2\/","title":{"rendered":"Bol en coco bleu. Dauphin. Style m\u00e9diterran\u00e9en. Barcelone. Espagne."},"content":{"rendered":"<p>Ce bol en coco bleu d\u00e9cor\u00e9 d&rsquo;un dauphin est une pi\u00e8ce unique qui capture l&rsquo;essence vibrante de Barcelone. Fabriqu\u00e9 \u00e0 partir de la coque de noix de coco, le bol pr\u00e9sente un fond bleu captivant qui \u00e9voque la mer M\u00e9diterran\u00e9e, o\u00f9 les dauphins jouent parmi les vagues, symbolisant l&rsquo;esprit c\u00f4tier de la ville. Au centre, un dauphin blanc, d\u00e9licatement sculpt\u00e9, se d\u00e9tache sur le bleu intense, tandis que le mot \u00ab\u00a0Barcelone\u00a0\u00bb est imprim\u00e9 avec une typographie \u00e9l\u00e9gante qui accentue son attrait. Ce design tr\u00e8s sp\u00e9cial en fait non seulement une pi\u00e8ce d\u00e9corative, mais aussi un souvenir culturel qui souligne le lien de Barcelone avec la mer et sa riche biodiversit\u00e9.<\/p>\n<p>Id\u00e9al pour une utilisation lors de petites c\u00e9r\u00e9monies ou simplement comme objet d\u00e9coratif dans la maison, ce bol en coco est plus qu&rsquo;un souvenir : c&rsquo;est une repr\u00e9sentation authentique de l&rsquo;h\u00e9ritage artisanal catalan. Chez Ol\u00e9 Mosaic, nous comprenons l&rsquo;importance d&rsquo;offrir des produits qui refl\u00e8tent la culture locale, et ce bol se positionne parfaitement comme un souvenir de Barcelone qui enchantera tout touriste. En choisissant notre bol en coco, les acheteurs n&rsquo;acqui\u00e8rent pas seulement un article fonctionnel, mais aussi un symbole de la beaut\u00e9 et de la joie de vivre sur la c\u00f4te m\u00e9diterran\u00e9enne. En tant que grossistes de souvenirs, nous garantissons la qualit\u00e9 et l&rsquo;authenticit\u00e9 de chaque produit distribu\u00e9 pour les boutiques de cadeaux touristiques.<\/p>\n","protected":false},"excerpt":{"rendered":"<p>Bol en coco bleu d\u00e9cor\u00e9 d&rsquo;un dauphin, repr\u00e9sentant l&rsquo;essence de Barcelone. Cet \u00e9l\u00e9gant bol, fabriqu\u00e9 \u00e0 partir de la coque de noix de coco, pr\u00e9sente un fond bleu vibrant et un design tr\u00e8s sp\u00e9cial mettant en valeur un dauphin blanc, symbolisant l&rsquo;esprit marin de la ville. Le mot \u00ab\u00a0Barcelone\u00a0\u00bb est imprim\u00e9, compl\u00e9tant son attrait visuel. Id\u00e9al comme pi\u00e8ce d\u00e9corative ou pour une utilisation lors de petites c\u00e9r\u00e9monies, son style color\u00e9 et artisanal en fait un excellent souvenir.<\/p>\n","protected":false},"featured_media":11759,"template":"","meta":{"_acf_changed":false},"product_brand":[],"product_cat":[521],"product_tag":[530],"class_list":{"0":"post-36754","1":"product","2":"type-product","3":"status-publish","4":"has-post-thumbnail","6":"product_cat-bols","7":"product_tag-animaux","8":"pa_ciudad-barcelona","9":"pa_motivo-dauphins","10":"pa_pais-espana","12":"first","13":"instock","14":"shipping-taxable","15":"product-type-simple"},"acf":[],"_links":{"self":[{"href":"https:\/\/olemosaic.com\/fr\/wp-json\/wp\/v2\/product\/36754","targetHints":{"allow":["GET"]}}],"collection":[{"href":"https:\/\/olemosaic.com\/fr\/wp-json\/wp\/v2\/product"}],"about":[{"href":"https:\/\/olemosaic.com\/fr\/wp-json\/wp\/v2\/types\/product"}],"wp:featuredmedia":[{"embeddable":true,"href":"https:\/\/olemosaic.com\/fr\/wp-json\/wp\/v2\/media\/11759"}],"wp:attachment":[{"href":"https:\/\/olemosaic.com\/fr\/wp-json\/wp\/v2\/media?parent=36754"}],"wp:term":[{"taxonomy":"product_brand","embeddable":true,"href":"https:\/\/olemosaic.com\/fr\/wp-json\/wp\/v2\/product_brand?post=36754"},{"taxonomy":"product_cat","embeddable":true,"href":"https:\/\/olemosaic.com\/fr\/wp-json\/wp\/v2\/product_cat?post=36754"},{"taxonomy":"product_tag","embeddable":true,"href":"https:\/\/olemosaic.com\/fr\/wp-json\/wp\/v2\/product_tag?post=36754"}],"curies":[{"name":"wp","href":"https:\/\/api.w.org\/{rel}","templated":true}]}}