{"id":36753,"date":"2025-02-20T23:29:45","date_gmt":"2025-02-20T22:29:45","guid":{"rendered":"http:\/\/olemosaic.com\/producto\/bol-de-coco-azul-delfin-mallorca-2\/"},"modified":"2025-07-25T18:57:46","modified_gmt":"2025-07-25T16:57:46","slug":"bol-coco-bleu-dauphin-majorque-2","status":"publish","type":"product","link":"https:\/\/olemosaic.com\/fr\/produit\/bol-coco-bleu-dauphin-majorque-2\/","title":{"rendered":"Bol en coco bleu. Dauphin. Majorque. Bal\u00e9ares."},"content":{"rendered":"<p>Ce bol en coco bleu d\u00e9cor\u00e9 d&rsquo;un dauphin est un souvenir embl\u00e9matique de Majorque qui ravira ceux qui appr\u00e9cient l&rsquo;esth\u00e9tique et l&rsquo;authenticit\u00e9 de leurs souvenirs. Sa couleur bleue vibrante \u00e9voque les eaux cristallines de la M\u00e9diterran\u00e9e, tandis que le dauphin, ic\u00f4ne de la faune marine de l&rsquo;\u00eele, est pr\u00e9sent\u00e9 dans un design central \u00e9l\u00e9gant entour\u00e9 de c\u0153urs qui irradie joie et fra\u00eecheur. Chaque bol est une pi\u00e8ce unique, avec un effet peint \u00e0 la main, garantissant qu&rsquo;il n&rsquo;y en a pas deux pareils, et t\u00e9moigne du d\u00e9vouement et de l&rsquo;art des artisans locaux.<\/p>\n<p>Le cadre de c\u0153urs, d\u00e9licatement \u00e9labor\u00e9, compl\u00e8te le design et fait r\u00e9f\u00e9rence \u00e0 la chaleur et \u00e0 l&rsquo;hospitalit\u00e9 de la culture majorquine. Ce bol n&rsquo;est pas seulement un \u00e9l\u00e9ment d\u00e9coratif, mais peut \u00e9galement \u00eatre utilis\u00e9 comme un ustensile fonctionnel pour servir des ap\u00e9ritifs ou comme pi\u00e8ce d&rsquo;exposition dans n&rsquo;importe quel foyer. Sa connexion culturelle avec Majorque en fait un excellent souvenir, id\u00e9al pour les touristes souhaitant emporter un morceau de l&rsquo;\u00eele.<\/p>\n<p>Chez Ol\u00e9 Mosaic, nous sommes sp\u00e9cialis\u00e9s dans la distribution de souvenirs en gros, et ce bol en coco bleu repr\u00e9sente parfaitement la beaut\u00e9 et la singularit\u00e9 de Majorque. C&rsquo;est un choix parfait pour les boutiques de cadeaux touristiques cherchant \u00e0 proposer des produits authentiques et repr\u00e9sentatifs de la tradition locale. En tant que grossistes de souvenirs, nous offrons la qualit\u00e9 et une touche du riche h\u00e9ritage culturel de l&rsquo;Espagne dans chaque pi\u00e8ce.<\/p>\n","protected":false},"excerpt":{"rendered":"<p>Bol en coco bleu d\u00e9cor\u00e9 d&rsquo;un dauphin, un souvenir embl\u00e9matique de Majorque. Ce bol attrayant pr\u00e9sente une couleur bleue vibrante et un motif de dauphin au centre, entour\u00e9 de c\u0153urs et d&rsquo;un cadre \u00e9voquant la mer M\u00e9diterran\u00e9e. Fabriqu\u00e9 en coco, cet article est une pi\u00e8ce de design artisanal, peinte \u00e0 la main, qui capture l&rsquo;essence du folklore local et la beaut\u00e9 de l&rsquo;\u00eele, devenant un \u00e9l\u00e9ment d\u00e9coratif id\u00e9al pour la maison.<\/p>\n","protected":false},"featured_media":10255,"template":"","meta":{"_acf_changed":false},"product_brand":[],"product_cat":[521],"product_tag":[530],"class_list":{"0":"post-36753","1":"product","2":"type-product","3":"status-publish","4":"has-post-thumbnail","6":"product_cat-bols","7":"product_tag-animaux","8":"pa_ciudad-mallorca","9":"pa_motivo-dauphins","10":"pa_pais-espana","12":"first","13":"instock","14":"shipping-taxable","15":"product-type-simple"},"acf":[],"_links":{"self":[{"href":"https:\/\/olemosaic.com\/fr\/wp-json\/wp\/v2\/product\/36753","targetHints":{"allow":["GET"]}}],"collection":[{"href":"https:\/\/olemosaic.com\/fr\/wp-json\/wp\/v2\/product"}],"about":[{"href":"https:\/\/olemosaic.com\/fr\/wp-json\/wp\/v2\/types\/product"}],"wp:featuredmedia":[{"embeddable":true,"href":"https:\/\/olemosaic.com\/fr\/wp-json\/wp\/v2\/media\/10255"}],"wp:attachment":[{"href":"https:\/\/olemosaic.com\/fr\/wp-json\/wp\/v2\/media?parent=36753"}],"wp:term":[{"taxonomy":"product_brand","embeddable":true,"href":"https:\/\/olemosaic.com\/fr\/wp-json\/wp\/v2\/product_brand?post=36753"},{"taxonomy":"product_cat","embeddable":true,"href":"https:\/\/olemosaic.com\/fr\/wp-json\/wp\/v2\/product_cat?post=36753"},{"taxonomy":"product_tag","embeddable":true,"href":"https:\/\/olemosaic.com\/fr\/wp-json\/wp\/v2\/product_tag?post=36753"}],"curies":[{"name":"wp","href":"https:\/\/api.w.org\/{rel}","templated":true}]}}