{"id":36752,"date":"2025-02-20T23:29:44","date_gmt":"2025-02-20T22:29:44","guid":{"rendered":"http:\/\/olemosaic.com\/producto\/bol-de-coco-azul-delfin-tenerife\/"},"modified":"2025-07-25T18:52:03","modified_gmt":"2025-07-25T16:52:03","slug":"bol-en-noix-de-coco-bleu-dauphin-tenerife-fr","status":"publish","type":"product","link":"https:\/\/olemosaic.com\/fr\/produit\/bol-en-noix-de-coco-bleu-dauphin-tenerife-fr\/","title":{"rendered":"Bol en noix de coco bleu. Dauphin. Tenerife."},"content":{"rendered":"<p>Ce bol en noix de coco bleu d\u00e9cor\u00e9 d&rsquo;un dauphin est un v\u00e9ritable tr\u00e9sor qui capture l&rsquo;essence de Tenerife et la beaut\u00e9 marine de l&rsquo;archipel des Canaries. \u00c9labor\u00e9 \u00e0 partir d&rsquo;une coque de noix de coco naturelle, ce bol pr\u00e9sente un design vibrant dans des tons bleus qui \u00e9voque le calme et la profondeur de l&rsquo;oc\u00e9an. La d\u00e9coration inclut un dauphin peint \u00e0 la main, symbole de la vie marine qui entoure les c\u00f4tes de Tenerife. Cette touche artistique n&rsquo;ajoute pas seulement un caract\u00e8re distinctif au bol, mais souligne \u00e9galement la connexion avec l&rsquo;environnement naturel et les traditions locales de l&rsquo;\u00eele.<\/p>\n<p>La texture unique de la noix de coco apporte une dimension tactile qui fait de ce bol une pi\u00e8ce id\u00e9ale tant pour la d\u00e9coration que pour un usage fonctionnel. Avec son design frappant et son lien culturel fort, ce souvenir est parfait pour les touristes souhaitant emporter un morceau de la magie de Tenerife. Chez Ol\u00e9 Mosaic, nous sommes fiers de proposer des produits authentiques et repr\u00e9sentatifs, comme ce bol en noix de coco, qui c\u00e9l\u00e8brent la riche culture de l&rsquo;Espagne. C&rsquo;est une excellente option pour les boutiques de cadeaux touristiques, garantissant qualit\u00e9 et pertinence culturelle dans chaque pi\u00e8ce. Sans aucun doute, un rappel m\u00e9morable des eaux magnifiques de Tenerife, un souvenir qui durera dans le temps.<\/p>\n","protected":false},"excerpt":{"rendered":"<p>Bol en noix de coco bleu d\u00e9cor\u00e9 d&rsquo;un dauphin, repr\u00e9sentant la beaut\u00e9 marine de Tenerife. Ce produit original combine la texture naturelle de la noix de coco avec un design vibrant dans des tons bleus, \u00e9voquant les eaux de l&rsquo;oc\u00e9an. Le dauphin, au design artisanal peint \u00e0 la main, apporte une touche artistique et distinctive, tandis que le nom \u00ab\u00a0Tenerife\u00a0\u00bb souligne sa connexion avec cette \u00eele iconique de l&rsquo;archipel des Canaries. Id\u00e9al pour d\u00e9corer ou comme souvenir.<\/p>\n","protected":false},"featured_media":11929,"template":"","meta":{"_acf_changed":false},"product_brand":[],"product_cat":[521],"product_tag":[530],"class_list":{"0":"post-36752","1":"product","2":"type-product","3":"status-publish","4":"has-post-thumbnail","6":"product_cat-bols","7":"product_tag-animaux","8":"pa_ciudad-tenerife","9":"pa_motivo-dauphins","10":"pa_pais-espana","12":"first","13":"instock","14":"shipping-taxable","15":"product-type-simple"},"acf":[],"_links":{"self":[{"href":"https:\/\/olemosaic.com\/fr\/wp-json\/wp\/v2\/product\/36752","targetHints":{"allow":["GET"]}}],"collection":[{"href":"https:\/\/olemosaic.com\/fr\/wp-json\/wp\/v2\/product"}],"about":[{"href":"https:\/\/olemosaic.com\/fr\/wp-json\/wp\/v2\/types\/product"}],"wp:featuredmedia":[{"embeddable":true,"href":"https:\/\/olemosaic.com\/fr\/wp-json\/wp\/v2\/media\/11929"}],"wp:attachment":[{"href":"https:\/\/olemosaic.com\/fr\/wp-json\/wp\/v2\/media?parent=36752"}],"wp:term":[{"taxonomy":"product_brand","embeddable":true,"href":"https:\/\/olemosaic.com\/fr\/wp-json\/wp\/v2\/product_brand?post=36752"},{"taxonomy":"product_cat","embeddable":true,"href":"https:\/\/olemosaic.com\/fr\/wp-json\/wp\/v2\/product_cat?post=36752"},{"taxonomy":"product_tag","embeddable":true,"href":"https:\/\/olemosaic.com\/fr\/wp-json\/wp\/v2\/product_tag?post=36752"}],"curies":[{"name":"wp","href":"https:\/\/api.w.org\/{rel}","templated":true}]}}