{"id":36751,"date":"2025-02-20T22:29:32","date_gmt":"2025-02-20T22:29:32","guid":{"rendered":"http:\/\/olemosaic.com\/producto\/bol-de-ceramica-de-14-cm-salamandra-y-flores-barcelona-blanco\/"},"modified":"2025-07-25T19:33:58","modified_gmt":"2025-07-25T17:33:58","slug":"bol-en-ceramique-de-14-cm-salamandre-et-fleurs-barcelone-blanc-fr","status":"publish","type":"product","link":"https:\/\/olemosaic.com\/fr\/produit\/bol-en-ceramique-de-14-cm-salamandre-et-fleurs-barcelone-blanc-fr\/","title":{"rendered":"Bol en c\u00e9ramique de 14 cm. Salamandre et fleurs. Barcelone. Blanc"},"content":{"rendered":"<p>Ce bol en c\u00e9ramique de 14 cm, d\u00e9cor\u00e9 d&rsquo;un design vibrant de salamandres et de fleurs, capture l&rsquo;essence de Barcelone dans chaque d\u00e9tail. Sur un fond blanc d\u00e9licat pr\u00e9sentant un effet de mosa\u00efque, le bol expose des reptiles color\u00e9s dans divers tons, compl\u00e9t\u00e9s par des fleurs multicolores qui ajoutent une touche festive et joyeuse. Sur la partie sup\u00e9rieure du bol, le mot \u00ab\u00a0Barcelone\u00a0\u00bb se d\u00e9tache, soulignant sa connexion culturelle avec la capitale catalane et \u00e9voquant le riche h\u00e9ritage artistique de la ville.<\/p>\n<p>Parfait tant pour un usage quotidien que pour orner n&rsquo;importe quel environnement, ce bol n&rsquo;est pas seulement fonctionnel, il sert \u00e9galement d&rsquo;\u00e9l\u00e9ment d\u00e9coratif attrayant rappelant le style moderniste iconique de Barcelone. Les salamandres, qui symbolisent la cr\u00e9ativit\u00e9 et l&rsquo;adaptation, sont un motif r\u00e9current dans l&rsquo;art de la ville, repr\u00e9sentant la fusion du patrimoine culturel et de la modernit\u00e9 qui caract\u00e9rise Barcelone.<\/p>\n<p>Chez Ol\u00e9 Mosaic, nous nous consacrons \u00e0 la distribution de souvenirs en gros, et ce bol en c\u00e9ramique est une excellente option pour les boutiques de cadeaux touristiques recherchant des produits authentiques et de qualit\u00e9. C&rsquo;est un souvenir id\u00e9al qui permet aux visiteurs d&#8217;emporter un morceau de Barcelone, fonctionnant comme un souvenir unique qui c\u00e9l\u00e8bre la beaut\u00e9 et la diversit\u00e9 culturelle de la r\u00e9gion.<\/p>\n","protected":false},"excerpt":{"rendered":"<p>Bol en c\u00e9ramique de 14 cm d\u00e9cor\u00e9 d&rsquo;un design vibrant de salamandres et de fleurs, repr\u00e9sentant l&rsquo;essence de Barcelone. Ce bol blanc pr\u00e9sente un fond d\u00e9licat avec effet mosa\u00efque et des reptiles color\u00e9s de diff\u00e9rents tons, compl\u00e9t\u00e9s par des fleurs multicolores qui ajoutent une touche festive. Sur la partie sup\u00e9rieure, le mot \u00ab\u00a0Barcelone\u00a0\u00bb se d\u00e9tache, \u00e9voquant la beaut\u00e9 culturelle de la ville. Id\u00e9al pour un usage quotidien ou comme \u00e9l\u00e9ment d\u00e9coratif.<\/p>\n","protected":false},"featured_media":11169,"template":"","meta":{"_acf_changed":false},"product_brand":[],"product_cat":[521],"product_tag":[530,585],"class_list":{"0":"post-36751","1":"product","2":"type-product","3":"status-publish","4":"has-post-thumbnail","6":"product_cat-bols","7":"product_tag-animaux","8":"product_tag-ceramique","9":"pa_ciudad-barcelona","10":"pa_motivo-salamandres","11":"pa_pais-espana","13":"first","14":"instock","15":"shipping-taxable","16":"product-type-simple"},"acf":[],"_links":{"self":[{"href":"https:\/\/olemosaic.com\/fr\/wp-json\/wp\/v2\/product\/36751","targetHints":{"allow":["GET"]}}],"collection":[{"href":"https:\/\/olemosaic.com\/fr\/wp-json\/wp\/v2\/product"}],"about":[{"href":"https:\/\/olemosaic.com\/fr\/wp-json\/wp\/v2\/types\/product"}],"wp:featuredmedia":[{"embeddable":true,"href":"https:\/\/olemosaic.com\/fr\/wp-json\/wp\/v2\/media\/11169"}],"wp:attachment":[{"href":"https:\/\/olemosaic.com\/fr\/wp-json\/wp\/v2\/media?parent=36751"}],"wp:term":[{"taxonomy":"product_brand","embeddable":true,"href":"https:\/\/olemosaic.com\/fr\/wp-json\/wp\/v2\/product_brand?post=36751"},{"taxonomy":"product_cat","embeddable":true,"href":"https:\/\/olemosaic.com\/fr\/wp-json\/wp\/v2\/product_cat?post=36751"},{"taxonomy":"product_tag","embeddable":true,"href":"https:\/\/olemosaic.com\/fr\/wp-json\/wp\/v2\/product_tag?post=36751"}],"curies":[{"name":"wp","href":"https:\/\/api.w.org\/{rel}","templated":true}]}}