{"id":36750,"date":"2025-02-20T23:29:32","date_gmt":"2025-02-20T22:29:32","guid":{"rendered":"http:\/\/olemosaic.com\/producto\/bol-de-ceramica-de-14-cm-salamandra-mallorca-beige\/"},"modified":"2025-07-25T20:24:27","modified_gmt":"2025-07-25T18:24:27","slug":"bol-en-ceramique-de-14-cm-salamandre-majorque-beige-fr","status":"publish","type":"product","link":"https:\/\/olemosaic.com\/fr\/produit\/bol-en-ceramique-de-14-cm-salamandre-majorque-beige-fr\/","title":{"rendered":"Bol en c\u00e9ramique de 14 cm. Salamandre. Majorque. Beige"},"content":{"rendered":"<p>Ce bol en c\u00e9ramique de 14 cm, d\u00e9cor\u00e9 de joyeuses salamandres, est un souvenir vibrant de la belle \u00eele de Majorque. Cet article charmant met en valeur la culture majorquine \u00e0 travers son design peint \u00e0 la main, o\u00f9 une palette de couleurs vives \u2014 incluant des bleus, des verts et des rouges \u2014 se pr\u00e9sente sur un fond beige qui rehausse son attrait visuel. Les salamandres, symboles de chance et de joie, sont magnifiquement illustr\u00e9es dans une disposition ludique qui apporte un air festif \u00e0 n&rsquo;importe quelle table. Le mot \u00ab\u00a0MAJORQUE\u00a0\u00bb se d\u00e9tache de mani\u00e8re color\u00e9e, faisant de ce bol un excellent souvenir qui \u00e9voque l&rsquo;essence de l&rsquo;\u00eele.<\/p>\n<p>Ce bol n&rsquo;est pas seulement fonctionnel pour servir des ap\u00e9ritifs, il agit \u00e9galement comme une pi\u00e8ce d\u00e9corative qui ajoute une touche amusante \u00e0 votre foyer. Son design artisanal et sa connexion avec le folklore local en font un rappel parfait des vacances sur l&rsquo;\u00eele. Chez Ol\u00e9 Mosaic, nous proposons une large gamme de souvenirs en c\u00e9ramique de Majorque, garantissant authenticit\u00e9 et qualit\u00e9 dans chaque pi\u00e8ce. Ce produit est id\u00e9al pour les boutiques de cadeaux touristiques souhaitant offrir des articles uniques et vibrants, repr\u00e9sentatifs de la culture majorquine, ce qui en fait une excellente id\u00e9e d&rsquo;achat tant pour les touristes que pour ceux qui cherchent \u00e0 ajouter un morceau de Majorque \u00e0 leur collection de souvenirs.<\/p>\n","protected":false},"excerpt":{"rendered":"<p>Bol en c\u00e9ramique de 14 cm d\u00e9cor\u00e9 de joyeuses salamandres, repr\u00e9sentant la culture vibrante de Majorque. Ce bol charmant pr\u00e9sente un design artisanal, peint \u00e0 la main, dans des couleurs vives comme le bleu, le vert et le rouge, sur un fond beige. Avec le mot \u00ab\u00a0MAJORQUE\u00a0\u00bb mis en avant, cet article ajoute une touche amusante et color\u00e9e \u00e0 n&rsquo;importe quelle table, id\u00e9al pour servir des ap\u00e9ritifs ou comme pi\u00e8ce d\u00e9corative. Parfait pour se souvenir de la beaut\u00e9 de l&rsquo;\u00eele.<\/p>\n","protected":false},"featured_media":6998,"template":"","meta":{"_acf_changed":false},"product_brand":[],"product_cat":[521],"product_tag":[530,585],"class_list":{"0":"post-36750","1":"product","2":"type-product","3":"status-publish","4":"has-post-thumbnail","6":"product_cat-bols","7":"product_tag-animaux","8":"product_tag-ceramique","9":"pa_ciudad-mallorca","10":"pa_motivo-salamandres","11":"pa_pais-espana","13":"first","14":"instock","15":"shipping-taxable","16":"product-type-simple"},"acf":[],"_links":{"self":[{"href":"https:\/\/olemosaic.com\/fr\/wp-json\/wp\/v2\/product\/36750","targetHints":{"allow":["GET"]}}],"collection":[{"href":"https:\/\/olemosaic.com\/fr\/wp-json\/wp\/v2\/product"}],"about":[{"href":"https:\/\/olemosaic.com\/fr\/wp-json\/wp\/v2\/types\/product"}],"wp:featuredmedia":[{"embeddable":true,"href":"https:\/\/olemosaic.com\/fr\/wp-json\/wp\/v2\/media\/6998"}],"wp:attachment":[{"href":"https:\/\/olemosaic.com\/fr\/wp-json\/wp\/v2\/media?parent=36750"}],"wp:term":[{"taxonomy":"product_brand","embeddable":true,"href":"https:\/\/olemosaic.com\/fr\/wp-json\/wp\/v2\/product_brand?post=36750"},{"taxonomy":"product_cat","embeddable":true,"href":"https:\/\/olemosaic.com\/fr\/wp-json\/wp\/v2\/product_cat?post=36750"},{"taxonomy":"product_tag","embeddable":true,"href":"https:\/\/olemosaic.com\/fr\/wp-json\/wp\/v2\/product_tag?post=36750"}],"curies":[{"name":"wp","href":"https:\/\/api.w.org\/{rel}","templated":true}]}}