{"id":36746,"date":"2025-02-20T22:29:08","date_gmt":"2025-02-20T22:29:08","guid":{"rendered":"http:\/\/olemosaic.com\/producto\/lata-inox-de-500-ml-mariposa\/"},"modified":"2025-07-25T18:38:08","modified_gmt":"2025-07-25T16:38:08","slug":"canette-inox-de-500-ml-papillon-fr","status":"publish","type":"product","link":"https:\/\/olemosaic.com\/fr\/produit\/canette-inox-de-500-ml-papillon-fr\/","title":{"rendered":"Canette inox de 500 ml. Papillon."},"content":{"rendered":"<p>Cette canette en acier inoxydable de 500 ml est un souvenir attrayant qui capture l&rsquo;essence vibrante de l&rsquo;art de la mosa\u00efque andalouse. D\u00e9cor\u00e9e d&rsquo;un impressionnant motif de papillons aux couleurs \u00e9clatantes et de fleurs d\u00e9licates, cette pi\u00e8ce unique combine la fonctionnalit\u00e9 d&rsquo;un r\u00e9cipient pour boissons avec la beaut\u00e9 du folklore andalou. Le motif des papillons, chacun repr\u00e9sentant une vari\u00e9t\u00e9 de tons vibrants, \u00e9voque la riche biodiversit\u00e9 de la r\u00e9gion, tandis que les fleurs iris\u00e9es ajoutent une touche de fra\u00eecheur et de joie. La structure en acier inoxydable garantit que vos boissons restent fra\u00eeches et \u00e0 la temp\u00e9rature id\u00e9ale, ce qui en fait un compagnon parfait pour vos moments de loisirs. En accord avec les traditions artistiques de l&rsquo;Andalousie, cette canette devient un souvenir id\u00e9al pour les amoureux de la culture espagnole \u00e0 la recherche d&rsquo;un produit authentique et repr\u00e9sentatif. Chez Ol\u00e9 Mosaic, nous reconnaissons l&rsquo;importance de proposer des souvenirs de qualit\u00e9 qui se connectent \u00e0 la richesse culturelle de l&rsquo;Espagne. Cette canette n&rsquo;est pas seulement un article fonctionnel, mais une expression d&rsquo;esth\u00e9tique et d&rsquo;art qui ravira les touristes et les locaux. En tant que grossiste de souvenirs, nous garantissons que cette canette papillon sera un succ\u00e8s dans n&rsquo;importe quelle boutique de cadeaux touristiques.<\/p>\n","protected":false},"excerpt":{"rendered":"<p>Canette en acier inoxydable de 500 ml d\u00e9cor\u00e9e d&rsquo;un motif vibrant de papillons et de fleurs, inspir\u00e9 par l&rsquo;art color\u00e9 de la mosa\u00efque andalouse. Cette canette pratique pr\u00e9sente des papillons dans des tons vari\u00e9s, mettant en valeur de belles combinaisons de couleurs \u00e9voquant la beaut\u00e9 naturelle de la r\u00e9gion. Id\u00e9ale pour garder vos boissons fra\u00eeches, son design est \u00e0 la fois fonctionnel et attrayant, ce qui en fait un souvenir distinctif pour les amateurs de culture espagnole.<\/p>\n","protected":false},"featured_media":12808,"template":"","meta":{"_acf_changed":false},"product_brand":[],"product_cat":[796],"product_tag":[530],"class_list":{"0":"post-36746","1":"product","2":"type-product","3":"status-publish","4":"has-post-thumbnail","6":"product_cat-boites-en-metal","7":"product_tag-animaux","8":"pa_motivo-papillons","10":"first","11":"instock","12":"shipping-taxable","13":"product-type-simple"},"acf":[],"_links":{"self":[{"href":"https:\/\/olemosaic.com\/fr\/wp-json\/wp\/v2\/product\/36746","targetHints":{"allow":["GET"]}}],"collection":[{"href":"https:\/\/olemosaic.com\/fr\/wp-json\/wp\/v2\/product"}],"about":[{"href":"https:\/\/olemosaic.com\/fr\/wp-json\/wp\/v2\/types\/product"}],"wp:featuredmedia":[{"embeddable":true,"href":"https:\/\/olemosaic.com\/fr\/wp-json\/wp\/v2\/media\/12808"}],"wp:attachment":[{"href":"https:\/\/olemosaic.com\/fr\/wp-json\/wp\/v2\/media?parent=36746"}],"wp:term":[{"taxonomy":"product_brand","embeddable":true,"href":"https:\/\/olemosaic.com\/fr\/wp-json\/wp\/v2\/product_brand?post=36746"},{"taxonomy":"product_cat","embeddable":true,"href":"https:\/\/olemosaic.com\/fr\/wp-json\/wp\/v2\/product_cat?post=36746"},{"taxonomy":"product_tag","embeddable":true,"href":"https:\/\/olemosaic.com\/fr\/wp-json\/wp\/v2\/product_tag?post=36746"}],"curies":[{"name":"wp","href":"https:\/\/api.w.org\/{rel}","templated":true}]}}