{"id":36744,"date":"2025-02-20T23:29:08","date_gmt":"2025-02-20T22:29:08","guid":{"rendered":"http:\/\/olemosaic.com\/producto\/jarra-de-ceramica-panoramica-barcelona-beige\/"},"modified":"2025-07-25T19:36:32","modified_gmt":"2025-07-25T17:36:32","slug":"cruche-en-ceramique-panoramique-barcelone-beige-fr","status":"publish","type":"product","link":"https:\/\/olemosaic.com\/fr\/produit\/cruche-en-ceramique-panoramique-barcelone-beige-fr\/","title":{"rendered":"Cruche en c\u00e9ramique. Panoramique. Barcelone. Beige."},"content":{"rendered":"<p>Cette cruche en c\u00e9ramique, avec une vue panoramique vibrante de Barcelone, est un v\u00e9ritable hommage \u00e0 la richesse culturelle et architecturale de la ville embl\u00e9matique. Fabriqu\u00e9e avec soin, elle se distingue par son design \u00e9l\u00e9gant dans les tons beige et rouge, ce qui lui conf\u00e8re un caract\u00e8re distinctif et chaleureux. Les illustrations exquises \u00e0 l&rsquo;effet peint \u00e0 la main repr\u00e9sentent deux des symboles les plus embl\u00e9matiques de Barcelone : la Sagrada Familia et la c\u00e9l\u00e8bre mosa\u00efque du Park G\u00fcell, faisant de cette pi\u00e8ce un v\u00e9ritable t\u00e9moignage de l&rsquo;art et de la cr\u00e9ativit\u00e9 de l&rsquo;architecte Antoni Gaud\u00ed. La Sagrada Familia, avec ses tours complexes et ses couleurs chaudes, se dresse majestueusement d&rsquo;un c\u00f4t\u00e9, tandis que la mosa\u00efque vibrante du Park G\u00fcell, faite de carreaux multicolores et de formes organiques, ajoute une touche festive et joyeuse. L&rsquo;inscription frappante \u00ab Barcelone \u00bb renforce le lien avec la ville et apporte un charme suppl\u00e9mentaire, faisant de cette cruche un souvenir id\u00e9al pour ceux qui souhaitent emporter un morceau de l&rsquo;esprit barcelonais. Qu&rsquo;elle soit expos\u00e9e comme pi\u00e8ce d\u00e9corative ou utilis\u00e9e de mani\u00e8re pratique, cette cruche est une excellente option pour les touristes \u00e0 la recherche de souvenirs authentiques et de qualit\u00e9. Chez Ol\u00e9 Mosaic, nous sommes fiers de proposer des articles repr\u00e9sentatifs des traditions espagnoles, et cette cruche en c\u00e9ramique se positionne comme une option exceptionnelle pour les boutiques de souvenirs touristiques cherchant \u00e0 se d\u00e9marquer dans leur offre.<\/p>\n","protected":false},"excerpt":{"rendered":"<p>Cruche en c\u00e9ramique avec une vue panoramique vibrante de Barcelone. Cette pi\u00e8ce se distingue par son design dans les tons beige et rouge, d\u00e9cor\u00e9e d&rsquo;illustrations color\u00e9es de la Sagrada Familia et de la c\u00e9l\u00e8bre mosa\u00efque du Park G\u00fcell. Chaque d\u00e9tail est de conception artisanale, peint \u00e0 la main, ce qui lui donne une touche artistique unique. L&rsquo;inscription \u00ab Barcelone \u00bb ajoute un charme particulier, en faisant un souvenir id\u00e9al qui refl\u00e8te la richesse culturelle et architecturale de la ville. Parfaite pour d\u00e9corer ou pour utiliser.<\/p>\n","protected":false},"featured_media":7277,"template":"","meta":{"_acf_changed":false},"product_brand":[],"product_cat":[632],"product_tag":[585],"class_list":{"0":"post-36744","1":"product","2":"type-product","3":"status-publish","4":"has-post-thumbnail","6":"product_cat-jugs","7":"product_tag-ceramique","8":"pa_ciudad-barcelona","9":"pa_motivo-panoramas","10":"pa_pais-espana","12":"first","13":"instock","14":"shipping-taxable","15":"product-type-simple"},"acf":[],"_links":{"self":[{"href":"https:\/\/olemosaic.com\/fr\/wp-json\/wp\/v2\/product\/36744","targetHints":{"allow":["GET"]}}],"collection":[{"href":"https:\/\/olemosaic.com\/fr\/wp-json\/wp\/v2\/product"}],"about":[{"href":"https:\/\/olemosaic.com\/fr\/wp-json\/wp\/v2\/types\/product"}],"wp:featuredmedia":[{"embeddable":true,"href":"https:\/\/olemosaic.com\/fr\/wp-json\/wp\/v2\/media\/7277"}],"wp:attachment":[{"href":"https:\/\/olemosaic.com\/fr\/wp-json\/wp\/v2\/media?parent=36744"}],"wp:term":[{"taxonomy":"product_brand","embeddable":true,"href":"https:\/\/olemosaic.com\/fr\/wp-json\/wp\/v2\/product_brand?post=36744"},{"taxonomy":"product_cat","embeddable":true,"href":"https:\/\/olemosaic.com\/fr\/wp-json\/wp\/v2\/product_cat?post=36744"},{"taxonomy":"product_tag","embeddable":true,"href":"https:\/\/olemosaic.com\/fr\/wp-json\/wp\/v2\/product_tag?post=36744"}],"curies":[{"name":"wp","href":"https:\/\/api.w.org\/{rel}","templated":true}]}}