{"id":36741,"date":"2025-02-20T22:28:55","date_gmt":"2025-02-20T22:28:55","guid":{"rendered":"http:\/\/olemosaic.com\/producto\/funda-de-telefono-para-iphone-13-promax-tpu-abstracto-verde\/"},"modified":"2025-07-25T20:38:46","modified_gmt":"2025-07-25T18:38:46","slug":"coque-de-telephone-pour-iphone-13-pro-max-tpu-abstrait-vert","status":"publish","type":"product","link":"https:\/\/olemosaic.com\/fr\/produit\/coque-de-telephone-pour-iphone-13-pro-max-tpu-abstrait-vert\/","title":{"rendered":"Coque de t\u00e9l\u00e9phone pour iPhone 13 Pro Max (TPU). Abstrait. Vert"},"content":{"rendered":"<p>Cette coque pour iPhone 13 Pro Max est le choix parfait pour ceux qui recherchent un accessoire alliant style, protection et originalit\u00e9. Fabriqu\u00e9e en TPU de haute qualit\u00e9, ce produit se distingue par son design abstrait, pr\u00e9sentant une explosion de couleurs vibrantes : vert, rouge, jaune et bleu. La surface de la coque a une finition ondul\u00e9e et fluide qui imite un bel effet de marbre artistique, ajoutant une touche moderne et distinctive \u00e0 l&rsquo;apparence de votre appareil.<\/p>\n<p>En plus de son esth\u00e9tique attrayante, cette coque offre une protection durable contre les chocs et les rayures, garantissant que votre iPhone 13 Pro Max reste dans des conditions optimales. Son ajustement parfait assure un acc\u00e8s facile \u00e0 tous les boutons et ports du t\u00e9l\u00e9phone, offrant fonctionnalit\u00e9 et une apparence frappante. Ce souvenir est id\u00e9al pour les touristes qui souhaitent emporter un morceau de la culture artistique contemporaine, exprimant \u00e0 travers leur t\u00e9l\u00e9phone l&rsquo;essence vibrante des couleurs qui repr\u00e9sentent la diversit\u00e9 et la cr\u00e9ativit\u00e9 de la r\u00e9gion.<\/p>\n<p>Chez Ol\u00e9 Mosaic, nous nous sp\u00e9cialisons dans la distribution d&rsquo;accessoires et de souvenirs en gros, et cette coque de t\u00e9l\u00e9phone est une option exceptionnelle pour les boutiques de cadeaux touristiques \u00e0 la recherche de produits uniques et pleins de caract\u00e8re. Attirez vos clients avec cet article distinctif, fonctionnel et repr\u00e9sentatif d&rsquo;un mode de vie moderne.<\/p>\n","protected":false},"excerpt":{"rendered":"<p>Coque pour iPhone 13 Pro Max fabriqu\u00e9e en TPU, avec un design abstrait montrant une explosion de couleurs vibrantes comme le vert, le rouge, le jaune et le bleu. Cette coque pr\u00e9sente une surface ondul\u00e9e et fluide qui imite un effet de marbre artistique, apportant une touche moderne et distinctive. En plus de son attrait visuel, elle offre une protection durable et un ajustement parfait, id\u00e9al pour ceux qui recherchent style et fonctionnalit\u00e9 pour leur accessoire mobile.<\/p>\n","protected":false},"featured_media":12336,"template":"","meta":{"_acf_changed":false},"product_brand":[],"product_cat":[674],"product_tag":[],"class_list":{"0":"post-36741","1":"product","2":"type-product","3":"status-publish","4":"has-post-thumbnail","6":"product_cat-etuis-pour-telephones-portables","7":"pa_motivo-resume","9":"first","10":"instock","11":"shipping-taxable","12":"product-type-simple"},"acf":[],"_links":{"self":[{"href":"https:\/\/olemosaic.com\/fr\/wp-json\/wp\/v2\/product\/36741","targetHints":{"allow":["GET"]}}],"collection":[{"href":"https:\/\/olemosaic.com\/fr\/wp-json\/wp\/v2\/product"}],"about":[{"href":"https:\/\/olemosaic.com\/fr\/wp-json\/wp\/v2\/types\/product"}],"wp:featuredmedia":[{"embeddable":true,"href":"https:\/\/olemosaic.com\/fr\/wp-json\/wp\/v2\/media\/12336"}],"wp:attachment":[{"href":"https:\/\/olemosaic.com\/fr\/wp-json\/wp\/v2\/media?parent=36741"}],"wp:term":[{"taxonomy":"product_brand","embeddable":true,"href":"https:\/\/olemosaic.com\/fr\/wp-json\/wp\/v2\/product_brand?post=36741"},{"taxonomy":"product_cat","embeddable":true,"href":"https:\/\/olemosaic.com\/fr\/wp-json\/wp\/v2\/product_cat?post=36741"},{"taxonomy":"product_tag","embeddable":true,"href":"https:\/\/olemosaic.com\/fr\/wp-json\/wp\/v2\/product_tag?post=36741"}],"curies":[{"name":"wp","href":"https:\/\/api.w.org\/{rel}","templated":true}]}}