{"id":36740,"date":"2025-02-20T22:28:55","date_gmt":"2025-02-20T22:28:55","guid":{"rendered":"http:\/\/olemosaic.com\/producto\/funda-de-telefono-para-iphone-13-promax-tpu-panoramica-barcelona-azul\/"},"modified":"2025-07-25T20:01:11","modified_gmt":"2025-07-25T18:01:11","slug":"coque-de-telephone-pour-iphone-13-pro-max-tpu-panoramique-barcelone-bleu","status":"publish","type":"product","link":"https:\/\/olemosaic.com\/fr\/produit\/coque-de-telephone-pour-iphone-13-pro-max-tpu-panoramique-barcelone-bleu\/","title":{"rendered":"Coque de t\u00e9l\u00e9phone pour iPhone 13 Pro Max (TPU). Panoramique. Barcelone. Bleu"},"content":{"rendered":"<p>Cette coque pour iPhone 13 Pro Max est le cadeau parfait pour les amoureux de Barcelone, car elle capture l&rsquo;essence vibrante de la cit\u00e9 comtale. Fabriqu\u00e9e en TPU, elle prot\u00e8ge non seulement l&rsquo;appareil de mani\u00e8re durable et efficace, mais affiche \u00e9galement un panorama color\u00e9 de certains des \u00e9l\u00e9ments les plus embl\u00e9matiques de Barcelone. Sur un fond bleu attrayant, se d\u00e9tache la majestueuse Sagrada Familia, symbole incontest\u00e9 de l&rsquo;architecture moderniste d&rsquo;Antoni Gaud\u00ed, entour\u00e9e de palmiers qui \u00e9voquent l&rsquo;atmosph\u00e8re ensoleill\u00e9e et m\u00e9diterran\u00e9enne de la ville. Un soleil radieux compl\u00e8te le design, apportant une sensation de joie et de chaleur. De plus, les touches graphiques d\u00e9taill\u00e9es et les couleurs vives de l&rsquo;\u0153uvre font de cette coque une option amusante et unique pour montrer son amour pour Barcelone.<\/p>\n<p>Elle est con\u00e7ue pour ceux qui recherchent un souvenir authentique et repr\u00e9sentatif de la culture catalane, alliant fonctionnalit\u00e9 et style attrayant. Chez Ol\u00e9 Mosaic, en tant que distributeurs de souvenirs et d&rsquo;accessoires, nous proposons des produits qui refl\u00e8tent le riche patrimoine culturel de l&rsquo;Espagne. Cette coque pour iPhone est une excellente option pour les boutiques de cadeaux touristiques souhaitant proposer des souvenirs authentiques de Barcelone qui attirent les visiteurs.<\/p>\n","protected":false},"excerpt":{"rendered":"<p>Coque de t\u00e9l\u00e9phone pour iPhone 13 Pro Max fabriqu\u00e9e en TPU, avec un panorama vibrant de Barcelone. Sur un fond bleu attrayant, la coque met en avant l&#8217;embl\u00e9matique Sagrada Familia ainsi que des \u00e9l\u00e9ments iconiques de la ville, tels que des palmiers et un soleil radieux. Les couleurs vives et le design graphique amusant font de cet accessoire une excellente option pour prot\u00e9ger votre appareil tout en affichant votre amour pour la cit\u00e9 comtale.<\/p>\n","protected":false},"featured_media":12341,"template":"","meta":{"_acf_changed":false},"product_brand":[],"product_cat":[674],"product_tag":[],"class_list":{"0":"post-36740","1":"product","2":"type-product","3":"status-publish","4":"has-post-thumbnail","6":"product_cat-etuis-pour-telephones-portables","7":"pa_ciudad-barcelona","8":"pa_motivo-panoramas","9":"pa_pais-espana","11":"first","12":"instock","13":"shipping-taxable","14":"product-type-simple"},"acf":[],"_links":{"self":[{"href":"https:\/\/olemosaic.com\/fr\/wp-json\/wp\/v2\/product\/36740","targetHints":{"allow":["GET"]}}],"collection":[{"href":"https:\/\/olemosaic.com\/fr\/wp-json\/wp\/v2\/product"}],"about":[{"href":"https:\/\/olemosaic.com\/fr\/wp-json\/wp\/v2\/types\/product"}],"wp:featuredmedia":[{"embeddable":true,"href":"https:\/\/olemosaic.com\/fr\/wp-json\/wp\/v2\/media\/12341"}],"wp:attachment":[{"href":"https:\/\/olemosaic.com\/fr\/wp-json\/wp\/v2\/media?parent=36740"}],"wp:term":[{"taxonomy":"product_brand","embeddable":true,"href":"https:\/\/olemosaic.com\/fr\/wp-json\/wp\/v2\/product_brand?post=36740"},{"taxonomy":"product_cat","embeddable":true,"href":"https:\/\/olemosaic.com\/fr\/wp-json\/wp\/v2\/product_cat?post=36740"},{"taxonomy":"product_tag","embeddable":true,"href":"https:\/\/olemosaic.com\/fr\/wp-json\/wp\/v2\/product_tag?post=36740"}],"curies":[{"name":"wp","href":"https:\/\/api.w.org\/{rel}","templated":true}]}}