{"id":36738,"date":"2025-02-20T22:28:55","date_gmt":"2025-02-20T22:28:55","guid":{"rendered":"http:\/\/olemosaic.com\/producto\/funda-de-telefono-para-iphone-13-pro-tpu-salamandra-mallorca-blanco\/"},"modified":"2025-07-25T19:22:55","modified_gmt":"2025-07-25T17:22:55","slug":"coque-de-telephone-pour-iphone-13-pro-tpu-salamandre-majorque-blanc-fr","status":"publish","type":"product","link":"https:\/\/olemosaic.com\/fr\/produit\/coque-de-telephone-pour-iphone-13-pro-tpu-salamandre-majorque-blanc-fr\/","title":{"rendered":"Coque de t\u00e9l\u00e9phone pour iPhone 13 Pro (TPU). Salamandre. Majorque. Blanc"},"content":{"rendered":"<p>Cette coque pour iPhone 13 Pro est une v\u00e9ritable \u0153uvre d&rsquo;art qui capture l&rsquo;esprit vibrant de Majorque. Fabriqu\u00e9e en TPU de haute qualit\u00e9, elle prot\u00e8ge non seulement votre appareil, mais le fait aussi avec style gr\u00e2ce \u00e0 son design accrocheur. Elle pr\u00e9sente une illustration captivante de salamandres aux couleurs vives, entrelac\u00e9es de fleurs d\u00e9licates, sur un fond blanc qui imite une mosa\u00efque typique de la r\u00e9gion. Les tons verts, rouges et bleus des salamandres apportent une touche exotique, tandis que le design en mosa\u00efque \u00e9voque la riche tradition artistique de Majorque.<\/p>\n<p>Le mot \u00ab\u00a0Majorque\u00a0\u00bb se distingue par un style typographique joyeux qui compl\u00e8te le dynamisme du design et ajoute un air moderne et juv\u00e9nile \u00e0 l&rsquo;accessoire. Cette coque est id\u00e9ale pour ceux qui cherchent \u00e0 prot\u00e9ger leur t\u00e9l\u00e9phone tout en emportant avec eux un souvenir authentique des merveilles m\u00e9diterran\u00e9ennes. C&rsquo;est une excellente option pour les touristes qui souhaitent ramener un petit morceau de Majorque chez eux, en faisant un souvenir unique et repr\u00e9sentatif. Chez Ol\u00e9 Mosaic, nous distribuons des produits authentiques et de qualit\u00e9 en gros, et cette coque salamandre est un choix parfait pour les boutiques de cadeaux touristiques souhaitant proposer des articles distinctifs refl\u00e9tant la culture et la beaut\u00e9 de cette destination exceptionnelle.<\/p>\n","protected":false},"excerpt":{"rendered":"<p>Coque pour iPhone 13 Pro en TPU, d\u00e9cor\u00e9e d&rsquo;un design vibrant de salamandres et de fleurs, \u00e9voquant l&rsquo;esprit de Majorque. Cet accessoire se distingue par son fond blanc avec un motif de mosa\u00efque aux couleurs vives : verts, rouges et bleus. Le mot \u00ab\u00a0Majorque\u00a0\u00bb est pr\u00e9sent\u00e9 dans un style color\u00e9 et joyeux, apportant une touche distinctive et moderne. Id\u00e9al pour ceux qui cherchent \u00e0 prot\u00e9ger leur appareil avec une touche artistique et m\u00e9diterran\u00e9enne.<\/p>\n","protected":false},"featured_media":12932,"template":"","meta":{"_acf_changed":false},"product_brand":[],"product_cat":[674],"product_tag":[530],"class_list":{"0":"post-36738","1":"product","2":"type-product","3":"status-publish","4":"has-post-thumbnail","6":"product_cat-etuis-pour-telephones-portables","7":"product_tag-animaux","8":"pa_ciudad-mallorca","9":"pa_motivo-salamandres","10":"pa_pais-espana","12":"first","13":"instock","14":"shipping-taxable","15":"product-type-simple"},"acf":[],"_links":{"self":[{"href":"https:\/\/olemosaic.com\/fr\/wp-json\/wp\/v2\/product\/36738","targetHints":{"allow":["GET"]}}],"collection":[{"href":"https:\/\/olemosaic.com\/fr\/wp-json\/wp\/v2\/product"}],"about":[{"href":"https:\/\/olemosaic.com\/fr\/wp-json\/wp\/v2\/types\/product"}],"wp:featuredmedia":[{"embeddable":true,"href":"https:\/\/olemosaic.com\/fr\/wp-json\/wp\/v2\/media\/12932"}],"wp:attachment":[{"href":"https:\/\/olemosaic.com\/fr\/wp-json\/wp\/v2\/media?parent=36738"}],"wp:term":[{"taxonomy":"product_brand","embeddable":true,"href":"https:\/\/olemosaic.com\/fr\/wp-json\/wp\/v2\/product_brand?post=36738"},{"taxonomy":"product_cat","embeddable":true,"href":"https:\/\/olemosaic.com\/fr\/wp-json\/wp\/v2\/product_cat?post=36738"},{"taxonomy":"product_tag","embeddable":true,"href":"https:\/\/olemosaic.com\/fr\/wp-json\/wp\/v2\/product_tag?post=36738"}],"curies":[{"name":"wp","href":"https:\/\/api.w.org\/{rel}","templated":true}]}}