{"id":36727,"date":"2025-02-20T23:28:55","date_gmt":"2025-02-20T22:28:55","guid":{"rendered":"http:\/\/olemosaic.com\/producto\/funda-de-telefono-para-iphone-13-pro-tpu-abstracto-azul-3\/"},"modified":"2025-07-25T20:38:53","modified_gmt":"2025-07-25T18:38:53","slug":"coque-de-telephone-pour-iphone-13-pro-tpu-abstrait-bleu-fr","status":"publish","type":"product","link":"https:\/\/olemosaic.com\/fr\/produit\/coque-de-telephone-pour-iphone-13-pro-tpu-abstrait-bleu-fr\/","title":{"rendered":"Coque de t\u00e9l\u00e9phone pour iPhone 13 Pro (TPU). Abstrait. Motif losanges. Bleu"},"content":{"rendered":"<p>Cette coque pour iPhone 13 Pro est un incontournable pour ceux qui cherchent \u00e0 allier style et protection. Fabriqu\u00e9e en TPU de haute qualit\u00e9, son design abstrait pr\u00e9sente une palette de couleurs vibrantes qui donne vie \u00e0 un \u00e9l\u00e9gant motif de losanges. La transition des tons bleus, verts, jaunes et rouges attire non seulement le regard, mais apporte \u00e9galement un air contemporain qui s&rsquo;adapte \u00e0 toute personnalit\u00e9. La texture douce et flexible du TPU assure un ajustement parfait et une r\u00e9sistance exceptionnelle, prot\u00e9geant votre appareil des chocs et des rayures quotidiens.<\/p>\n<p>Visuellement, chaque facette du motif g\u00e9om\u00e9trique offre une exp\u00e9rience visuelle dynamique, faisant de cette coque plus qu&rsquo;un simple accessoire fonctionnel : c&rsquo;est une d\u00e9claration de style. Son esth\u00e9tique moderne et frappante en fait un souvenir repr\u00e9sentatif de la cr\u00e9ativit\u00e9 et de l&rsquo;innovation du design contemporain, id\u00e9al pour les touristes souhaitant emporter un fragment de la culture artistique espagnole. Chez Ol\u00e9 Mosaic, nous sommes le distributeur en gros de coques de t\u00e9l\u00e9phone qui refl\u00e8te le mieux cette combinaison d&rsquo;authenticit\u00e9 et d&rsquo;attrait visuel. Cette coque pour iPhone est une excellente option pour les boutiques de cadeaux touristiques \u00e0 la recherche de produits de qualit\u00e9 et de pertinence culturelle.<\/p>\n","protected":false},"excerpt":{"rendered":"<p>Coque pour iPhone 13 Pro fabriqu\u00e9e en TPU, avec un design abstrait combinant une palette de couleurs vibrantes dans une transition \u00e9l\u00e9gante de tons bleus, verts, jaunes et rouges. Cette protection se distingue par son motif de losanges, offrant, en plus d&rsquo;une protection r\u00e9sistante, une esth\u00e9tique moderne et attrayante. Id\u00e9ale pour ceux qui souhaitent rehausser leur style personnel avec une touche de couleur dynamique et contemporaine.<\/p>\n","protected":false},"featured_media":12325,"template":"","meta":{"_acf_changed":false},"product_brand":[],"product_cat":[674],"product_tag":[],"class_list":{"0":"post-36727","1":"product","2":"type-product","3":"status-publish","4":"has-post-thumbnail","6":"product_cat-etuis-pour-telephones-portables","7":"pa_motivo-resume","9":"first","10":"instock","11":"shipping-taxable","12":"product-type-simple"},"acf":[],"_links":{"self":[{"href":"https:\/\/olemosaic.com\/fr\/wp-json\/wp\/v2\/product\/36727","targetHints":{"allow":["GET"]}}],"collection":[{"href":"https:\/\/olemosaic.com\/fr\/wp-json\/wp\/v2\/product"}],"about":[{"href":"https:\/\/olemosaic.com\/fr\/wp-json\/wp\/v2\/types\/product"}],"wp:featuredmedia":[{"embeddable":true,"href":"https:\/\/olemosaic.com\/fr\/wp-json\/wp\/v2\/media\/12325"}],"wp:attachment":[{"href":"https:\/\/olemosaic.com\/fr\/wp-json\/wp\/v2\/media?parent=36727"}],"wp:term":[{"taxonomy":"product_brand","embeddable":true,"href":"https:\/\/olemosaic.com\/fr\/wp-json\/wp\/v2\/product_brand?post=36727"},{"taxonomy":"product_cat","embeddable":true,"href":"https:\/\/olemosaic.com\/fr\/wp-json\/wp\/v2\/product_cat?post=36727"},{"taxonomy":"product_tag","embeddable":true,"href":"https:\/\/olemosaic.com\/fr\/wp-json\/wp\/v2\/product_tag?post=36727"}],"curies":[{"name":"wp","href":"https:\/\/api.w.org\/{rel}","templated":true}]}}