{"id":36726,"date":"2025-02-20T22:28:22","date_gmt":"2025-02-20T22:28:22","guid":{"rendered":"http:\/\/olemosaic.com\/producto\/cenicero-de-ceramica-de-10-cm-panoramica-barcelona-beige\/"},"modified":"2025-07-25T18:57:26","modified_gmt":"2025-07-25T16:57:26","slug":"cendrier-en-ceramique-de-10-cm-panoramique-barcelone-beige-fr","status":"publish","type":"product","link":"https:\/\/olemosaic.com\/fr\/produit\/cendrier-en-ceramique-de-10-cm-panoramique-barcelone-beige-fr\/","title":{"rendered":"Cendrier en c\u00e9ramique de 10 cm. Panoramique. Barcelone. Beige"},"content":{"rendered":"<p>D\u00e9couvrez notre charmant cendrier en c\u00e9ramique de 10 cm, une pi\u00e8ce qui capture l&rsquo;essence vibrante de Barcelone. Ce cendrier attrayant pr\u00e9sente une vue panoramique color\u00e9e de l&#8217;embl\u00e9matique Sagrada Familia, avec un design inspir\u00e9 par les magnifiques mosa\u00efques d&rsquo;Antoni Gaud\u00ed. Les d\u00e9tails artistiques ressortent dans une palette de tons beige et rouge, cr\u00e9ant un contraste visuel captivant qui en fait non seulement un \u00e9l\u00e9ment fonctionnel, mas aussi une pi\u00e8ce d\u00e9corative exceptionnelle pour tout foyer ou espace.<\/p>\n<p>Le cendrier affiche le mot \u00ab Barcelone \u00bb dans des lettres amusantes et color\u00e9es, ajoutant une touche ludique qui refl\u00e8te le charme et l&rsquo;\u00e9nergie de cette ville espagnole unique. Sa finition unique et sa facilit\u00e9 d&rsquo;utilisation en font un souvenir id\u00e9al pour ceux qui souhaitent emporter un morceau de Barcelone. Cet article ne repr\u00e9sente pas seulement le g\u00e9nie architectural de Gaud\u00ed, mais est aussi un rappel tangible de la riche culture catalane.<\/p>\n<p>Chez Ol\u00e9 Mosaic, nous sommes fiers de proposer des souvenirs authentiques de Barcelone en gros, parfaits pour les boutiques de cadeaux touristiques \u00e0 la recherche de produits repr\u00e9sentatifs et de qualit\u00e9. Ce cendrier en c\u00e9ramique est une excellente option pour les touristes qui souhaitent se souvenir de leur visite dans la vibrante cit\u00e9 comtale avec un article d\u00e9coratif et fonctionnel.<\/p>\n","protected":false},"excerpt":{"rendered":"<p>Cendrier en c\u00e9ramique de 10 cm avec une vue panoramique color\u00e9e de Barcelone. Ce cendrier attrayant montre une illustration vibrante de la Sagrada Familia, con\u00e7ue avec des mosa\u00efques \u00e9voquant le style unique de Gaud\u00ed. Les d\u00e9tails artistiques sont accompagn\u00e9s du mot \u00ab\u00a0Barcelone\u00a0\u00bb dans des lettres amusantes et color\u00e9es, une touche ludique qui souligne le charme de la ville. Sa finition dans des tons beige et rouge en fait un \u00e9l\u00e9ment d\u00e9coratif id\u00e9al pour n&rsquo;importe quel foyer.<\/p>\n","protected":false},"featured_media":7769,"template":"","meta":{"_acf_changed":false},"product_brand":[],"product_cat":[584],"product_tag":[585],"class_list":{"0":"post-36726","1":"product","2":"type-product","3":"status-publish","4":"has-post-thumbnail","6":"product_cat-cendriers","7":"product_tag-ceramique","8":"pa_ciudad-barcelona","9":"pa_motivo-panoramas","10":"pa_pais-espana","12":"first","13":"instock","14":"shipping-taxable","15":"product-type-simple"},"acf":[],"_links":{"self":[{"href":"https:\/\/olemosaic.com\/fr\/wp-json\/wp\/v2\/product\/36726","targetHints":{"allow":["GET"]}}],"collection":[{"href":"https:\/\/olemosaic.com\/fr\/wp-json\/wp\/v2\/product"}],"about":[{"href":"https:\/\/olemosaic.com\/fr\/wp-json\/wp\/v2\/types\/product"}],"wp:featuredmedia":[{"embeddable":true,"href":"https:\/\/olemosaic.com\/fr\/wp-json\/wp\/v2\/media\/7769"}],"wp:attachment":[{"href":"https:\/\/olemosaic.com\/fr\/wp-json\/wp\/v2\/media?parent=36726"}],"wp:term":[{"taxonomy":"product_brand","embeddable":true,"href":"https:\/\/olemosaic.com\/fr\/wp-json\/wp\/v2\/product_brand?post=36726"},{"taxonomy":"product_cat","embeddable":true,"href":"https:\/\/olemosaic.com\/fr\/wp-json\/wp\/v2\/product_cat?post=36726"},{"taxonomy":"product_tag","embeddable":true,"href":"https:\/\/olemosaic.com\/fr\/wp-json\/wp\/v2\/product_tag?post=36726"}],"curies":[{"name":"wp","href":"https:\/\/api.w.org\/{rel}","templated":true}]}}