{"id":36724,"date":"2025-02-20T22:28:21","date_gmt":"2025-02-20T22:28:21","guid":{"rendered":"http:\/\/olemosaic.com\/producto\/posavasos-de-ceramica-salamandra-mallorca\/"},"modified":"2025-07-25T18:46:29","modified_gmt":"2025-07-25T16:46:29","slug":"dessous-de-verre-en-ceramique-salamandre-majorque-fr","status":"publish","type":"product","link":"https:\/\/olemosaic.com\/fr\/produit\/dessous-de-verre-en-ceramique-salamandre-majorque-fr\/","title":{"rendered":"Dessous de verre en c\u00e9ramique. Salamandre. Majorque."},"content":{"rendered":"<p>D\u00e9couvrez notre \u00e9l\u00e9gant dessous de verre en c\u00e9ramique d\u00e9cor\u00e9 d&rsquo;une illustration vibrante de salamandres, inspir\u00e9 par les traditions de Majorque. Id\u00e9al pour ajouter une touche m\u00e9diterran\u00e9enne \u00e0 n&rsquo;importe quelle table, ce dessous de verre pr\u00e9sente un design color\u00e9 qui met en valeur les salamandres dans des tons rouge, bleu et vert, sur un fond de mosa\u00efque blanche qui \u00e9voque la riche histoire artistique de l&rsquo;\u00eele. Le mot \u00ab\u00a0MALLORCA\u00a0\u00bb est situ\u00e9 au centre, soulignant son origine et son authenticit\u00e9, ce qui fait de chaque pi\u00e8ce un souvenir authentique de cette charmante r\u00e9gion.<\/p>\n<p>Fabriqu\u00e9 avec une c\u00e9ramique de haute qualit\u00e9, ce dessous de verre n&rsquo;est pas seulement pratique pour prot\u00e9ger les surfaces, mais il agit \u00e9galement comme une pi\u00e8ce d\u00e9corative qui c\u00e9l\u00e8bre la biodiversit\u00e9 locale. Les salamandres sont un symbole d&rsquo;adaptation et de vivacit\u00e9 dans la culture m\u00e9diterran\u00e9enne, ce qui ajoute une signification particuli\u00e8re \u00e0 cet article. Avec son design color\u00e9, ce dessous de verre est une excellente option pour les touristes \u00e0 la recherche de souvenirs de Majorque qui capturent l&rsquo;essence de leur voyage.<\/p>\n<p>Chez Ol\u00e9 Mosaic, nous sommes sp\u00e9cialistes de la distribution de souvenirs en gros. Ce dessous de verre, qui repr\u00e9sente la culture majorquine, est un produit attrayant pour les boutiques de cadeaux touristiques souhaitant proposer des articles authentiques et de qualit\u00e9. En tant que grossistes en c\u00e9ramique, nous garantissons l&rsquo;artisanat et l&rsquo;exclusivit\u00e9 de chaque pi\u00e8ce.<\/p>\n","protected":false},"excerpt":{"rendered":"<p>Dessous de verre en c\u00e9ramique d\u00e9cor\u00e9 d&rsquo;une illustration frappante de salamandres, inspir\u00e9 par les traditions majorquines. Ce design vibrant pr\u00e9sente des salamandres rouges, bleues et vertes, entour\u00e9es de fleurs sur un fond de mosa\u00efque blanche. La pi\u00e8ce inclut le mot \u00ab\u00a0MALLORCA\u00a0\u00bb au centre, soulignant son origine. Id\u00e9al pour ajouter une touche m\u00e9diterran\u00e9enne \u00e0 n&rsquo;importe quelle table, il allie fonctionnalit\u00e9 et art dans une pr\u00e9sentation magnifique.<\/p>\n","protected":false},"featured_media":8965,"template":"","meta":{"_acf_changed":false},"product_brand":[],"product_cat":[812],"product_tag":[530,585],"class_list":{"0":"post-36724","1":"product","2":"type-product","3":"status-publish","4":"has-post-thumbnail","6":"product_cat-sous-verres","7":"product_tag-animaux","8":"product_tag-ceramique","9":"pa_ciudad-mallorca","10":"pa_motivo-salamandres","11":"pa_pais-espana","13":"first","14":"instock","15":"shipping-taxable","16":"product-type-simple"},"acf":[],"_links":{"self":[{"href":"https:\/\/olemosaic.com\/fr\/wp-json\/wp\/v2\/product\/36724","targetHints":{"allow":["GET"]}}],"collection":[{"href":"https:\/\/olemosaic.com\/fr\/wp-json\/wp\/v2\/product"}],"about":[{"href":"https:\/\/olemosaic.com\/fr\/wp-json\/wp\/v2\/types\/product"}],"wp:featuredmedia":[{"embeddable":true,"href":"https:\/\/olemosaic.com\/fr\/wp-json\/wp\/v2\/media\/8965"}],"wp:attachment":[{"href":"https:\/\/olemosaic.com\/fr\/wp-json\/wp\/v2\/media?parent=36724"}],"wp:term":[{"taxonomy":"product_brand","embeddable":true,"href":"https:\/\/olemosaic.com\/fr\/wp-json\/wp\/v2\/product_brand?post=36724"},{"taxonomy":"product_cat","embeddable":true,"href":"https:\/\/olemosaic.com\/fr\/wp-json\/wp\/v2\/product_cat?post=36724"},{"taxonomy":"product_tag","embeddable":true,"href":"https:\/\/olemosaic.com\/fr\/wp-json\/wp\/v2\/product_tag?post=36724"}],"curies":[{"name":"wp","href":"https:\/\/api.w.org\/{rel}","templated":true}]}}