{"id":36723,"date":"2025-02-20T22:28:21","date_gmt":"2025-02-20T22:28:21","guid":{"rendered":"http:\/\/olemosaic.com\/producto\/cortador-de-ceramica-salamandra\/"},"modified":"2025-07-25T18:49:27","modified_gmt":"2025-07-25T16:49:27","slug":"coupe-pizza-en-ceramique-salamandre","status":"publish","type":"product","link":"https:\/\/olemosaic.com\/fr\/produit\/coupe-pizza-en-ceramique-salamandre\/","title":{"rendered":"Coupe-pizza en c\u00e9ramique. Salamandre."},"content":{"rendered":"<p>D\u00e9couvrez notre coupe-pizza en c\u00e9ramique d\u00e9cor\u00e9, un joyau de l&rsquo;art andalou qui ajoute une touche vibrante \u00e0 n&rsquo;importe quelle cuisine. Cet accessoire pratique, inspir\u00e9 par la mosa\u00efque color\u00e9e andalouse, pr\u00e9sente un design frappant dans des tons rouges, verts et bleus, avec diverses salamandres dans diff\u00e9rentes postures sur un fond de style carrelage, capturant l&rsquo;essence de la faune et de la flore m\u00e9diterran\u00e9ennes. Fabriqu\u00e9 en c\u00e9ramique de haute qualit\u00e9, ce coupe-pizza se distingue tant par sa fonctionnalit\u00e9 que par son attrait esth\u00e9tique, devenant un souvenir id\u00e9al pour ceux qui aiment la culture espagnole et les d\u00e9tails artisanaux.<\/p>\n<p>Les salamandres, symbole de force et de transformation dans de nombreuses cultures, s&rsquo;entrelacent avec des fleurs d\u00e9licates dans un hommage \u00e0 la riche biodiversit\u00e9 du sud de l&rsquo;Espagne. Ce coupe-pizza est plus qu&rsquo;un simple ustensile ; c&rsquo;est un rappel de la beaut\u00e9 du patrimoine andalou, parfait pour ceux qui souhaitent ramener un morceau de la culture espagnole chez eux. Chez Ol\u00e9 Mosaic, en tant que grossistes de souvenirs authentiques, nous proposons des produits que refl\u00e8tent l&rsquo;histoire et la tradition de notre terre. Ce coupe-pizza en c\u00e9ramique est, sans aucun doute, une excellente option pour les boutiques de cadeaux touristiques qui cherchent \u00e0 offrir \u00e0 leurs clients une repr\u00e9sentation authentique de l&rsquo;Andalousie.<\/p>\n","protected":false},"excerpt":{"rendered":"<p>Coupe-pizza en c\u00e9ramique d\u00e9cor\u00e9 de motifs de salamandres et de fleurs, inspir\u00e9 par la mosa\u00efque color\u00e9e andalouse. Cet accessoire pratique pr\u00e9sente un design vibrant dans des tons rouges, verts et bleus, avec des salamandres dans diverses positions sur un fond simulant des carreaux. Fabriqu\u00e9 en c\u00e9ramique, il allie fonctionnalit\u00e9 et art, ce qui en fait un souvenir id\u00e9al pour les amoureux de la culture espagnole et des d\u00e9tails artisanaux. Parfait pour ajouter une touche andalouse \u00e0 votre cuisine.<\/p>\n","protected":false},"featured_media":9040,"template":"","meta":{"_acf_changed":false},"product_brand":[],"product_cat":[832],"product_tag":[530,585],"class_list":{"0":"post-36723","1":"product","2":"type-product","3":"status-publish","4":"has-post-thumbnail","6":"product_cat-emporte-pieces","7":"product_tag-animaux","8":"product_tag-ceramique","9":"pa_motivo-salamandres","11":"first","12":"instock","13":"shipping-taxable","14":"product-type-simple"},"acf":[],"_links":{"self":[{"href":"https:\/\/olemosaic.com\/fr\/wp-json\/wp\/v2\/product\/36723","targetHints":{"allow":["GET"]}}],"collection":[{"href":"https:\/\/olemosaic.com\/fr\/wp-json\/wp\/v2\/product"}],"about":[{"href":"https:\/\/olemosaic.com\/fr\/wp-json\/wp\/v2\/types\/product"}],"wp:featuredmedia":[{"embeddable":true,"href":"https:\/\/olemosaic.com\/fr\/wp-json\/wp\/v2\/media\/9040"}],"wp:attachment":[{"href":"https:\/\/olemosaic.com\/fr\/wp-json\/wp\/v2\/media?parent=36723"}],"wp:term":[{"taxonomy":"product_brand","embeddable":true,"href":"https:\/\/olemosaic.com\/fr\/wp-json\/wp\/v2\/product_brand?post=36723"},{"taxonomy":"product_cat","embeddable":true,"href":"https:\/\/olemosaic.com\/fr\/wp-json\/wp\/v2\/product_cat?post=36723"},{"taxonomy":"product_tag","embeddable":true,"href":"https:\/\/olemosaic.com\/fr\/wp-json\/wp\/v2\/product_tag?post=36723"}],"curies":[{"name":"wp","href":"https:\/\/api.w.org\/{rel}","templated":true}]}}