{"id":36716,"date":"2025-02-20T23:28:08","date_gmt":"2025-02-20T22:28:08","guid":{"rendered":"http:\/\/olemosaic.com\/producto\/cucharon-de-ceramica-patio-blanco\/"},"modified":"2025-07-25T20:17:44","modified_gmt":"2025-07-25T18:17:44","slug":"louche-en-ceramique-patio-andalou-blanc","status":"publish","type":"product","link":"https:\/\/olemosaic.com\/fr\/produit\/louche-en-ceramique-patio-andalou-blanc\/","title":{"rendered":"Louche en c\u00e9ramique. Patio andalou. Blanc"},"content":{"rendered":"<p>Louche en c\u00e9ramique d\u00e9cor\u00e9e d&rsquo;un patio andalou vibrant. Cette \u00e9l\u00e9gante louche blanche est une v\u00e9ritable \u0153uvre d&rsquo;art, orn\u00e9e d&rsquo;une illustration qui capture l&rsquo;essence du flamenco. Dans le design, un couple danse le flamenco entour\u00e9 de fleurs rouges et sur un fond \u00e9voquant les azulejos traditionnels andalous. Avec sa finition soign\u00e9e, les d\u00e9tails peints \u00e0 la main refl\u00e8tent la riche culture espagnole et la joie du folklore local, tandis que les d\u00e9corations florales et la lampe ajoutent un charme authentique et festif.<\/p>\n<p>Cette louche n&rsquo;est pas seulement un ustensile fonctionnel parfait pour n&rsquo;importe quelle cuisine, elle se distingue \u00e9galement comme un objet d\u00e9coratif \u00e9voquant la tradition andalouse, transformant n&rsquo;importe quel espace en un coin d&rsquo;Espagne. Id\u00e9al pour ceux qui recherchent un souvenir m\u00e9morable de leur visite en Andalousie, ce souvenir t\u00e9moigne du savoir-faire artisanal et de la passion qui caract\u00e9risent cette r\u00e9gion.<\/p>\n<p>Chez Ol\u00e9 Mosaic, nous nous sp\u00e9cialisons dans la distribution de souvenirs en gros, et cette louche est une excellente option pour les boutiques de cadeaux touristiques souhaitant offrir des produits authentiques et repr\u00e9sentatifs. En tant que grossistes d&rsquo;articles en c\u00e9ramique, nous garantissons la qualit\u00e9 et l&rsquo;authenticit\u00e9 de chaque pi\u00e8ce, assurant que nos clients puissent offrir \u00e0 leurs acheteurs des souvenirs qui c\u00e9l\u00e8brent la culture espagnole.<\/p>\n","protected":false},"excerpt":{"rendered":"<p>Louche en c\u00e9ramique d\u00e9cor\u00e9e d&rsquo;un patio andalou vibrant. Cette \u00e9l\u00e9gante louche blanche pr\u00e9sente une illustration color\u00e9e d&rsquo;un couple dansant le flamenco, entour\u00e9 de fleurs rouges et d&rsquo;un fond d&rsquo;azulejos. Les d\u00e9tails peints \u00e0 la main soulignent la riche culture espagnole, tandis que les d\u00e9corations florales et la lampe ajoutent une touche authentique et festive. Id\u00e9ale comme ustensile de cuisine ou comme objet d\u00e9coratif \u00e9voquant la tradition et le folklore de l&rsquo;Andalousie.<\/p>\n","protected":false},"featured_media":8496,"template":"","meta":{"_acf_changed":false},"product_brand":[],"product_cat":[798],"product_tag":[585],"class_list":{"0":"post-36716","1":"product","2":"type-product","3":"status-publish","4":"has-post-thumbnail","6":"product_cat-louches","7":"product_tag-ceramique","8":"pa_motivo-cours-interieures","10":"first","11":"instock","12":"shipping-taxable","13":"product-type-simple"},"acf":[],"_links":{"self":[{"href":"https:\/\/olemosaic.com\/fr\/wp-json\/wp\/v2\/product\/36716","targetHints":{"allow":["GET"]}}],"collection":[{"href":"https:\/\/olemosaic.com\/fr\/wp-json\/wp\/v2\/product"}],"about":[{"href":"https:\/\/olemosaic.com\/fr\/wp-json\/wp\/v2\/types\/product"}],"wp:featuredmedia":[{"embeddable":true,"href":"https:\/\/olemosaic.com\/fr\/wp-json\/wp\/v2\/media\/8496"}],"wp:attachment":[{"href":"https:\/\/olemosaic.com\/fr\/wp-json\/wp\/v2\/media?parent=36716"}],"wp:term":[{"taxonomy":"product_brand","embeddable":true,"href":"https:\/\/olemosaic.com\/fr\/wp-json\/wp\/v2\/product_brand?post=36716"},{"taxonomy":"product_cat","embeddable":true,"href":"https:\/\/olemosaic.com\/fr\/wp-json\/wp\/v2\/product_cat?post=36716"},{"taxonomy":"product_tag","embeddable":true,"href":"https:\/\/olemosaic.com\/fr\/wp-json\/wp\/v2\/product_tag?post=36716"}],"curies":[{"name":"wp","href":"https:\/\/api.w.org\/{rel}","templated":true}]}}