{"id":36715,"date":"2025-02-20T22:28:08","date_gmt":"2025-02-20T22:28:08","guid":{"rendered":"http:\/\/olemosaic.com\/producto\/cucharon-de-ceramica-toro-madrid-beige\/"},"modified":"2025-07-25T18:48:27","modified_gmt":"2025-07-25T16:48:27","slug":"louche-en-ceramique-taureau-madrid-beige","status":"publish","type":"product","link":"https:\/\/olemosaic.com\/fr\/produit\/louche-en-ceramique-taureau-madrid-beige\/","title":{"rendered":"Louche en c\u00e9ramique. Taureau. Madrid. Beige"},"content":{"rendered":"<p>Louche en c\u00e9ramique avec un design embl\u00e9matique d&rsquo;un taureau de Madrid, une pi\u00e8ce unique qui allie fonctionnalit\u00e9 et art. Cet ustensile attrayant est fabriqu\u00e9 en c\u00e9ramique de haute qualit\u00e9 et pr\u00e9sente une forme allong\u00e9e qui facilite son utilisation en cuisine. La figure du taureau, symbole de la culture madril\u00e8ne et de la tradition taurine, se distingue dans une mosa\u00efque vibrante de couleurs comprenant des nuances de rouge, vert et jaune, cr\u00e9ant un effet visuel captivant. Autour du taureau, on peut appr\u00e9cier de d\u00e9licates fleurs rouges et vertes qui ajoutent une touche joyeuse et distinctive, transformant la louche en un v\u00e9ritable objet d\u00e9coratif.<\/p>\n<p>Sa finition dans les tons beige souligne la richesse des couleurs du taureau et des fleurs, faisant de cette louche un excellent souvenir qui capture l&rsquo;essence de la tradition espagnole. En plus d&rsquo;\u00eatre un ustensile pratique, son design artistique en fait une pi\u00e8ce id\u00e9ale pour d\u00e9corer n&rsquo;importe quelle cuisine ou table. Cette louche en c\u00e9ramique repr\u00e9sente l&rsquo;authenticit\u00e9 de Madrid et constitue un cadeau parfait pour les touristes \u00e0 la recherche de souvenirs uniques et significatifs. Chez Ol\u00e9 Mosaic, nous sommes distributeurs de souvenirs en c\u00e9ramique et garantissons la qualit\u00e9 et le design exceptionnel que cette louche offre, soulignant sa pertinence culturelle en tant que symbole repr\u00e9sentatif de la richesse patrimoniale espagnole.<\/p>\n","protected":false},"excerpt":{"rendered":"<p>Louche en c\u00e9ramique d\u00e9cor\u00e9e d&rsquo;un taureau embl\u00e9matique, symbole de la culture madril\u00e8ne. Cet ustensile attrayant pr\u00e9sente un design vibrant avec des mosa\u00efques color\u00e9es qui mettent en valeur la figure du taureau, entour\u00e9e de fleurs rouges et vertes qui apportent une touche joyeuse et distinctive. Sa finition dans les tons beige et la forme allong\u00e9e caract\u00e9ristique de la louche en font un article fonctionnel et d\u00e9coratif, id\u00e9al pour les amoureux de la tradition espagnole.<\/p>\n","protected":false},"featured_media":7044,"template":"","meta":{"_acf_changed":false},"product_brand":[],"product_cat":[798],"product_tag":[530,585],"class_list":{"0":"post-36715","1":"product","2":"type-product","3":"status-publish","4":"has-post-thumbnail","6":"product_cat-louches","7":"product_tag-animaux","8":"product_tag-ceramique","9":"pa_ciudad-madrid","10":"pa_motivo-taureaux","11":"pa_pais-espana","13":"first","14":"instock","15":"shipping-taxable","16":"product-type-simple"},"acf":[],"_links":{"self":[{"href":"https:\/\/olemosaic.com\/fr\/wp-json\/wp\/v2\/product\/36715","targetHints":{"allow":["GET"]}}],"collection":[{"href":"https:\/\/olemosaic.com\/fr\/wp-json\/wp\/v2\/product"}],"about":[{"href":"https:\/\/olemosaic.com\/fr\/wp-json\/wp\/v2\/types\/product"}],"wp:featuredmedia":[{"embeddable":true,"href":"https:\/\/olemosaic.com\/fr\/wp-json\/wp\/v2\/media\/7044"}],"wp:attachment":[{"href":"https:\/\/olemosaic.com\/fr\/wp-json\/wp\/v2\/media?parent=36715"}],"wp:term":[{"taxonomy":"product_brand","embeddable":true,"href":"https:\/\/olemosaic.com\/fr\/wp-json\/wp\/v2\/product_brand?post=36715"},{"taxonomy":"product_cat","embeddable":true,"href":"https:\/\/olemosaic.com\/fr\/wp-json\/wp\/v2\/product_cat?post=36715"},{"taxonomy":"product_tag","embeddable":true,"href":"https:\/\/olemosaic.com\/fr\/wp-json\/wp\/v2\/product_tag?post=36715"}],"curies":[{"name":"wp","href":"https:\/\/api.w.org\/{rel}","templated":true}]}}