{"id":36713,"date":"2025-02-20T23:28:08","date_gmt":"2025-02-20T22:28:08","guid":{"rendered":"http:\/\/olemosaic.com\/producto\/cucharilla-de-metal-salamandra-barcelona\/"},"modified":"2025-07-25T22:23:44","modified_gmt":"2025-07-25T20:23:44","slug":"petite-cuillere-en-metal-salamandre-barcelone","status":"publish","type":"product","link":"https:\/\/olemosaic.com\/fr\/produit\/petite-cuillere-en-metal-salamandre-barcelone\/","title":{"rendered":"Petite cuill\u00e8re en m\u00e9tal. Salamandre. Barcelone."},"content":{"rendered":"<p>Petite cuill\u00e8re d\u00e9corative en m\u00e9tal avec un design exquis de salamandre, parfaite pour ramener un petit morceau de Barcelone chez soi. Cette pi\u00e8ce \u00e9l\u00e9gante n&rsquo;est pas seulement un ustensile fonctionnel, mais aussi une \u0153uvre d&rsquo;art inspir\u00e9e par la riche culture de la ville, c\u00e9l\u00e8bre pour son architecture moderniste, en particulier pour les \u0153uvres embl\u00e9matiques d&rsquo;Antoni Gaud\u00ed. La partie sup\u00e9rieure de la cuill\u00e8re pr\u00e9sente une illustration color\u00e9e en mosa\u00efque, combinant des tons vibrants de bleu, vert et orange, \u00e9voquant le style unique de Gaud\u00ed que l&rsquo;on peut appr\u00e9cier dans des lieux comme le Parc G\u00fcell.<\/p>\n<p>Le mot \u00ab\u00a0Barcelona\u00a0\u00bb est d\u00e9licatement grav\u00e9 sur la partie frontale de la cuill\u00e8re, ce qui fait de ce produit un souvenir parfaitement repr\u00e9sentatif de la ville. Elle est id\u00e9ale pour ceux qui recherchent un souvenir authentique alliant art et fonctionnalit\u00e9. La salamandre, symbole de chance et de protection, ajoute une touche culturelle qui se connecte directement \u00e0 la vie vibrante de Barcelone et \u00e0 sa riche historia. Chez Ol\u00e9 Mosaic, nous nous consacrons \u00e0 la distribution de souvenirs en gros, et cette cuill\u00e8re est une excellente option pour les boutiques de cadeaux touristiques souhaitant offrir des produits uniques et significatifs \u00e0 leurs clients. Avec son design attrayant et sa pertinence culturelle, cette cuill\u00e8re salamandre est un cadeau parfait pour les amoureux de Barcelone.<\/p>\n","protected":false},"excerpt":{"rendered":"<p>Petite cuill\u00e8re en m\u00e9tal avec un design tr\u00e8s sp\u00e9cial de salamandre, symbole de la riche culture barcelonaise. Cet accessoire de cuisine \u00e9l\u00e9gant pr\u00e9sente une illustration color\u00e9e en mosa\u00efque, aux tons vifs de bleu, vert et orange, inspir\u00e9e du style architectural d&rsquo;Antoni Gaud\u00ed. Le mot \u00ab\u00a0Barcelona\u00a0\u00bb est grav\u00e9 sur le devant, ce qui en fait un souvenir id\u00e9al alliant fonctionnalit\u00e9 et art, parfait pour les amoureux de la ville et de l&rsquo;art moderne.<\/p>\n","protected":false},"featured_media":6804,"template":"","meta":{"_acf_changed":false},"product_brand":[],"product_cat":[802],"product_tag":[530],"class_list":{"0":"post-36713","1":"product","2":"type-product","3":"status-publish","4":"has-post-thumbnail","6":"product_cat-cuilleres","7":"product_tag-animaux","8":"pa_ciudad-barcelona","9":"pa_motivo-salamandres","10":"pa_pais-espana","12":"first","13":"instock","14":"shipping-taxable","15":"product-type-simple"},"acf":[],"_links":{"self":[{"href":"https:\/\/olemosaic.com\/fr\/wp-json\/wp\/v2\/product\/36713","targetHints":{"allow":["GET"]}}],"collection":[{"href":"https:\/\/olemosaic.com\/fr\/wp-json\/wp\/v2\/product"}],"about":[{"href":"https:\/\/olemosaic.com\/fr\/wp-json\/wp\/v2\/types\/product"}],"wp:featuredmedia":[{"embeddable":true,"href":"https:\/\/olemosaic.com\/fr\/wp-json\/wp\/v2\/media\/6804"}],"wp:attachment":[{"href":"https:\/\/olemosaic.com\/fr\/wp-json\/wp\/v2\/media?parent=36713"}],"wp:term":[{"taxonomy":"product_brand","embeddable":true,"href":"https:\/\/olemosaic.com\/fr\/wp-json\/wp\/v2\/product_brand?post=36713"},{"taxonomy":"product_cat","embeddable":true,"href":"https:\/\/olemosaic.com\/fr\/wp-json\/wp\/v2\/product_cat?post=36713"},{"taxonomy":"product_tag","embeddable":true,"href":"https:\/\/olemosaic.com\/fr\/wp-json\/wp\/v2\/product_tag?post=36713"}],"curies":[{"name":"wp","href":"https:\/\/api.w.org\/{rel}","templated":true}]}}