{"id":36710,"date":"2025-02-20T23:27:50","date_gmt":"2025-02-20T22:27:50","guid":{"rendered":"http:\/\/olemosaic.com\/producto\/botella-inox-350-ml-punt-de-trobada-barcelona\/"},"modified":"2025-07-25T20:06:38","modified_gmt":"2025-07-25T18:06:38","slug":"bouteille-acier-inoxydable-350-ml-point-de-rencontre-barcelone","status":"publish","type":"product","link":"https:\/\/olemosaic.com\/fr\/produit\/bouteille-acier-inoxydable-350-ml-point-de-rencontre-barcelone\/","title":{"rendered":"Bouteille en acier inoxydable 350 ml. Point de rencontre. Barcelone."},"content":{"rendered":"<p>Bouteille en acier inoxydable 350 ml &#8211; Mosa\u00efque de Barcelone<\/p>\n<p>D\u00e9couvrez notre bouteille en acier inoxydable de 350 ml, orn\u00e9e d&rsquo;un design vibrant qui \u00e9voque la c\u00e9l\u00e8bre mosa\u00efque du Parc G\u00fcell de Barcelone. Cette bouteille n&rsquo;est pas seulement une option pratique pour garder vos boissons \u00e0 la temp\u00e9rature id\u00e9ale, mais c&rsquo;est aussi un hommage visuel \u00e0 l&rsquo;\u0153uvre de l&rsquo;architecte Antoni Gaud\u00ed. Avec un fond blanc qui fait ressortir les motifs color\u00e9s dans les tons jaune, rouge, vert et bleu, cette pi\u00e8ce devient un souvenir m\u00e9morable de Barcelone, capturant l&rsquo;essence de la ville \u00e0 chaque gorg\u00e9e.<\/p>\n<p>Le texte \u00ab Barcelona \u00bb appara\u00eet avec une typographie amusante et accrocheuse, apportant une touche ludique qui la rend encore plus attrayante. Con\u00e7ue avec un bouchon en acier qui garantit sa durabilit\u00e9 et compl\u00e9t\u00e9e par une poign\u00e9e pratique, cette bouteille est id\u00e9ale \u00e0 emporter partout, que ce soit en excursion, en promenade en ville ou dans votre routine quotidienne. Sa connexion culturelle avec la mosa\u00efque du Parc G\u00fcell en fait un souvenir repr\u00e9sentatif, soulignant le riche patrimoine artistique de Barcelone.<\/p>\n<p>Chez Ol\u00e9 Mosaic, nous sommes distributeurs de souvenirs authentiques, et cette bouteille est un excellent choix pour les boutiques de souvenirs touristiques \u00e0 la recherche d&rsquo;articles de qualit\u00e9 qui connectent avec les visiteurs. En choisissant notre bouteille de Barcelone, vous offrez \u00e0 vos clients un souvenir \u00e0 la fois fonctionnel et plein de sens culturel.<\/p>\n","protected":false},"excerpt":{"rendered":"<p>Bouteille en acier inoxydable de 350 ml, d\u00e9cor\u00e9e d&rsquo;un design vibrant \u00e9voquant la mosa\u00efque du c\u00e9l\u00e8bre Parc G\u00fcell de Barcelone. La bouteille a un fond blanc avec des motifs color\u00e9s dans les tons jaune, rouge, vert et bleu, et le mot \u00ab Barcelona \u00bb \u00e9crit avec une typographie amusante et accrocheuse. Son bouchon en acier, dot\u00e9 d&rsquo;une poign\u00e9e pratique, assure une fonctionnalit\u00e9 et une durabilit\u00e9 maximales, ce qui la rend id\u00e9ale \u00e0 emporter partout.<\/p>\n","protected":false},"featured_media":11142,"template":"","meta":{"_acf_changed":false},"product_brand":[],"product_cat":[784],"product_tag":[],"class_list":{"0":"post-36710","1":"product","2":"type-product","3":"status-publish","4":"has-post-thumbnail","6":"product_cat-bouteilles-inox","7":"pa_ciudad-barcelona","8":"pa_motivo-punt-de-trobada","9":"pa_pais-espana","11":"first","12":"instock","13":"shipping-taxable","14":"product-type-simple"},"acf":[],"_links":{"self":[{"href":"https:\/\/olemosaic.com\/fr\/wp-json\/wp\/v2\/product\/36710","targetHints":{"allow":["GET"]}}],"collection":[{"href":"https:\/\/olemosaic.com\/fr\/wp-json\/wp\/v2\/product"}],"about":[{"href":"https:\/\/olemosaic.com\/fr\/wp-json\/wp\/v2\/types\/product"}],"wp:featuredmedia":[{"embeddable":true,"href":"https:\/\/olemosaic.com\/fr\/wp-json\/wp\/v2\/media\/11142"}],"wp:attachment":[{"href":"https:\/\/olemosaic.com\/fr\/wp-json\/wp\/v2\/media?parent=36710"}],"wp:term":[{"taxonomy":"product_brand","embeddable":true,"href":"https:\/\/olemosaic.com\/fr\/wp-json\/wp\/v2\/product_brand?post=36710"},{"taxonomy":"product_cat","embeddable":true,"href":"https:\/\/olemosaic.com\/fr\/wp-json\/wp\/v2\/product_cat?post=36710"},{"taxonomy":"product_tag","embeddable":true,"href":"https:\/\/olemosaic.com\/fr\/wp-json\/wp\/v2\/product_tag?post=36710"}],"curies":[{"name":"wp","href":"https:\/\/api.w.org\/{rel}","templated":true}]}}