{"id":36708,"date":"2025-02-20T23:27:50","date_gmt":"2025-02-20T22:27:50","guid":{"rendered":"http:\/\/olemosaic.com\/producto\/botella-inox-500-ml-patio\/"},"modified":"2025-07-25T18:40:40","modified_gmt":"2025-07-25T16:40:40","slug":"bouteille-acier-inoxydable-500-ml-patio-andalou","status":"publish","type":"product","link":"https:\/\/olemosaic.com\/fr\/produit\/bouteille-acier-inoxydable-500-ml-patio-andalou\/","title":{"rendered":"Bouteille en acier inoxydable 500 ml. Patio andalou et texte \u00ab\u00a0Espagne\u00a0\u00bb"},"content":{"rendered":"<p>Bouteille en acier inoxydable \u00ab Folklore Espagnol \u00bb 500 ml<\/p>\n<p>D\u00e9couvrez la bouteille en acier inoxydable de 500 ml au design charmant qui \u00e9voque l&rsquo;essence du folklore espagnol. Cette bouteille \u00e9l\u00e9gante, en plus d&rsquo;\u00eatre pratique, est une \u0153uvre d&rsquo;art qui rend hommage \u00e0 la culture andalouse. Sa surface est d\u00e9cor\u00e9e d&rsquo;illustrations vibrantes qui capturent la joie et le mouvement du flamenco, montrant une danseuse dans une spectaculaire robe rouge, accompagn\u00e9e d&rsquo;un guitariste et d&rsquo;ornements floraux dans une magnifique mosa\u00efque color\u00e9e. L&rsquo;inscription \u00ab SPAIN \u00bb se distingue, rappelant son origine et le riche patrimoine qu&rsquo;elle repr\u00e9sente.<\/p>\n<p>Avec son design inspir\u00e9 d&rsquo;un patio andalou typique, cette bouteille transforme une simple n\u00e9cessit\u00e9 quotidienne en une expression d&rsquo;identit\u00e9 culturelle. Elle est con\u00e7ue pour garder vos boissons froides, ce qui en fait le compagnon id\u00e9al pour les activit\u00e9s de plein air et un accessoire indispensable pour les amoureux du flamenco et de la culture espagnole.<\/p>\n<p>Chez Ol\u00e9 Mosaic, nous nous consacrons \u00e0 offrir des souvenirs authentiques en gros qui c\u00e9l\u00e8brent la diversit\u00e9 culturelle de l&rsquo;Espagne. Cette bouteille est un excellent choix pour les boutiques de souvenirs touristiques \u00e0 la recherche de produits alliant fonctionnalit\u00e9 et un fort sentiment de tradition. Un souvenir parfait qui rappelle chaque moment v\u00e9cu en terres espagnoles.<\/p>\n","protected":false},"excerpt":{"rendered":"<p>Bouteille en acier inoxydable de 500 ml au design charmant \u00e9voquant le folklore espagnol. D\u00e9cor\u00e9e d&rsquo;illustrations vibrantes d&rsquo;un patio andalou, elle pr\u00e9sente une danseuse de flamenco en robe rouge, un guitariste et des \u00e9l\u00e9ments floraux dans une mosa\u00efque color\u00e9e. L&rsquo;inscription \u00ab SPAIN \u00bb souligne le caract\u00e8re culturel du produit. Id\u00e9ale pour garder vos boissons froides, cette bouteille allie fonctionnalit\u00e9 et style, \u00e9tant parfaite pour les amoureux de la culture espagnole.<\/p>\n","protected":false},"featured_media":13007,"template":"","meta":{"_acf_changed":false},"product_brand":[],"product_cat":[784],"product_tag":[],"class_list":{"0":"post-36708","1":"product","2":"type-product","3":"status-publish","4":"has-post-thumbnail","6":"product_cat-bouteilles-inox","7":"pa_motivo-cours-interieures","9":"first","10":"instock","11":"shipping-taxable","12":"product-type-simple"},"acf":[],"_links":{"self":[{"href":"https:\/\/olemosaic.com\/fr\/wp-json\/wp\/v2\/product\/36708","targetHints":{"allow":["GET"]}}],"collection":[{"href":"https:\/\/olemosaic.com\/fr\/wp-json\/wp\/v2\/product"}],"about":[{"href":"https:\/\/olemosaic.com\/fr\/wp-json\/wp\/v2\/types\/product"}],"wp:featuredmedia":[{"embeddable":true,"href":"https:\/\/olemosaic.com\/fr\/wp-json\/wp\/v2\/media\/13007"}],"wp:attachment":[{"href":"https:\/\/olemosaic.com\/fr\/wp-json\/wp\/v2\/media?parent=36708"}],"wp:term":[{"taxonomy":"product_brand","embeddable":true,"href":"https:\/\/olemosaic.com\/fr\/wp-json\/wp\/v2\/product_brand?post=36708"},{"taxonomy":"product_cat","embeddable":true,"href":"https:\/\/olemosaic.com\/fr\/wp-json\/wp\/v2\/product_cat?post=36708"},{"taxonomy":"product_tag","embeddable":true,"href":"https:\/\/olemosaic.com\/fr\/wp-json\/wp\/v2\/product_tag?post=36708"}],"curies":[{"name":"wp","href":"https:\/\/api.w.org\/{rel}","templated":true}]}}