{"id":36707,"date":"2025-02-20T23:27:50","date_gmt":"2025-02-20T22:27:50","guid":{"rendered":"http:\/\/olemosaic.com\/producto\/4-bols-de-coco-de-13-x-6-cm-arcos\/"},"modified":"2025-07-25T18:46:28","modified_gmt":"2025-07-25T16:46:28","slug":"4-bols-noix-de-coco-13-x-6-cm-arches","status":"publish","type":"product","link":"https:\/\/olemosaic.com\/fr\/produit\/4-bols-noix-de-coco-13-x-6-cm-arches\/","title":{"rendered":"4 bols en noix de coco 13 x 6 cm. Arches."},"content":{"rendered":"<p>Bols en noix de coco d\u00e9cor\u00e9s en lot de quatre unit\u00e9s<\/p>\n<p>Nous pr\u00e9sentons notre ensemble exquis de quatre bols en noix de coco de 13 x 6 cm, id\u00e9aux pour ajouter une touche de style et d&rsquo;authenticit\u00e9 \u00e0 n&rsquo;importe quelle table. Chaque bol, m\u00e9ticuleusement fabriqu\u00e9 \u00e0 la main un par un \u00e0 partir de noix de coco, pr\u00e9sente un design floral int\u00e9rieur complexe dans des tons vibrants tels que le bleu, le fuchsia, l&rsquo;or et le bordeaux. Des motifs d&rsquo;arches \u00e9l\u00e9gants d\u00e9corent \u00e9galement l&rsquo;ext\u00e9rieur, fusionnant tradition et modernit\u00e9 dans une pi\u00e8ce artisanale qui n&rsquo;est pas seulement fonctionnelle mais aussi une \u0153uvre d&rsquo;art.<\/p>\n<p>Ces bols sont parfaits pour servir des tapas avec \u00e9l\u00e9gance ou comme \u00e9l\u00e9ments d\u00e9coratifs uniques qui rehaussent l&rsquo;esth\u00e9tique de votre maison. La combinaison de couleurs vives et de la finition brillante garantit qu&rsquo;ils captent l&rsquo;attention de tous. De plus, chacun de ces bols est un exemple de l&rsquo;artisanat de la r\u00e9gion, refl\u00e9tant le riche patrimoine culturel qui caract\u00e9rise l&rsquo;Espagne. En choisissant ces souvenirs, les touristes ne ram\u00e8nent pas seulement un objet utile, mais aussi un morceau d&rsquo;histoire qui \u00e9voque l&rsquo;essence vibrante de la vie espagnole.<\/p>\n<p>De la part d&rsquo;Ol\u00e9 Mosaic, en tant que grossistes de souvenirs, nous proposons cet ensemble de bols en noix de coco aux boutiques de souvenirs touristiques \u00e0 la recherche de qualit\u00e9 et d&rsquo;authenticit\u00e9 dans leurs produits. Cet ensemble charmant est un excellent choix pour ceux qui souhaitent offrir \u00e0 leurs clients un souvenir repr\u00e9sentatif de leur exp\u00e9rience en Espagne.<\/p>\n","protected":false},"excerpt":{"rendered":"<p>Bols en noix de coco 13 x 6 cm, un lot de quatre unit\u00e9s d\u00e9cor\u00e9es avec d&rsquo;\u00e9l\u00e9gants motifs d&rsquo;arches dans des tons vibrants. Chaque bol, fabriqu\u00e9 en mat\u00e9riau de noix de coco, pr\u00e9sente un design int\u00e9rieur floral qui se distingue par ses d\u00e9tails color\u00e9s en bleu, fuchsia, or et bordeaux. Parfaits pour servir des tapas ou comme pi\u00e8ces d\u00e9coratives, ces bols sont le reflet de l&rsquo;art artisanal et ajoutent une touche stylis\u00e9e \u00e0 n&rsquo;importe quelle table.<\/p>\n","protected":false},"featured_media":5789,"template":"","meta":{"_acf_changed":false},"product_brand":[],"product_cat":[521],"product_tag":[],"class_list":{"0":"post-36707","1":"product","2":"type-product","3":"status-publish","4":"has-post-thumbnail","6":"product_cat-bols","7":"pa_motivo-carrelage","9":"first","10":"instock","11":"shipping-taxable","12":"product-type-simple"},"acf":[],"_links":{"self":[{"href":"https:\/\/olemosaic.com\/fr\/wp-json\/wp\/v2\/product\/36707","targetHints":{"allow":["GET"]}}],"collection":[{"href":"https:\/\/olemosaic.com\/fr\/wp-json\/wp\/v2\/product"}],"about":[{"href":"https:\/\/olemosaic.com\/fr\/wp-json\/wp\/v2\/types\/product"}],"wp:featuredmedia":[{"embeddable":true,"href":"https:\/\/olemosaic.com\/fr\/wp-json\/wp\/v2\/media\/5789"}],"wp:attachment":[{"href":"https:\/\/olemosaic.com\/fr\/wp-json\/wp\/v2\/media?parent=36707"}],"wp:term":[{"taxonomy":"product_brand","embeddable":true,"href":"https:\/\/olemosaic.com\/fr\/wp-json\/wp\/v2\/product_brand?post=36707"},{"taxonomy":"product_cat","embeddable":true,"href":"https:\/\/olemosaic.com\/fr\/wp-json\/wp\/v2\/product_cat?post=36707"},{"taxonomy":"product_tag","embeddable":true,"href":"https:\/\/olemosaic.com\/fr\/wp-json\/wp\/v2\/product_tag?post=36707"}],"curies":[{"name":"wp","href":"https:\/\/api.w.org\/{rel}","templated":true}]}}