{"id":36706,"date":"2025-02-20T23:27:50","date_gmt":"2025-02-20T22:27:50","guid":{"rendered":"http:\/\/olemosaic.com\/producto\/4-bols-de-coco-de-13-x-6-cm-salamandra-tenerife\/"},"modified":"2025-07-25T18:48:07","modified_gmt":"2025-07-25T16:48:07","slug":"4-bols-noix-de-coco-13-x-6-cm-salamandre-tenerife-fr","status":"publish","type":"product","link":"https:\/\/olemosaic.com\/fr\/produit\/4-bols-noix-de-coco-13-x-6-cm-salamandre-tenerife-fr\/","title":{"rendered":"4 bols en noix de coco 13 x 6 cm. Salamandres vertes, oranges, rouges et dor\u00e9es. Tenerife."},"content":{"rendered":"<p>Bols en noix de coco avec design de salamandre de Tenerife<\/p>\n<p>Les bols en noix de coco inspir\u00e9s par la salamandre de Tenerife sont une repr\u00e9sentation exquise du patrimoine culturel et de la biodiversit\u00e9 des \u00eeles Canaries. Cet ensemble de quatre bols, mesurant 13 x 6 cm, se distingue par son design vibrant et color\u00e9, qui comprend des nuances captivantes de vert, d&rsquo;orange, de rouge et d&rsquo;or. Chaque pi\u00e8ce est fabriqu\u00e9e \u00e0 partir de coques de noix de coco, un mat\u00e9riau \u00e9cologique qui renforce la durabilit\u00e9 et l&rsquo;authenticit\u00e9 de l&rsquo;artisanat canarien.<\/p>\n<p>Chaque bol pr\u00e9sente l&rsquo;\u00e9l\u00e9gante silhouette d&rsquo;une salamandre, un symbole repr\u00e9sentatif de la riche faune de la r\u00e9gion. Avec une finition textur\u00e9e et brillante, ces bols sont non seulement visuellement attrayants mais aussi fonctionnels, parfaits pour d\u00e9corer des espaces ou comme r\u00e9cipients pour de petites pr\u00e9sentations d&rsquo;ap\u00e9ritifs et de collations. Son design innovant apporte une touche exotique et distinctive \u00e0 n&rsquo;importe quel environnement.<\/p>\n<p>Ces bols sont un souvenir exceptionnel qui refl\u00e8te la beaut\u00e9 naturelle de Tenerife et sa biodiversit\u00e9, devenant un souvenir authentique pour les touristes cherchant \u00e0 emporter un morceau des \u00eeles Canaries avec eux. Chez Ol\u00e9 Mosaic, nous nous engageons dans la distribution en gros de souvenirs de qualit\u00e9 qui capturent l&rsquo;essence culturelle de l&rsquo;Espagne. Cet ensemble de bols en noix de coco est id\u00e9al pour les boutiques de souvenirs touristiques qui souhaitent proposer des produits authentiques qui se connectent avec la nature et la tradition canarienne.<\/p>\n","protected":false},"excerpt":{"rendered":"<p>Bols en noix de coco 13 x 6 cm inspir\u00e9s par la salamandre de Tenerife. Cet ensemble de quatre bols est fabriqu\u00e9 avec des coques de noix de coco et pr\u00e9sente des designs vibrants dans une palette de couleurs comprenant le vert, l&rsquo;orange, le rouge et l&rsquo;or, avec une finition textur\u00e9e et brillante. Chacun affiche la silhouette distinctive d&rsquo;une salamandre, repr\u00e9sentant la riche faune canarienne. Parfait pour la d\u00e9coration ou comme r\u00e9cipients pour de petites pr\u00e9sentations.<\/p>\n","protected":false},"featured_media":10649,"template":"","meta":{"_acf_changed":false},"product_brand":[],"product_cat":[521],"product_tag":[530],"class_list":{"0":"post-36706","1":"product","2":"type-product","3":"status-publish","4":"has-post-thumbnail","6":"product_cat-bols","7":"product_tag-animaux","8":"pa_ciudad-tenerife","9":"pa_motivo-salamandres","10":"pa_pais-espana","12":"first","13":"instock","14":"shipping-taxable","15":"product-type-simple"},"acf":[],"_links":{"self":[{"href":"https:\/\/olemosaic.com\/fr\/wp-json\/wp\/v2\/product\/36706","targetHints":{"allow":["GET"]}}],"collection":[{"href":"https:\/\/olemosaic.com\/fr\/wp-json\/wp\/v2\/product"}],"about":[{"href":"https:\/\/olemosaic.com\/fr\/wp-json\/wp\/v2\/types\/product"}],"wp:featuredmedia":[{"embeddable":true,"href":"https:\/\/olemosaic.com\/fr\/wp-json\/wp\/v2\/media\/10649"}],"wp:attachment":[{"href":"https:\/\/olemosaic.com\/fr\/wp-json\/wp\/v2\/media?parent=36706"}],"wp:term":[{"taxonomy":"product_brand","embeddable":true,"href":"https:\/\/olemosaic.com\/fr\/wp-json\/wp\/v2\/product_brand?post=36706"},{"taxonomy":"product_cat","embeddable":true,"href":"https:\/\/olemosaic.com\/fr\/wp-json\/wp\/v2\/product_cat?post=36706"},{"taxonomy":"product_tag","embeddable":true,"href":"https:\/\/olemosaic.com\/fr\/wp-json\/wp\/v2\/product_tag?post=36706"}],"curies":[{"name":"wp","href":"https:\/\/api.w.org\/{rel}","templated":true}]}}