{"id":36705,"date":"2025-02-20T22:27:49","date_gmt":"2025-02-20T22:27:49","guid":{"rendered":"http:\/\/olemosaic.com\/producto\/bol-de-coco-naranja-gran-canaria\/"},"modified":"2025-07-25T18:45:48","modified_gmt":"2025-07-25T16:45:48","slug":"bol-noix-de-coco-orange-grande-canarie","status":"publish","type":"product","link":"https:\/\/olemosaic.com\/fr\/produit\/bol-noix-de-coco-orange-grande-canarie\/","title":{"rendered":"Bol en noix de coco orange. Grande Canarie."},"content":{"rendered":"<p>Bol en noix de coco orange &#8211; Grande Canarie<\/p>\n<p>Cet attrayant bol en noix de coco orange, typique de la Grande Canarie, est un bel exemple de l&rsquo;artisanat canarien qui capture l&rsquo;essence de ses traditions. Fabriqu\u00e9 \u00e0 partir de coques de noix de coco, cet article se distingue par son design unique, avec un motif en maille qui joue avec la lumi\u00e8re et souligne sa couleur orange vibrante. \u00c0 l&rsquo;int\u00e9rieur, l&rsquo;inscription \u00ab\u00a0Gran Canaria\u00a0\u00bb est pr\u00e9sent\u00e9e avec \u00e9l\u00e9gance, r\u00e9alis\u00e9e avec une technique qui montre le soin et le d\u00e9vouement des artisans locaux.<\/p>\n<p>La texture naturelle de la noix de coco, combin\u00e9e \u00e0 ses formes organiques, fait de ce bol un excellent souvenir, parfait pour les touristes cherchant \u00e0 ramener chez eux un souvenir authentique de leur visite. Id\u00e9al pour d\u00e9corer la maison ou comme r\u00e9cipient pour de petits objets, ce bol refl\u00e8te le folklore canarien et sa riche culture.<\/p>\n<p>Chez Ol\u00e9 Mosaic, nous sommes sp\u00e9cialistes de la distribution de souvenirs en gros, et ce bol en noix de coco est un choix exceptionnel pour les boutiques de souvenirs touristiques. Nous proposons des produits qui ne sont pas seulement beaux et fonctionnels, mais qui racontent aussi une histoire, devenant un cadeau significatif avec une valeur culturelle. Ce bol est, sans aucun doute, un repr\u00e9sentant authentique de la tradition de la Grande Canarie qui fascinera vos clients.<\/p>\n","protected":false},"excerpt":{"rendered":"<p>Bol en noix de coco avec une finition orange, typique de la Grande Canarie. Cet article artisanal, fabriqu\u00e9 \u00e0 partir de coques de noix de coco, pr\u00e9sente un design unique avec un motif en maille qui souligne sa couleur vibrante. \u00c0 l&rsquo;int\u00e9rieur, l&rsquo;inscription \u00ab\u00a0Gran Canaria\u00a0\u00bb se d\u00e9tache, r\u00e9alis\u00e9e avec une technique qui rehausse son \u00e9l\u00e9gance. Sa texture naturelle et ses formes organiques en font un excellent souvenir qui capture l&rsquo;essence du folklore canarien. Id\u00e9al pour la d\u00e9coration ou comme r\u00e9cipient pour de petits objets.<\/p>\n","protected":false},"featured_media":10102,"template":"","meta":{"_acf_changed":false},"product_brand":[],"product_cat":[521],"product_tag":[],"class_list":{"0":"post-36705","1":"product","2":"type-product","3":"status-publish","4":"has-post-thumbnail","6":"product_cat-bols","7":"pa_ciudad-gran-canaria","8":"pa_pais-espana","10":"first","11":"instock","12":"shipping-taxable","13":"product-type-simple"},"acf":[],"_links":{"self":[{"href":"https:\/\/olemosaic.com\/fr\/wp-json\/wp\/v2\/product\/36705","targetHints":{"allow":["GET"]}}],"collection":[{"href":"https:\/\/olemosaic.com\/fr\/wp-json\/wp\/v2\/product"}],"about":[{"href":"https:\/\/olemosaic.com\/fr\/wp-json\/wp\/v2\/types\/product"}],"wp:featuredmedia":[{"embeddable":true,"href":"https:\/\/olemosaic.com\/fr\/wp-json\/wp\/v2\/media\/10102"}],"wp:attachment":[{"href":"https:\/\/olemosaic.com\/fr\/wp-json\/wp\/v2\/media?parent=36705"}],"wp:term":[{"taxonomy":"product_brand","embeddable":true,"href":"https:\/\/olemosaic.com\/fr\/wp-json\/wp\/v2\/product_brand?post=36705"},{"taxonomy":"product_cat","embeddable":true,"href":"https:\/\/olemosaic.com\/fr\/wp-json\/wp\/v2\/product_cat?post=36705"},{"taxonomy":"product_tag","embeddable":true,"href":"https:\/\/olemosaic.com\/fr\/wp-json\/wp\/v2\/product_tag?post=36705"}],"curies":[{"name":"wp","href":"https:\/\/api.w.org\/{rel}","templated":true}]}}