{"id":36699,"date":"2025-02-20T23:27:49","date_gmt":"2025-02-20T22:27:49","guid":{"rendered":"http:\/\/olemosaic.com\/producto\/bol-de-coco-fucsia-salamandra-tenerife\/"},"modified":"2025-07-25T18:48:07","modified_gmt":"2025-07-25T16:48:07","slug":"bol-noix-de-coco-fuchsia-salamandre-tenerife","status":"publish","type":"product","link":"https:\/\/olemosaic.com\/fr\/produit\/bol-noix-de-coco-fuchsia-salamandre-tenerife\/","title":{"rendered":"Bol en Noix de Coco Fuchsia. Salamandre. Tenerife. Fuchsia."},"content":{"rendered":"<p>Bol en noix de coco fuchsia d\u00e9cor\u00e9 d&rsquo;une salamandre de Tenerife<\/p>\n<p>Ce bol en noix de coco fuchsia vibrant est une pi\u00e8ce unique qui capture l&rsquo;essence de la culture canarienne exub\u00e9rante, sp\u00e9cifiquement de Tenerife. Avec une finition \u00e9clatante d&rsquo;une couleur fuchsia \u00e9lectrisante, ce bol n&rsquo;est pas seulement un \u00e9l\u00e9ment d\u00e9coratif mais aussi un rappel de l&rsquo;atmosph\u00e8re color\u00e9e et chaleureuse qui caract\u00e9rise les \u00eeles Canaries. Au centre du bol, une salamandre exquise peinte dans des tons dor\u00e9s se d\u00e9tache sur un fond artistique, symbolisant la faune exclusive de la r\u00e9gion. De plus, le bol pr\u00e9sente un motif de mosa\u00efque d\u00e9licat sur les bords, ce qui ajoute une touche d&rsquo;\u00e9l\u00e9gance et d&rsquo;authenticit\u00e9, en faisant un souvenir id\u00e9al.<\/p>\n<p>Ce bol est une excellente repr\u00e9sentation de l&rsquo;h\u00e9ritage artisanal de Tenerife, ainsi que de sa riche biodiversit\u00e9. En incluant l&rsquo;inscription \u00ab\u00a0TENERIFE\u00a0\u00bb, sa valeur en tant que souvenir significatif qui relie le visiteur \u00e0 la beaut\u00e9 naturelle et culturelle de l&rsquo;\u00eele est r\u00e9affirm\u00e9e. Les touristes \u00e0 la recherche de souvenirs authentiques trouveront dans ce bol en noix de coco un excellent ajout \u00e0 leur maison, apportant une touche canarienne \u00e0 leur d\u00e9coration. Chez Ol\u00e9 Mosaic, nous sommes sp\u00e9cialis\u00e9s dans la distribution de souvenirs en gros, et ce bol en noix de coco fuchsia est un choix parfait pour les boutiques de cadeaux touristiques souhaitant offrir des produits uniques, authentiques et culturellement pertinents.<\/p>\n","protected":false},"excerpt":{"rendered":"<p>Bol en noix de coco fuchsia d\u00e9cor\u00e9 d&rsquo;une salamandre, un clin d&rsquo;\u0153il \u00e0 la culture vibrante de Tenerife. Ce bol unique, fabriqu\u00e9 en noix de coco, pr\u00e9sente une finition fuchsia brillante et est orn\u00e9 d&rsquo;une mosa\u00efque qui rehausse son design artistique. Au centre, une salamandre dor\u00e9e se d\u00e9tache sur un fond color\u00e9, accompagn\u00e9e de l&rsquo;inscription \u00ab\u00a0TENERIFE\u00a0\u00bb. Un accessoire id\u00e9al pour donner une touche canarienne \u00e0 votre int\u00e9rieur.<\/p>\n","protected":false},"featured_media":11794,"template":"","meta":{"_acf_changed":false},"product_brand":[],"product_cat":[521],"product_tag":[530],"class_list":{"0":"post-36699","1":"product","2":"type-product","3":"status-publish","4":"has-post-thumbnail","6":"product_cat-bols","7":"product_tag-animaux","8":"pa_ciudad-tenerife","9":"pa_motivo-salamandres","10":"pa_pais-espana","12":"first","13":"instock","14":"shipping-taxable","15":"product-type-simple"},"acf":[],"_links":{"self":[{"href":"https:\/\/olemosaic.com\/fr\/wp-json\/wp\/v2\/product\/36699","targetHints":{"allow":["GET"]}}],"collection":[{"href":"https:\/\/olemosaic.com\/fr\/wp-json\/wp\/v2\/product"}],"about":[{"href":"https:\/\/olemosaic.com\/fr\/wp-json\/wp\/v2\/types\/product"}],"wp:featuredmedia":[{"embeddable":true,"href":"https:\/\/olemosaic.com\/fr\/wp-json\/wp\/v2\/media\/11794"}],"wp:attachment":[{"href":"https:\/\/olemosaic.com\/fr\/wp-json\/wp\/v2\/media?parent=36699"}],"wp:term":[{"taxonomy":"product_brand","embeddable":true,"href":"https:\/\/olemosaic.com\/fr\/wp-json\/wp\/v2\/product_brand?post=36699"},{"taxonomy":"product_cat","embeddable":true,"href":"https:\/\/olemosaic.com\/fr\/wp-json\/wp\/v2\/product_cat?post=36699"},{"taxonomy":"product_tag","embeddable":true,"href":"https:\/\/olemosaic.com\/fr\/wp-json\/wp\/v2\/product_tag?post=36699"}],"curies":[{"name":"wp","href":"https:\/\/api.w.org\/{rel}","templated":true}]}}