{"id":36662,"date":"2025-02-20T23:27:49","date_gmt":"2025-02-20T22:27:49","guid":{"rendered":"http:\/\/olemosaic.com\/producto\/bola-de-navidad-con-caja-panoramica-barcelona-color\/"},"modified":"2025-07-25T18:42:40","modified_gmt":"2025-07-25T16:42:40","slug":"boule-de-noel-avec-boite-panorama-barcelone-couleur","status":"publish","type":"product","link":"https:\/\/olemosaic.com\/fr\/produit\/boule-de-noel-avec-boite-panorama-barcelone-couleur\/","title":{"rendered":"Boule de No\u00ebl avec bo\u00eete. Panorama de Barcelone. Couleur"},"content":{"rendered":"<p>Boule de No\u00ebl Barcelone<\/p>\n<p>Cette boule de No\u00ebl avec bo\u00eete est un charmant souvenir qui capture l&rsquo;essence vibrante de Barcelone, id\u00e9al pour ceux qui veulent emporter un petit morceau de cette belle ville avec eux. Fabriqu\u00e9e en c\u00e9ramique, cette sph\u00e8re color\u00e9e se distingue par un panorama \u00e0 effet peint \u00e0 la main montrant des structures embl\u00e9matiques telles que la Sagrada Familia, qui \u00e9mergent au milieu d&rsquo;une explosion de d\u00e9tails dans des tons bleu, jaune et rouge vifs. Chaque trait refl\u00e8te l&rsquo;architecture et l&rsquo;art uniques qui ornent les rues de Barcelone, faisant de cette boule non seulement un objet d\u00e9coratif mais aussi un repr\u00e9sentant de sa riche histoire culturelle.<\/p>\n<p>Le ruban rouge qui l&rsquo;accompagne ajoute une touche festive parfaite pour les c\u00e9l\u00e9brations de No\u00ebl, en faisant un cadeau id\u00e9al pour les amis et la famille. De plus, livr\u00e9e dans une bo\u00eete \u00e9l\u00e9gante, elle se pr\u00e9sente comme une option parfaite pour ceux qui souhaitent offrir un souvenir authentique de la ville. Chez Ol\u00e9 Mosaic, en tant que grossiste de souvenirs de Barcelone, nous garantissons l&rsquo;authenticit\u00e9 et la qualit\u00e9 de chaque produit que nous proposons. Cette boule de No\u00ebl n&rsquo;est pas seulement une attraction d\u00e9corative, mais un symbole de la chaleur et de la culture catalane vibrante, ce qui en fait un excellent choix pour les boutiques de cadeaux touristiques \u00e0 la recherche d&rsquo;articles qui mettent en valeur la richesse de la tradition locale.<\/p>\n","protected":false},"excerpt":{"rendered":"<p>Bol en noix de coco rouge de Minorque<\/p>\n<p>Cet exquis bol en noix de coco rouge est une pi\u00e8ce artisanale qui capture l&rsquo;essence de la belle \u00eele de Minorque. D\u00e9cor\u00e9 \u00e0 la main avec une grande habilet\u00e9, chaque bol pr\u00e9sente un design tr\u00e8s sp\u00e9cial qui combine des tons rouges et blancs, cr\u00e9ant un contraste vibrant qui rehausse sa beaut\u00e9. Le bord sombre encadre subtilement les couleurs vives, accentuant la d\u00e9licatesse de la finition et son unicit\u00e9.<\/p>\n<p>Au centre du bol, la silhouette de Minorque est imprim\u00e9e dans un marron \u00e9l\u00e9gant, un hommage \u00e0 la g\u00e9ographie de cette \u00eele m\u00e9diterran\u00e9enne qui attire des touristes du monde entier. Cette repr\u00e9sentation donne non seulement au bol un caract\u00e8re distinctif, mais relie \u00e9galement les voyageurs au riche patrimoine culturel de Minorque, connue pour sa nature, son histoire et ses traditions m\u00e9diterran\u00e9ennes.<\/p>\n<p>Id\u00e9al aussi bien comme \u00e9l\u00e9ment d\u00e9coratif que pour un usage pratique, ce bol s&rsquo;int\u00e8gre parfaitement dans n&rsquo;importe quel environnement, ajoutant une touche \u00e9l\u00e9gamment m\u00e9diterran\u00e9enne. C&rsquo;est un cadeau parfait pour ceux qui recherchent un souvenir authentique et repr\u00e9sentatif de Minorque. Chez Ol\u00e9 Mosaic, nous distribuons des souvenirs de haute qualit\u00e9 en gros pour les boutiques de cadeaux touristiques, et ce bol en noix de coco rouge est un excellent choix qui allie art, fonctionnalit\u00e9 et tradition, en faisant un souvenir durable de l&rsquo;\u00eele.<\/p>\n","protected":false},"featured_media":9754,"template":"","meta":{"_acf_changed":false},"product_brand":[],"product_cat":[659],"product_tag":[646],"class_list":{"0":"post-36662","1":"product","2":"type-product","3":"status-publish","4":"has-post-thumbnail","6":"product_cat-boules-de-noel","7":"product_tag-noel","8":"pa_ciudad-barcelona","9":"pa_motivo-panoramas","10":"pa_pais-espana","12":"first","13":"instock","14":"shipping-taxable","15":"product-type-simple"},"acf":[],"_links":{"self":[{"href":"https:\/\/olemosaic.com\/fr\/wp-json\/wp\/v2\/product\/36662","targetHints":{"allow":["GET"]}}],"collection":[{"href":"https:\/\/olemosaic.com\/fr\/wp-json\/wp\/v2\/product"}],"about":[{"href":"https:\/\/olemosaic.com\/fr\/wp-json\/wp\/v2\/types\/product"}],"wp:featuredmedia":[{"embeddable":true,"href":"https:\/\/olemosaic.com\/fr\/wp-json\/wp\/v2\/media\/9754"}],"wp:attachment":[{"href":"https:\/\/olemosaic.com\/fr\/wp-json\/wp\/v2\/media?parent=36662"}],"wp:term":[{"taxonomy":"product_brand","embeddable":true,"href":"https:\/\/olemosaic.com\/fr\/wp-json\/wp\/v2\/product_brand?post=36662"},{"taxonomy":"product_cat","embeddable":true,"href":"https:\/\/olemosaic.com\/fr\/wp-json\/wp\/v2\/product_cat?post=36662"},{"taxonomy":"product_tag","embeddable":true,"href":"https:\/\/olemosaic.com\/fr\/wp-json\/wp\/v2\/product_tag?post=36662"}],"curies":[{"name":"wp","href":"https:\/\/api.w.org\/{rel}","templated":true}]}}