{"id":36659,"date":"2025-02-20T23:27:47","date_gmt":"2025-02-20T22:27:47","guid":{"rendered":"http:\/\/olemosaic.com\/producto\/bol-de-coco-fucsia-flamenco\/"},"modified":"2025-07-25T18:46:45","modified_gmt":"2025-07-25T16:46:45","slug":"bol-noix-de-coco-fuchsia-flamant-rose-coeurs","status":"publish","type":"product","link":"https:\/\/olemosaic.com\/fr\/produit\/bol-noix-de-coco-fuchsia-flamant-rose-coeurs\/","title":{"rendered":"Bol en noix de coco fuchsia. Flamant rose et c\u0153urs"},"content":{"rendered":"<p>D\u00e9couvrez le bol en noix de coco fuchsia vibrant d\u00e9cor\u00e9 de flamants roses et de c\u0153urs, une pi\u00e8ce unique qui ajoute une touche joyeuse et moderne \u00e0 n&rsquo;importe quel espace ! Ce bol, m\u00e9ticuleusement fabriqu\u00e9 \u00e0 la main, pr\u00e9sente une finition fuchsia \u00e9blouissante qui attire le regard dans n&rsquo;importe quel d\u00e9cor. \u00c0 l&rsquo;int\u00e9rieur, deux flamants roses s&rsquo;entrelacent dans un c\u0153ur d\u00e9licat, symbolisant l&rsquo;amiti\u00e9 et la connexion, tandis qu&rsquo;une bordure orn\u00e9e de petits c\u0153urs renforce son caract\u00e8re ludique et romantique.<\/p>\n<p>L&rsquo;utilisation de la noix de coco comme mat\u00e9riau de base apporte authenticit\u00e9 et un style naturel au design, repr\u00e9sentant un artisanat traditionnel transmis de g\u00e9n\u00e9ration en g\u00e9n\u00e9ration dans diverses cultures. Ce bol est non seulement id\u00e9al pour servir des collations ou exposer de petites d\u00e9corations, mais il fonctionne \u00e9galement comme un \u00e9l\u00e9ment d\u00e9coratif sur les \u00e9tag\u00e8res, les tables et les coins sp\u00e9ciaux de votre maison.<\/p>\n<p>Chez Ol\u00e9 Mosaic, nous nous sp\u00e9cialisons dans la distribution en gros de souvenirs qui capturent l&rsquo;essence de la culture et de l&rsquo;art populaire, et ce bol en noix de coco en est un parfait exemple. Plongez dans la chaleur et la couleur offertes par ce souvenir, parfait pour les touristes cherchant \u00e0 se souvenir de leur visite avec un objet authentique et significatif. En tant que grossistes de produits artisanaux, nous garantissons la qualit\u00e9 et le design de chacune de nos pi\u00e8ces, faisant de ce bol un excellent choix pour les boutiques de cadeaux touristiques.<\/p>\n","protected":false},"excerpt":{"rendered":"<p>Bol en noix de coco fuchsia d\u00e9cor\u00e9 d&rsquo;un design vibrant de flamant rose et de c\u0153urs, parfait pour ajouter une touche joyeuse \u00e0 n&rsquo;importe quel espace. Ce bol fait main pr\u00e9sente une couleur fuchsia \u00e9clatante qui souligne sa finition lisse et brillante. \u00c0 l&rsquo;int\u00e9rieur, deux flamants roses s&rsquo;entrelacent pour former un c\u0153ur d\u00e9licat, tandis qu&rsquo;une bordure avec de petits c\u0153urs ajoute une touche amusante. Id\u00e9al pour la d\u00e9coration ou comme pi\u00e8ce fonctionnelle dans la maison.<\/p>\n","protected":false},"featured_media":13461,"template":"","meta":{"_acf_changed":false},"product_brand":[],"product_cat":[521],"product_tag":[530],"class_list":{"0":"post-36659","1":"product","2":"type-product","3":"status-publish","4":"has-post-thumbnail","6":"product_cat-bols","7":"product_tag-animaux","8":"pa_motivo-flamants-roses","10":"first","11":"instock","12":"shipping-taxable","13":"product-type-simple"},"acf":[],"_links":{"self":[{"href":"https:\/\/olemosaic.com\/fr\/wp-json\/wp\/v2\/product\/36659","targetHints":{"allow":["GET"]}}],"collection":[{"href":"https:\/\/olemosaic.com\/fr\/wp-json\/wp\/v2\/product"}],"about":[{"href":"https:\/\/olemosaic.com\/fr\/wp-json\/wp\/v2\/types\/product"}],"wp:featuredmedia":[{"embeddable":true,"href":"https:\/\/olemosaic.com\/fr\/wp-json\/wp\/v2\/media\/13461"}],"wp:attachment":[{"href":"https:\/\/olemosaic.com\/fr\/wp-json\/wp\/v2\/media?parent=36659"}],"wp:term":[{"taxonomy":"product_brand","embeddable":true,"href":"https:\/\/olemosaic.com\/fr\/wp-json\/wp\/v2\/product_brand?post=36659"},{"taxonomy":"product_cat","embeddable":true,"href":"https:\/\/olemosaic.com\/fr\/wp-json\/wp\/v2\/product_cat?post=36659"},{"taxonomy":"product_tag","embeddable":true,"href":"https:\/\/olemosaic.com\/fr\/wp-json\/wp\/v2\/product_tag?post=36659"}],"curies":[{"name":"wp","href":"https:\/\/api.w.org\/{rel}","templated":true}]}}