{"id":36647,"date":"2025-02-20T23:27:49","date_gmt":"2025-02-20T22:27:49","guid":{"rendered":"http:\/\/olemosaic.com\/producto\/bol-de-coco-rojo-isla-menorca\/"},"modified":"2025-07-25T18:42:34","modified_gmt":"2025-07-25T16:42:34","slug":"bol-noix-de-coco-rouge-ile-minorque-fr","status":"publish","type":"product","link":"https:\/\/olemosaic.com\/fr\/produit\/bol-noix-de-coco-rouge-ile-minorque-fr\/","title":{"rendered":"Bol en noix de coco rouge. \u00cele. Minorque."},"content":{"rendered":"<p>Bol en noix de coco rouge de Minorque<\/p>\n<p>Cet exquis bol en noix de coco rouge est une pi\u00e8ce artisanale qui capture l&rsquo;essence de la magnifique \u00eele de Minorque. D\u00e9cor\u00e9 \u00e0 la main avec une grande habilet\u00e9, chaque bol pr\u00e9sente un design tr\u00e8s sp\u00e9cial qui combine des tons rouges et blancs, cr\u00e9ant un contraste vibrant qui rehausse sa beaut\u00e9. Le bord sombre encadre subtilement les couleurs vives, accentuant la d\u00e9licatesse de la finition et son unicit\u00e9.<\/p>\n<p>Au centre du bol, la silhouette de Minorque est imprim\u00e9e dans un marron \u00e9l\u00e9gant, un hommage \u00e0 la g\u00e9ographie de cette \u00eele m\u00e9diterran\u00e9enne qui attire des touristes du monde entier. Cette repr\u00e9sentation donne non seulement au bol un caract\u00e8re distinctif, mais connecte \u00e9galement les voyageurs avec le riche patrimoine culturel de Minorque, connue pour sa nature, son histoire et ses traditions m\u00e9diterran\u00e9ennes.<\/p>\n<p>Id\u00e9al aussi bien comme \u00e9l\u00e9ment d\u00e9coratif que pour un usage pratique, ce bol s&rsquo;int\u00e8gre parfaitement dans n&rsquo;importe quel environnement, ajoutant une touche \u00e9l\u00e9gamment m\u00e9diterran\u00e9enne. C&rsquo;est un cadeau parfait pour ceux qui recherchent un souvenir authentique et repr\u00e9sentatif de Minorque. Chez Ol\u00e9 Mosaic, nous distribuons des souvenirs de haute qualit\u00e9 en gros pour les boutiques de cadeaux touristiques, et ce bol en noix de coco rouge est un excellent choix qui allie art, fonctionnalit\u00e9 et tradition, en faisant un souvenir durable de l&rsquo;\u00eele.<\/p>\n","protected":false},"excerpt":{"rendered":"<p>Bol en noix de coco rouge, fabriqu\u00e9 \u00e0 la main avec un design unique inspir\u00e9 par la beaut\u00e9 de Minorque. Cet \u00e9l\u00e9gant bol pr\u00e9sente une finition dans des tons blancs et rouges, avec un bord sombre qui rehausse son attrait. Au centre, la silhouette de Minorque se d\u00e9tache, imprim\u00e9e dans une couleur marron subtile. Parfait comme \u00e9l\u00e9ment d\u00e9coratif ou ustensile pratique, il ajoute une touche m\u00e9diterran\u00e9enne \u00e0 n&rsquo;importe quel espace. Id\u00e9al pour ceux qui recherchent un souvenir unique de l&rsquo;\u00eele.<\/p>\n","protected":false},"featured_media":11898,"template":"","meta":{"_acf_changed":false},"product_brand":[],"product_cat":[521],"product_tag":[],"class_list":{"0":"post-36647","1":"product","2":"type-product","3":"status-publish","4":"has-post-thumbnail","6":"product_cat-bols","7":"pa_ciudad-menorca","8":"pa_motivo-iles","9":"pa_pais-espana","11":"first","12":"instock","13":"shipping-taxable","14":"product-type-simple"},"acf":[],"_links":{"self":[{"href":"https:\/\/olemosaic.com\/fr\/wp-json\/wp\/v2\/product\/36647","targetHints":{"allow":["GET"]}}],"collection":[{"href":"https:\/\/olemosaic.com\/fr\/wp-json\/wp\/v2\/product"}],"about":[{"href":"https:\/\/olemosaic.com\/fr\/wp-json\/wp\/v2\/types\/product"}],"wp:featuredmedia":[{"embeddable":true,"href":"https:\/\/olemosaic.com\/fr\/wp-json\/wp\/v2\/media\/11898"}],"wp:attachment":[{"href":"https:\/\/olemosaic.com\/fr\/wp-json\/wp\/v2\/media?parent=36647"}],"wp:term":[{"taxonomy":"product_brand","embeddable":true,"href":"https:\/\/olemosaic.com\/fr\/wp-json\/wp\/v2\/product_brand?post=36647"},{"taxonomy":"product_cat","embeddable":true,"href":"https:\/\/olemosaic.com\/fr\/wp-json\/wp\/v2\/product_cat?post=36647"},{"taxonomy":"product_tag","embeddable":true,"href":"https:\/\/olemosaic.com\/fr\/wp-json\/wp\/v2\/product_tag?post=36647"}],"curies":[{"name":"wp","href":"https:\/\/api.w.org\/{rel}","templated":true}]}}