{"id":36644,"date":"2025-02-20T23:27:47","date_gmt":"2025-02-20T22:27:47","guid":{"rendered":"http:\/\/olemosaic.com\/producto\/mug-de-ceramica-barcelona-blanco-95-cm\/"},"modified":"2025-07-25T18:33:18","modified_gmt":"2025-07-25T16:33:18","slug":"mug-ceramique-barcelone-blanc-9-5-cm","status":"publish","type":"product","link":"https:\/\/olemosaic.com\/fr\/produit\/mug-ceramique-barcelone-blanc-9-5-cm\/","title":{"rendered":"Mug en c\u00e9ramique. Barcelone. Blanc. 9,5 cm."},"content":{"rendered":"<p>D\u00e9couvrez la magie de Barcelone avec notre magnifique mug en c\u00e9ramique ! Ce charmant mug, au design vibrant, capture l&rsquo;essence de la ville \u00e0 travers ses monuments embl\u00e9matiques. D&rsquo;une taille pratique de 9,5 cm, sa base blanche met en valeur une mosa\u00efque color\u00e9e qui inclut la fascinante sculpture du dragon du Park G\u00fcell, l&#8217;embl\u00e9matique colonne de Christophe Colomb et la majestueuse Sagrada Familia. Chaque d\u00e9tail est illumin\u00e9 par des nuances vives de rouge, de bleu et de jaune, faisant de ce mug un v\u00e9ritable hommage \u00e0 la cr\u00e9ativit\u00e9 architecturale de Barcelone.<\/p>\n<p>Le mug n&rsquo;est pas seulement un objet fonctionnel, id\u00e9al pour savourer vos boissons pr\u00e9f\u00e9r\u00e9es, mais aussi un souvenir repr\u00e9sentatif de la riche culture et de l&rsquo;histoire de la ville. En prenant une gorg\u00e9e, vous serez transport\u00e9 dans les rues anim\u00e9es de Barcelone, ressentant l&rsquo;inspiration de Gaud\u00ed et l&rsquo;\u00e9nergie de ses habitants. Ce souvenir est parfait pour les touristes \u00e0 la recherche d&rsquo;une touche authentique de la ville et constitue un cadeau id\u00e9al pour les amis et la famille.<\/p>\n<p>Chez Ol\u00e9 Mosaic, nous sommes fiers de proposer des souvenirs en c\u00e9ramique qui refl\u00e8tent l&rsquo;authenticit\u00e9 et la tradition de l&rsquo;Espagne. En tant que grossistes de mugs, nous garantissons la qualit\u00e9 et la beaut\u00e9 de chaque pi\u00e8ce, faisant de ce mug de Barcelone un excellent choix pour les boutiques de cadeaux touristiques. Faites de votre exp\u00e9rience un souvenir inoubliable !<\/p>\n","protected":false},"excerpt":{"rendered":"<p>Mug en c\u00e9ramique au design vibrant repr\u00e9sentant les monuments les plus embl\u00e9matiques de Barcelone. D&rsquo;une hauteur de 9,5 cm, ce mug blanc pr\u00e9sente une mosa\u00efque color\u00e9e incluant des \u00e9l\u00e9ments iconiques comme la sculpture du dragon du Park G\u00fcell, la colonne de Christophe Colomb et la Sagrada Familia, le tout illumin\u00e9 par des d\u00e9tails rouges, bleus et jaunes. Parfait pour savourer vos boissons pr\u00e9f\u00e9r\u00e9es tout en \u00e9tant transport\u00e9 vers l&rsquo;essence de la capitale catalane.<\/p>\n","protected":false},"featured_media":9499,"template":"","meta":{"_acf_changed":false},"product_brand":[],"product_cat":[728],"product_tag":[585],"class_list":{"0":"post-36644","1":"product","2":"type-product","3":"status-publish","4":"has-post-thumbnail","6":"product_cat-mugs","7":"product_tag-ceramique","8":"pa_ciudad-barcelona","9":"pa_pais-espana","11":"first","12":"instock","13":"shipping-taxable","14":"product-type-simple"},"acf":[],"_links":{"self":[{"href":"https:\/\/olemosaic.com\/fr\/wp-json\/wp\/v2\/product\/36644","targetHints":{"allow":["GET"]}}],"collection":[{"href":"https:\/\/olemosaic.com\/fr\/wp-json\/wp\/v2\/product"}],"about":[{"href":"https:\/\/olemosaic.com\/fr\/wp-json\/wp\/v2\/types\/product"}],"wp:featuredmedia":[{"embeddable":true,"href":"https:\/\/olemosaic.com\/fr\/wp-json\/wp\/v2\/media\/9499"}],"wp:attachment":[{"href":"https:\/\/olemosaic.com\/fr\/wp-json\/wp\/v2\/media?parent=36644"}],"wp:term":[{"taxonomy":"product_brand","embeddable":true,"href":"https:\/\/olemosaic.com\/fr\/wp-json\/wp\/v2\/product_brand?post=36644"},{"taxonomy":"product_cat","embeddable":true,"href":"https:\/\/olemosaic.com\/fr\/wp-json\/wp\/v2\/product_cat?post=36644"},{"taxonomy":"product_tag","embeddable":true,"href":"https:\/\/olemosaic.com\/fr\/wp-json\/wp\/v2\/product_tag?post=36644"}],"curies":[{"name":"wp","href":"https:\/\/api.w.org\/{rel}","templated":true}]}}