{"id":36638,"date":"2025-02-20T23:27:46","date_gmt":"2025-02-20T22:27:46","guid":{"rendered":"http:\/\/olemosaic.com\/producto\/cenicero-de-ceramica-de-9-cm-panoramica-barcelona-beige\/"},"modified":"2025-07-25T18:42:40","modified_gmt":"2025-07-25T16:42:40","slug":"cendrier-en-ceramique-9-cm-panoramique-barcelone-beige","status":"publish","type":"product","link":"https:\/\/olemosaic.com\/fr\/produit\/cendrier-en-ceramique-9-cm-panoramique-barcelone-beige\/","title":{"rendered":"Cendrier en c\u00e9ramique 9 cm. Panoramique. Barcelone. Beige"},"content":{"rendered":"<p>D\u00e9couvrez le charme de notre cendrier en c\u00e9ramique avec une vue panoramique de Barcelone ! Cet \u00e9l\u00e9gant cendrier de 9 cm est la fusion parfaite entre fonctionnalit\u00e9 et esth\u00e9tique, se distinguant par son design vibrant dans les tons rouge et beige. La base en c\u00e9ramique blanche pr\u00e9sente une magnifique illustration \u00e0 l&rsquo;effet peint \u00e0 la main qui r\u00e9sume l&rsquo;essence de Barcelone, incluant l&#8217;embl\u00e9matique Sagrada Familia et d&rsquo;autres monuments embl\u00e9matiques de la ville. Chaque d\u00e9tail, de l&rsquo;architecture moderniste unique au paysage urbain color\u00e9, a \u00e9t\u00e9 soigneusement repr\u00e9sent\u00e9, offrant un aper\u00e7u de la riche culture et du patrimoine architectural de Barcelone.<\/p>\n<p>Ce cendrier n&rsquo;est pas seulement un accessoire de maison, mais aussi un souvenir spectaculaire qui rend hommage \u00e0 l&rsquo;une des villes les plus fascinantes d&rsquo;Espagne. Avec son design attrayant, il devient un souvenir parfait des moments v\u00e9cus dans la cit\u00e9 comtale et est id\u00e9al pour ceux qui cherchent \u00e0 emporter un morceau de Barcelone avec eux.<\/p>\n<p>Chez Ol\u00e9 Mosaic, en tant que grossiste de souvenirs authentiques, nous proposons ce cendrier en c\u00e9ramique comme une excellente option pour les boutiques de cadeaux touristiques \u00e0 la recherche de produits de qualit\u00e9 ayant une signification culturelle. Offrez un morceau d&rsquo;histoire et de style avec ce cendrier, id\u00e9al pour les touristes et les amateurs de d\u00e9coration qui souhaitent garder vivant le souvenir de Barcelone.<\/p>\n","protected":false},"excerpt":{"rendered":"<p>Cendrier en c\u00e9ramique de 9 cm avec une charmante vue panoramique de Barcelone. Cet \u00e9l\u00e9gant cendrier pr\u00e9sente un design attrayant dans les tons rouge et beige, d\u00e9cor\u00e9 d&rsquo;une illustration vibrante incluant l&#8217;embl\u00e9matique Sagrada Familia et d&rsquo;autres monuments embl\u00e9matiques de la ville. Les d\u00e9tails peints \u00e0 la main soulignent le caract\u00e8re unique architectural et culturel de Barcelone, en faisant un souvenir parfait ou un accessoire \u00e9l\u00e9gant pour toute maison.<\/p>\n","protected":false},"featured_media":7750,"template":"","meta":{"_acf_changed":false},"product_brand":[],"product_cat":[584],"product_tag":[585],"class_list":{"0":"post-36638","1":"product","2":"type-product","3":"status-publish","4":"has-post-thumbnail","6":"product_cat-cendriers","7":"product_tag-ceramique","8":"pa_ciudad-barcelona","9":"pa_motivo-panoramas","10":"pa_pais-espana","12":"first","13":"instock","14":"shipping-taxable","15":"product-type-simple"},"acf":[],"_links":{"self":[{"href":"https:\/\/olemosaic.com\/fr\/wp-json\/wp\/v2\/product\/36638","targetHints":{"allow":["GET"]}}],"collection":[{"href":"https:\/\/olemosaic.com\/fr\/wp-json\/wp\/v2\/product"}],"about":[{"href":"https:\/\/olemosaic.com\/fr\/wp-json\/wp\/v2\/types\/product"}],"wp:featuredmedia":[{"embeddable":true,"href":"https:\/\/olemosaic.com\/fr\/wp-json\/wp\/v2\/media\/7750"}],"wp:attachment":[{"href":"https:\/\/olemosaic.com\/fr\/wp-json\/wp\/v2\/media?parent=36638"}],"wp:term":[{"taxonomy":"product_brand","embeddable":true,"href":"https:\/\/olemosaic.com\/fr\/wp-json\/wp\/v2\/product_brand?post=36638"},{"taxonomy":"product_cat","embeddable":true,"href":"https:\/\/olemosaic.com\/fr\/wp-json\/wp\/v2\/product_cat?post=36638"},{"taxonomy":"product_tag","embeddable":true,"href":"https:\/\/olemosaic.com\/fr\/wp-json\/wp\/v2\/product_tag?post=36638"}],"curies":[{"name":"wp","href":"https:\/\/api.w.org\/{rel}","templated":true}]}}