{"id":36637,"date":"2025-02-20T23:32:03","date_gmt":"2025-02-20T22:32:03","guid":{"rendered":"https:\/\/olemosaic.com\/producto\/iman-de-ceramica-mosaico-barcelona-branco\/"},"modified":"2025-02-20T23:32:03","modified_gmt":"2025-02-20T22:32:03","slug":"aimant-en-ceramique-mosaique-barcelone-blanc-2","status":"publish","type":"product","link":"https:\/\/olemosaic.com\/fr\/produit\/aimant-en-ceramique-mosaique-barcelone-blanc-2\/","title":{"rendered":"Aimant en c\u00e9ramique. Mosa\u00efque. Barcelone. Blanc."},"content":{"rendered":"<p>Cet aimant en c\u00e9ramique vibrant et color\u00e9, inspir\u00e9 de l&rsquo;art d\u00e9coratif portugais, est une lembran\u00e7a authentique qui r\u00e9sume l&rsquo;essence de la culture portugaise. Son design pr\u00e9sente une riche vari\u00e9t\u00e9 de motifs g\u00e9om\u00e9triques et floraux, avec une palette qui comprend des tons vifs de bleu, d&rsquo;orange et de rouge, \u00e9voquant la joie et la diversit\u00e9 de la c\u00e9ramique traditionnelle du pays. La forme stylis\u00e9e de l&rsquo;aimant, avec une base blanche qui rehausse les couleurs, en fait une pi\u00e8ce unique pour orner toute surface m\u00e9tallique, des r\u00e9frig\u00e9rateurs aux tableaux magn\u00e9tiques.  <\/p>\n<p>Chaque aimant est m\u00e9ticuleusement peint \u00e0 la main, garantissant l&rsquo;authenticit\u00e9 et le caract\u00e8re distinctif de chaque pi\u00e8ce. Cet aimant n&rsquo;est pas seulement fonctionnel, il sert \u00e9galement de souvenir constant de la splendeur du patrimoine culturel portugais, \u00e9voquant chez les voyageurs leur passage dans un pays connu pour sa riche histoire de la c\u00e9ramique et de l&rsquo;art d\u00e9coratif. Chez Ol\u00e9 Mosaic, nous savons que cet aimant en c\u00e9ramique est un excellent choix pour les boutiques de souvenirs touristiques \u00e0 la recherche de souvenirs repr\u00e9sentatifs du Portugal. En tant que distributeurs en gros de c\u00e9ramique, nous proposons des produits authentiques qui c\u00e9l\u00e8brent la culture et la tradition, faisant de cette pi\u00e8ce un cadeau parfait pour les touristes et les amateurs d&rsquo;artisanat.   <\/p>\n","protected":false},"excerpt":{"rendered":"<p>Aimant en c\u00e9ramique avec un design de mosa\u00efque vibrant et color\u00e9, inspir\u00e9 de l&rsquo;art d\u00e9coratif portugais. Cet aimant attrayant pr\u00e9sente une vari\u00e9t\u00e9 de motifs g\u00e9om\u00e9triques et floraux en tons de bleu, d&rsquo;orange et de rouge, \u00e9voquant le caract\u00e8re joyeux de la c\u00e9ramique traditionnelle. Sa forme stylis\u00e9e et sa finition en c\u00e9ramique peinte \u00e0 la main lui donnent une touche distinctive, id\u00e9ale pour d\u00e9corer toute surface m\u00e9tallique, rappelant la beaut\u00e9 du patrimoine culturel portugais.  <\/p>\n","protected":false},"featured_media":9037,"template":"","meta":{"_acf_changed":false},"product_brand":[],"product_cat":[697],"product_tag":[585],"class_list":{"0":"post-36637","1":"product","2":"type-product","3":"status-publish","4":"has-post-thumbnail","6":"product_cat-aimants","7":"product_tag-ceramique","8":"pa_motivo-mosaique","10":"first","11":"instock","12":"shipping-taxable","13":"product-type-simple"},"acf":[],"_links":{"self":[{"href":"https:\/\/olemosaic.com\/fr\/wp-json\/wp\/v2\/product\/36637","targetHints":{"allow":["GET"]}}],"collection":[{"href":"https:\/\/olemosaic.com\/fr\/wp-json\/wp\/v2\/product"}],"about":[{"href":"https:\/\/olemosaic.com\/fr\/wp-json\/wp\/v2\/types\/product"}],"wp:featuredmedia":[{"embeddable":true,"href":"https:\/\/olemosaic.com\/fr\/wp-json\/wp\/v2\/media\/9037"}],"wp:attachment":[{"href":"https:\/\/olemosaic.com\/fr\/wp-json\/wp\/v2\/media?parent=36637"}],"wp:term":[{"taxonomy":"product_brand","embeddable":true,"href":"https:\/\/olemosaic.com\/fr\/wp-json\/wp\/v2\/product_brand?post=36637"},{"taxonomy":"product_cat","embeddable":true,"href":"https:\/\/olemosaic.com\/fr\/wp-json\/wp\/v2\/product_cat?post=36637"},{"taxonomy":"product_tag","embeddable":true,"href":"https:\/\/olemosaic.com\/fr\/wp-json\/wp\/v2\/product_tag?post=36637"}],"curies":[{"name":"wp","href":"https:\/\/api.w.org\/{rel}","templated":true}]}}