{"id":36608,"date":"2025-02-20T23:31:48","date_gmt":"2025-02-20T22:31:48","guid":{"rendered":"https:\/\/olemosaic.com\/producto\/ceramic-ashtray-10-cm-roosters-white\/"},"modified":"2025-11-21T13:15:42","modified_gmt":"2025-11-21T12:15:42","slug":"cendrier-en-ceramique-de-10-cm-coqs-blanc-2","status":"publish","type":"product","link":"https:\/\/olemosaic.com\/fr\/produit\/cendrier-en-ceramique-de-10-cm-coqs-blanc-2\/","title":{"rendered":"Cendrier en c\u00e9ramique de 10 cm. Coqs. Blanc"},"content":{"rendered":"<p>Ce charmant cendrier en c\u00e9ramique de 10 cm est une pi\u00e8ce d\u00e9corative qui capture l&rsquo;essence du folklore espagnol. Il se distingue par son design peint \u00e0 la main d&rsquo;un coq, symbole repr\u00e9sentatif de la culture andalouse. Avec des couleurs vibrantes pr\u00e9dominantes telles que le rouge, le noir et le bleu, ce cendrier pr\u00e9sente une base blanche qui rehausse son attrait visuel. Le coq, repr\u00e9sent\u00e9 dans toute sa splendeur, est entour\u00e9 d&rsquo;une d\u00e9licate d\u00e9coration de c\u0153urs et de fleurs qui \u00e9voquent la joie et l&rsquo;esprit festif de l&rsquo;Andalousie.<\/p>\n<p>La finition brillante de ce cendrier n&rsquo;en fait pas seulement un accessoire fonctionnel, mais aussi un compl\u00e9ment d\u00e9coratif \u00e9l\u00e9gant, id\u00e9al pour apporter une touche de couleur et de culture \u00e0 n&rsquo;importe quel foyer. Sa forme circulaire et son design artistique en font un cadeau parfait pour les touristes qui souhaitent emporter chez eux un petit morceau de la richesse culturelle de l&rsquo;Espagne.<\/p>\n<p>Chez Ol\u00e9 Mosaic, nous proposons des souvenirs authentiques, et ce cendrier d\u00e9coratif est une excellente option pour les boutiques de souvenirs touristiques \u00e0 la recherche de produits mettant en avant la tradition et l&rsquo;art local. En tant que grossiste en c\u00e9ramique, nous garantissons le design et la qualit\u00e9 de chaque pi\u00e8ce, assurant que chaque client puisse offrir des souvenirs repr\u00e9sentatifs et authentiques du patrimoine espagnol.<\/p>\n","protected":false},"excerpt":{"rendered":"<p>Cendrier en c\u00e9ramique de 10 cm d\u00e9cor\u00e9 d&rsquo;un coq, symbole repr\u00e9sentatif de la culture espagnole. Ce cendrier attrayant pr\u00e9sente un design artisanal, peint \u00e0 la main, avec une pr\u00e9dominance de couleurs vibrantes comme le rouge, le noir et le bleu sur un fond blanc, orn\u00e9 de c\u0153urs et de fleurs qui \u00e9voquent le folklore andalou. Sa forme circulaire et sa finition brillante en font un compl\u00e9ment d\u00e9coratif \u00e9l\u00e9gant pour n&rsquo;importe quelle maison.<\/p>\n","protected":false},"featured_media":8874,"template":"","meta":{"_acf_changed":false},"product_brand":[],"product_cat":[584],"product_tag":[530,585],"class_list":{"0":"post-36608","1":"product","2":"type-product","3":"status-publish","4":"has-post-thumbnail","6":"product_cat-cendriers","7":"product_tag-animaux","8":"product_tag-ceramique","9":"pa_motivo-coqs","11":"first","12":"instock","13":"shipping-taxable","14":"product-type-simple"},"acf":[],"_links":{"self":[{"href":"https:\/\/olemosaic.com\/fr\/wp-json\/wp\/v2\/product\/36608","targetHints":{"allow":["GET"]}}],"collection":[{"href":"https:\/\/olemosaic.com\/fr\/wp-json\/wp\/v2\/product"}],"about":[{"href":"https:\/\/olemosaic.com\/fr\/wp-json\/wp\/v2\/types\/product"}],"wp:featuredmedia":[{"embeddable":true,"href":"https:\/\/olemosaic.com\/fr\/wp-json\/wp\/v2\/media\/8874"}],"wp:attachment":[{"href":"https:\/\/olemosaic.com\/fr\/wp-json\/wp\/v2\/media?parent=36608"}],"wp:term":[{"taxonomy":"product_brand","embeddable":true,"href":"https:\/\/olemosaic.com\/fr\/wp-json\/wp\/v2\/product_brand?post=36608"},{"taxonomy":"product_cat","embeddable":true,"href":"https:\/\/olemosaic.com\/fr\/wp-json\/wp\/v2\/product_cat?post=36608"},{"taxonomy":"product_tag","embeddable":true,"href":"https:\/\/olemosaic.com\/fr\/wp-json\/wp\/v2\/product_tag?post=36608"}],"curies":[{"name":"wp","href":"https:\/\/api.w.org\/{rel}","templated":true}]}}