{"id":36606,"date":"2025-02-20T23:31:47","date_gmt":"2025-02-20T22:31:47","guid":{"rendered":"https:\/\/olemosaic.com\/producto\/taca-de-coco-vermelho-bailarina-arte-flamenca\/"},"modified":"2025-02-20T23:31:47","modified_gmt":"2025-02-20T22:31:47","slug":"bol-en-noix-de-coco-rouge-danseuse-art-flamenco","status":"publish","type":"product","link":"https:\/\/olemosaic.com\/fr\/produit\/bol-en-noix-de-coco-rouge-danseuse-art-flamenco\/","title":{"rendered":"Bol en noix de coco rouge. Danseuse. Art Flamenco."},"content":{"rendered":"<p>Ce charmant bol en noix de coco rouge est une pi\u00e8ce authentique et vibrante qui incarne l&rsquo;essence du folklore espagnol, id\u00e9al pour d\u00e9corer n&rsquo;importe quel espace ou comme cadeau significatif. Sa couleur rouge intense, compl\u00e9t\u00e9e par de d\u00e9licats d\u00e9tails noirs, met en valeur la figure d&rsquo;une danseuse de flamenco. La repr\u00e9sentation de la danseuse, peinte avec une technique raffin\u00e9e, capture son mouvement et sa gr\u00e2ce, \u00e9voquant la passion et l&rsquo;\u00e9nergie du flamenco, un art profond\u00e9ment enracin\u00e9 dans la culture andalouse.<\/p>\n<p>Le design du bol inclut une joyeuse d\u00e9coration de c\u0153urs sur les bords, ce qui lui donne une touche festive, en faisant un excellent d\u00e9tail d\u00e9coratif pour la maison. De plus, sa forme organique et \u00e9l\u00e9gante rehausse le caract\u00e8re artisanal du produit, r\u00e9affirmant son authenticit\u00e9 en tant que souvenir repr\u00e9sentatif de l&rsquo;Espagne. Ce bol n&rsquo;est pas seulement une pi\u00e8ce d\u00e9corative, mais peut \u00e9galement \u00eatre utilis\u00e9 pour servir de la nourriture ou comme centre de table, cr\u00e9ant un v\u00e9ritable dialogue culturel lors de toute r\u00e9union.<\/p>\n<p>Chez Ol\u00e9 MOSAIC, nous vous proposons ce bol en noix de coco rouge d\u00e9cor\u00e9 dans le cadre de notre collection de souvenirs en gros, parfait pour les boutiques de cadeaux touristiques \u00e0 la recherche de produits de qualit\u00e9 c\u00e9l\u00e9brant le riche patrimoine culturel espagnol. Ce bol de danseuse est le choix id\u00e9al pour ceux qui recherchent des souvenirs authentiques et attrayants pour enrichir l&rsquo;exp\u00e9rience de leurs clients.<\/p>\n","protected":false},"excerpt":{"rendered":"<p>Bol en noix de coco rouge d\u00e9cor\u00e9 de l&rsquo;\u00e9l\u00e9gante figure d&rsquo;une danseuse de flamenco. Ce bol attrayant pr\u00e9sente une couleur rouge vibrante avec des d\u00e9tails noirs, compl\u00e9t\u00e9e par un motif de c\u0153urs qui rehausse son style festif. La danseuse est peinte avec une technique raffin\u00e9e qui met en valeur son mouvement et sa gr\u00e2ce, \u00e9voquant l&rsquo;esprit authentique du flamenco. Id\u00e9al pour d\u00e9corer votre maison ou comme cadeau, un v\u00e9ritable symbole du folklore espagnol.<\/p>\n","protected":false},"featured_media":13471,"template":"","meta":{"_acf_changed":false},"product_brand":[],"product_cat":[521],"product_tag":[],"class_list":{"0":"post-36606","1":"product","2":"type-product","3":"status-publish","4":"has-post-thumbnail","6":"product_cat-bols","7":"pa_motivo-danseurs","9":"first","10":"instock","11":"shipping-taxable","12":"product-type-simple"},"acf":[],"_links":{"self":[{"href":"https:\/\/olemosaic.com\/fr\/wp-json\/wp\/v2\/product\/36606","targetHints":{"allow":["GET"]}}],"collection":[{"href":"https:\/\/olemosaic.com\/fr\/wp-json\/wp\/v2\/product"}],"about":[{"href":"https:\/\/olemosaic.com\/fr\/wp-json\/wp\/v2\/types\/product"}],"wp:featuredmedia":[{"embeddable":true,"href":"https:\/\/olemosaic.com\/fr\/wp-json\/wp\/v2\/media\/13471"}],"wp:attachment":[{"href":"https:\/\/olemosaic.com\/fr\/wp-json\/wp\/v2\/media?parent=36606"}],"wp:term":[{"taxonomy":"product_brand","embeddable":true,"href":"https:\/\/olemosaic.com\/fr\/wp-json\/wp\/v2\/product_brand?post=36606"},{"taxonomy":"product_cat","embeddable":true,"href":"https:\/\/olemosaic.com\/fr\/wp-json\/wp\/v2\/product_cat?post=36606"},{"taxonomy":"product_tag","embeddable":true,"href":"https:\/\/olemosaic.com\/fr\/wp-json\/wp\/v2\/product_tag?post=36606"}],"curies":[{"name":"wp","href":"https:\/\/api.w.org\/{rel}","templated":true}]}}