{"id":36588,"date":"2025-02-20T22:38:36","date_gmt":"2025-02-20T22:38:36","guid":{"rendered":"http:\/\/olemosaic.com\/producto\/cucharon-de-ceramica-toros-madrid-blanco\/"},"modified":"2025-07-25T19:45:19","modified_gmt":"2025-07-25T17:45:19","slug":"louche-en-ceramique-taureaux-madrid-blanc","status":"publish","type":"product","link":"https:\/\/olemosaic.com\/fr\/produit\/louche-en-ceramique-taureaux-madrid-blanc\/","title":{"rendered":"Louche en c\u00e9ramique. Taureaux. Madrid. Blanc"},"content":{"rendered":"<p>Cette louche en c\u00e9ramique, d\u00e9cor\u00e9e d&rsquo;un design vibrant de taureaux, est un v\u00e9ritable hommage \u00e0 la culture madril\u00e8ne, id\u00e9ale pour ceux qui recherchent un souvenir repr\u00e9sentatif et fonctionnel. Sur un fond blanc brillant, sa surface est orn\u00e9e de mosa\u00efques color\u00e9es repr\u00e9sentant un taureau stylis\u00e9 dans une gamme de tons verts et rouges, entour\u00e9 de motifs floraux \u00e9voquant la riche tradition espagnole. Le mot \u00ab\u00a0MADRID\u00a0\u00bb ressort avec un design attrayant qui ajoute une touche personnelle \u00e0 la pi\u00e8ce.<\/p>\n<p>La louche ne se distingue pas seulement comme ustensile de cuisine, mais est aussi une \u0153uvre d&rsquo;art qui capture l&rsquo;essence des festivit\u00e9s madril\u00e8nes et du folklore entourant la figure embl\u00e9matique du taureau. Cet \u00e9l\u00e9ment est un rappel du c\u00e9l\u00e8bre festival de San Isidro, une c\u00e9l\u00e9bration qui honore la tradition taurine et la culture locale, en faisant le cadeau parfait pour ceux qui souhaitent ramener un morceau de Madrid chez eux.<\/p>\n<p>Chez Ol\u00e9 Mosaic, nous nous sp\u00e9cialisons dans la distribution de souvenirs en gros, et cette louche en c\u00e9ramique est une excellente option pour les boutiques de cadeaux touristiques recherchant des produits authentiques et repr\u00e9sentatifs. Apporter une touche d&rsquo;Espagne \u00e0 la cuisine n&rsquo;a jamais \u00e9t\u00e9 aussi facile et \u00e9l\u00e9gant, faisant de cette louche un choix incontournable pour ceux qui appr\u00e9cient la tradition et l&rsquo;artisanat des souvenirs madril\u00e8nes.<\/p>\n","protected":false},"excerpt":{"rendered":"<p>Louche en c\u00e9ramique d\u00e9cor\u00e9e d&rsquo;un design taurin vibrant, embl\u00e8me de la culture madril\u00e8ne. Cet ustensile pr\u00e9sente un fond blanc orn\u00e9 de mosa\u00efques color\u00e9es repr\u00e9sentant un taureau stylis\u00e9 dans les tons verts et rouges, ainsi que des motifs floraux \u00e9voquant la tradition espagnole. Avec le mot \u00ab\u00a0MADRID\u00a0\u00bb mis en avant, c&rsquo;est une pi\u00e8ce fonctionnelle et artistique qui capture l&rsquo;essence de la f\u00eate et du folklore de la capitale. Id\u00e9al pour ajouter une touche espagnole \u00e0 votre cuisine.<\/p>\n","protected":false},"featured_media":8604,"template":"","meta":{"_acf_changed":false},"product_brand":[],"product_cat":[798],"product_tag":[530,585],"class_list":{"0":"post-36588","1":"product","2":"type-product","3":"status-publish","4":"has-post-thumbnail","6":"product_cat-louches","7":"product_tag-animaux","8":"product_tag-ceramique","9":"pa_ciudad-madrid","10":"pa_motivo-taureaux","11":"pa_pais-espana","13":"first","14":"instock","15":"shipping-taxable","16":"product-type-simple"},"acf":[],"_links":{"self":[{"href":"https:\/\/olemosaic.com\/fr\/wp-json\/wp\/v2\/product\/36588","targetHints":{"allow":["GET"]}}],"collection":[{"href":"https:\/\/olemosaic.com\/fr\/wp-json\/wp\/v2\/product"}],"about":[{"href":"https:\/\/olemosaic.com\/fr\/wp-json\/wp\/v2\/types\/product"}],"wp:featuredmedia":[{"embeddable":true,"href":"https:\/\/olemosaic.com\/fr\/wp-json\/wp\/v2\/media\/8604"}],"wp:attachment":[{"href":"https:\/\/olemosaic.com\/fr\/wp-json\/wp\/v2\/media?parent=36588"}],"wp:term":[{"taxonomy":"product_brand","embeddable":true,"href":"https:\/\/olemosaic.com\/fr\/wp-json\/wp\/v2\/product_brand?post=36588"},{"taxonomy":"product_cat","embeddable":true,"href":"https:\/\/olemosaic.com\/fr\/wp-json\/wp\/v2\/product_cat?post=36588"},{"taxonomy":"product_tag","embeddable":true,"href":"https:\/\/olemosaic.com\/fr\/wp-json\/wp\/v2\/product_tag?post=36588"}],"curies":[{"name":"wp","href":"https:\/\/api.w.org\/{rel}","templated":true}]}}