{"id":36587,"date":"2025-02-20T23:38:36","date_gmt":"2025-02-20T22:38:36","guid":{"rendered":"http:\/\/olemosaic.com\/producto\/plato-de-ceramica-toros-madrid-blanco\/"},"modified":"2025-07-25T19:35:36","modified_gmt":"2025-07-25T17:35:36","slug":"assiette-en-ceramique-taureaux-madrid-blanc","status":"publish","type":"product","link":"https:\/\/olemosaic.com\/fr\/produit\/assiette-en-ceramique-taureaux-madrid-blanc\/","title":{"rendered":"Assiette en c\u00e9ramique. Taureaux. Madrid. Blanc."},"content":{"rendered":"<p>Cette assiette d\u00e9corative en c\u00e9ramique, inspir\u00e9e de la riche culture madril\u00e8ne, est une pi\u00e8ce unique qui capture l&rsquo;essence de la tradition espagnole. Elle pr\u00e9sente un design central vibrant mettant en vedette un taureau, embl\u00e8me de la tauromachie et symbole iconique de la ville, entour\u00e9 de motifs floraux dans une explosion de couleurs rouge, bleu et vert. Sa base blanche, combin\u00e9e \u00e0 une finition en mosa\u00efque, offre un aspect authentique et distinctif, ce qui fait de cette assiette un souvenir id\u00e9al de la capitale espagnole.<\/p>\n<p>Le design de l&rsquo;assiette est un reflet fid\u00e8le de l&rsquo;art populaire madril\u00e8ne, avec la repr\u00e9sentation du taureau comme preuve de la passion et de la ferveur qui caract\u00e9risent Madrid. Le texte \u00ab\u00a0MADRID\u00a0\u00bb est \u00e9l\u00e9gamment imprim\u00e9, garantissant que ce souvenir soit non seulement d\u00e9coratif, mais aussi un rappel significatif de la visite de cette m\u00e9tropole vibrante.<\/p>\n<p>Cette assiette en c\u00e9ramique n&#8217;embellit pas seulement n&rsquo;importe quel foyer, elle repr\u00e9sente \u00e9galement un lien culturel avec les traditions les plus ancr\u00e9es d&rsquo;Espagne, devenant une excellente option pour les touristes et les amoureux de la culture. Chez Ol\u00e9 Mosaic, en tant que grossiste de souvenirs authentiques, nous garantissons un produit de haute qualit\u00e9 qui compl\u00e9tera parfaitement l&rsquo;offre des boutiques de cadeaux touristiques \u00e0 la recherche d&rsquo;articles repr\u00e9sentatifs de Madrid.<\/p>\n","protected":false},"excerpt":{"rendered":"<p>Assiette d\u00e9corative en c\u00e9ramique, inspir\u00e9e de la riche culture madril\u00e8ne, pr\u00e9sentant un design vibrant avec un taureau, embl\u00e8me de la tradition espagnole, entour\u00e9 de motifs floraux en rouge, bleu et vert. La c\u00e9ramique, au design artisanal peint \u00e0 la main, arbore une finition dans les tons blancs et des d\u00e9tails en mosa\u00efque, lui conf\u00e9rant un aspect authentique et distinctif. Le texte \u00ab MADRID \u00bb est \u00e9l\u00e9gamment imprim\u00e9, faisant de cette assiette un souvenir parfait de la capitale espagnole.<\/p>\n","protected":false},"featured_media":8602,"template":"","meta":{"_acf_changed":false},"product_brand":[],"product_cat":[656],"product_tag":[530,585],"class_list":{"0":"post-36587","1":"product","2":"type-product","3":"status-publish","4":"has-post-thumbnail","6":"product_cat-assiettes-decoratives","7":"product_tag-animaux","8":"product_tag-ceramique","9":"pa_ciudad-madrid","10":"pa_motivo-taureaux","11":"pa_pais-espana","13":"first","14":"instock","15":"shipping-taxable","16":"product-type-simple"},"acf":[],"_links":{"self":[{"href":"https:\/\/olemosaic.com\/fr\/wp-json\/wp\/v2\/product\/36587","targetHints":{"allow":["GET"]}}],"collection":[{"href":"https:\/\/olemosaic.com\/fr\/wp-json\/wp\/v2\/product"}],"about":[{"href":"https:\/\/olemosaic.com\/fr\/wp-json\/wp\/v2\/types\/product"}],"wp:featuredmedia":[{"embeddable":true,"href":"https:\/\/olemosaic.com\/fr\/wp-json\/wp\/v2\/media\/8602"}],"wp:attachment":[{"href":"https:\/\/olemosaic.com\/fr\/wp-json\/wp\/v2\/media?parent=36587"}],"wp:term":[{"taxonomy":"product_brand","embeddable":true,"href":"https:\/\/olemosaic.com\/fr\/wp-json\/wp\/v2\/product_brand?post=36587"},{"taxonomy":"product_cat","embeddable":true,"href":"https:\/\/olemosaic.com\/fr\/wp-json\/wp\/v2\/product_cat?post=36587"},{"taxonomy":"product_tag","embeddable":true,"href":"https:\/\/olemosaic.com\/fr\/wp-json\/wp\/v2\/product_tag?post=36587"}],"curies":[{"name":"wp","href":"https:\/\/api.w.org\/{rel}","templated":true}]}}