{"id":36586,"date":"2025-02-20T23:38:36","date_gmt":"2025-02-20T22:38:36","guid":{"rendered":"http:\/\/olemosaic.com\/producto\/plato-de-ceramica-de-15-cm-toros-madrid-blanco\/"},"modified":"2025-07-25T18:53:18","modified_gmt":"2025-07-25T16:53:18","slug":"assiette-en-ceramique-de-15-cm-taureaux-madrid-blanc","status":"publish","type":"product","link":"https:\/\/olemosaic.com\/fr\/produit\/assiette-en-ceramique-de-15-cm-taureaux-madrid-blanc\/","title":{"rendered":"Assiette en c\u00e9ramique de 15 cm. Taureaux. Madrid. Blanc."},"content":{"rendered":"<p>Assiette en c\u00e9ramique de tauromachie de 15 cm, id\u00e9ale pour les amoureux de la culture espagnole. Cette assiette vibrante, inspir\u00e9e de l&#8217;embl\u00e9matique tauromachie madril\u00e8ne, pr\u00e9sente une illustration color\u00e9e de deux taureaux : l&rsquo;un dans les tons rouges et l&rsquo;autre dans les tons verts, tous deux entour\u00e9s de motifs floraux exub\u00e9rants. Le fond blanc, qui \u00e9voque la technique de la mosa\u00efque, offre un contraste parfait, rehaussant l&rsquo;intensit\u00e9 des couleurs et les d\u00e9tails de chaque figure. En haut, le mot \u00ab\u00a0MADRID\u00a0\u00bb est \u00e9l\u00e9gamment inscrit, transformant cette assiette en un authentique souvenir qui c\u00e9l\u00e8bre la riche tradition culturelle de la capitale espagnole.<\/p>\n<p>La technique de peinture \u00e0 la main garantit que chaque assiette est unique, avec une finition qui se distingue par sa qualit\u00e9 artisanale. Cet article ne sert pas seulement de compl\u00e9ment d\u00e9coratif, mais aussi de symbole repr\u00e9sentatif des f\u00eates populaires et de l&rsquo;identit\u00e9 culturelle de l&rsquo;Espagne. Parfaite pour \u00eatre expos\u00e9e dans n&rsquo;importe quelle maison, cette assiette en c\u00e9ramique est une excellente option pour les touristes \u00e0 la recherche d&rsquo;un souvenir authentique et significatif de leur visite \u00e0 Madrid. Chez Ol\u00e9 Mosaic, nous sommes distributeurs de souvenirs en gros et proposons des produits qui capturent l&rsquo;essence de chaque r\u00e9gion, cette assiette \u00e9tant un choix magnifique pour les boutiques de cadeaux touristiques souhaitant offrir des articles authentiques et de grande valeur culturelle.<\/p>\n","protected":false},"excerpt":{"rendered":"<p>Assiette en c\u00e9ramique de 15 cm, inspir\u00e9e de l&#8217;embl\u00e9matique tauromachie madril\u00e8ne. Cette assiette vibrante pr\u00e9sente une illustration color\u00e9e de deux taureaux, l&rsquo;un dans les tons rouges et l&rsquo;autre dans les tons verts, entour\u00e9s de motifs floraux sur un fond blanc au design de mosa\u00efque. Avec le mot \u00ab\u00a0MADRID\u00a0\u00bb \u00e9l\u00e9gamment inscrit, cet article est id\u00e9al pour la d\u00e9coration ou comme souvenir authentique de la culture espagnole. Sa technique de design artisanal, peint \u00e0 la main, ressort dans chaque d\u00e9tail.<\/p>\n","protected":false},"featured_media":8601,"template":"","meta":{"_acf_changed":false},"product_brand":[],"product_cat":[656],"product_tag":[530,585],"class_list":{"0":"post-36586","1":"product","2":"type-product","3":"status-publish","4":"has-post-thumbnail","6":"product_cat-assiettes-decoratives","7":"product_tag-animaux","8":"product_tag-ceramique","9":"pa_ciudad-madrid","10":"pa_motivo-taureaux","11":"pa_pais-espana","13":"first","14":"instock","15":"shipping-taxable","16":"product-type-simple"},"acf":[],"_links":{"self":[{"href":"https:\/\/olemosaic.com\/fr\/wp-json\/wp\/v2\/product\/36586","targetHints":{"allow":["GET"]}}],"collection":[{"href":"https:\/\/olemosaic.com\/fr\/wp-json\/wp\/v2\/product"}],"about":[{"href":"https:\/\/olemosaic.com\/fr\/wp-json\/wp\/v2\/types\/product"}],"wp:featuredmedia":[{"embeddable":true,"href":"https:\/\/olemosaic.com\/fr\/wp-json\/wp\/v2\/media\/8601"}],"wp:attachment":[{"href":"https:\/\/olemosaic.com\/fr\/wp-json\/wp\/v2\/media?parent=36586"}],"wp:term":[{"taxonomy":"product_brand","embeddable":true,"href":"https:\/\/olemosaic.com\/fr\/wp-json\/wp\/v2\/product_brand?post=36586"},{"taxonomy":"product_cat","embeddable":true,"href":"https:\/\/olemosaic.com\/fr\/wp-json\/wp\/v2\/product_cat?post=36586"},{"taxonomy":"product_tag","embeddable":true,"href":"https:\/\/olemosaic.com\/fr\/wp-json\/wp\/v2\/product_tag?post=36586"}],"curies":[{"name":"wp","href":"https:\/\/api.w.org\/{rel}","templated":true}]}}