{"id":36585,"date":"2025-02-20T23:38:36","date_gmt":"2025-02-20T22:38:36","guid":{"rendered":"http:\/\/olemosaic.com\/producto\/cenicero-de-ceramica-de-9-cm-toros-madrid-blanco\/"},"modified":"2025-07-25T20:35:22","modified_gmt":"2025-07-25T18:35:22","slug":"cendrier-en-ceramique-de-9-cm-taureaux-madrid-blanc","status":"publish","type":"product","link":"https:\/\/olemosaic.com\/fr\/produit\/cendrier-en-ceramique-de-9-cm-taureaux-madrid-blanc\/","title":{"rendered":"Cendrier en c\u00e9ramique de 9 cm. Taureaux. Madrid. Blanc"},"content":{"rendered":"<p>Ce cendrier en c\u00e9ramique de 9 cm est un v\u00e9ritable hommage \u00e0 la riche tradition taurine de Madrid, fusionnant fonctionnalit\u00e9 et art. Son design blanc et brillant met en valeur une mosa\u00efque d\u00e9corative vibrante qui \u00e9voque les couleurs et l&rsquo;\u00e9nergie des ar\u00e8nes. Sur la partie sup\u00e9rieure, on remarque un torero en action et un taureau majestueux, tous deux soigneusement peints, capturant le dynamisme des corridas, un symbole culturel de la r\u00e9gion. Le d\u00e9tail de l&rsquo;inscription \u00ab\u00a0MADRID\u00a0\u00bb, dans un style qui compl\u00e8te l&rsquo;\u0153uvre artistique, souligne sa connexion avec la capitale espagnole.<\/p>\n<p>La base du cendrier comprend un magnifique design floral qui ajoute une touche d&rsquo;\u00e9l\u00e9gance, faisant de cette pi\u00e8ce non seulement un ustensile pratique, mais aussi une \u0153uvre d&rsquo;art qui d\u00e9core n&rsquo;importe quel espace. Sa forme arrondie et polie en fait un \u00e9l\u00e9ment qui, en plus d&rsquo;\u00eatre utile, apporte un air sophistiqu\u00e9 et authentique.<\/p>\n<p>Ce cendrier est un souvenir id\u00e9al pour les touristes cherchant \u00e0 emporter un morceau de la culture madril\u00e8ne. Chez Ol\u00e9 Mosaic, en tant que distributeur de souvenirs en c\u00e9ramique en gros, nous proposons des produits qui refl\u00e8tent l&rsquo;essence du patrimoine espagnol, parfaits pour les boutiques de cadeaux touristiques. Sans aucun doute, un souvenir repr\u00e9sentatif qui combine tradition, art et usage quotidien, en faisant un choix exceptionnel pour se souvenir de son passage \u00e0 Madrid.<\/p>\n","protected":false},"excerpt":{"rendered":"<p>Cendrier en c\u00e9ramique de 9 cm, d\u00e9cor\u00e9 de motifs taurins repr\u00e9sentant la riche tradition de Madrid. Ce cendrier blanc attrayant pr\u00e9sente un design color\u00e9 avec des mosa\u00efques et des d\u00e9tails floraux \u00e0 la base, ainsi que l&rsquo;inscription \u00ab\u00a0MADRID\u00a0\u00bb. Sa finition brillante et sa forme arrondie en font un objet pratique et \u00e9l\u00e9gant, id\u00e9al pour ajouter une touche culturelle et authentique \u00e0 n&rsquo;importe quel espace.<\/p>\n","protected":false},"featured_media":8599,"template":"","meta":{"_acf_changed":false},"product_brand":[],"product_cat":[584],"product_tag":[530,585],"class_list":{"0":"post-36585","1":"product","2":"type-product","3":"status-publish","4":"has-post-thumbnail","6":"product_cat-cendriers","7":"product_tag-animaux","8":"product_tag-ceramique","9":"pa_ciudad-madrid","10":"pa_motivo-taureaux","11":"pa_pais-espana","13":"first","14":"instock","15":"shipping-taxable","16":"product-type-simple"},"acf":[],"_links":{"self":[{"href":"https:\/\/olemosaic.com\/fr\/wp-json\/wp\/v2\/product\/36585","targetHints":{"allow":["GET"]}}],"collection":[{"href":"https:\/\/olemosaic.com\/fr\/wp-json\/wp\/v2\/product"}],"about":[{"href":"https:\/\/olemosaic.com\/fr\/wp-json\/wp\/v2\/types\/product"}],"wp:featuredmedia":[{"embeddable":true,"href":"https:\/\/olemosaic.com\/fr\/wp-json\/wp\/v2\/media\/8599"}],"wp:attachment":[{"href":"https:\/\/olemosaic.com\/fr\/wp-json\/wp\/v2\/media?parent=36585"}],"wp:term":[{"taxonomy":"product_brand","embeddable":true,"href":"https:\/\/olemosaic.com\/fr\/wp-json\/wp\/v2\/product_brand?post=36585"},{"taxonomy":"product_cat","embeddable":true,"href":"https:\/\/olemosaic.com\/fr\/wp-json\/wp\/v2\/product_cat?post=36585"},{"taxonomy":"product_tag","embeddable":true,"href":"https:\/\/olemosaic.com\/fr\/wp-json\/wp\/v2\/product_tag?post=36585"}],"curies":[{"name":"wp","href":"https:\/\/api.w.org\/{rel}","templated":true}]}}