{"id":36584,"date":"2025-02-20T22:38:36","date_gmt":"2025-02-20T22:38:36","guid":{"rendered":"http:\/\/olemosaic.com\/producto\/vaso-de-chupito-de-ceramica-toros-madrid-blanco\/"},"modified":"2025-07-25T19:22:22","modified_gmt":"2025-07-25T17:22:22","slug":"verre-a-shot-en-ceramique-taureaux-madrid-blanc","status":"publish","type":"product","link":"https:\/\/olemosaic.com\/fr\/produit\/verre-a-shot-en-ceramique-taureaux-madrid-blanc\/","title":{"rendered":"Verre \u00e0 shot en c\u00e9ramique. Taureaux. Madrid. Blanc."},"content":{"rendered":"<p>Ce verre \u00e0 shot en c\u00e9ramique, d\u00e9cor\u00e9 d&rsquo;un design vibrant de taureaux, est un authentique souvenir de Madrid qui capture l&rsquo;essence du folklore espagnol. Avec une finition blanche qui souligne son \u00e9l\u00e9gance, ce verre pr\u00e9sente un int\u00e9rieur orange, offrant un contraste saisissant qui souligne son design festif. \u00c0 l&rsquo;ext\u00e9rieur, la c\u00e9ramique affiche une illustration color\u00e9e en mosa\u00efque comprenant la repr\u00e9sentation embl\u00e9matique de taureaux, un symbole profond\u00e9ment enracin\u00e9 dans la culture madril\u00e8ne, ainsi qu&rsquo;un soleil radieux et de magnifiques roses, cr\u00e9ant une atmosph\u00e8re vibrante et pleine de vie. Les mots \u00ab\u00a0MADRID\u00a0\u00bb sont int\u00e9gr\u00e9s au design, renfor\u00e7ant sa connexion avec la ville.<\/p>\n<p>Ce verre, qui allie fonctionnalit\u00e9 et art, est parfait pour savourer vos boissons pr\u00e9f\u00e9r\u00e9es tout en servant d&rsquo;objet d\u00e9coratif rendant hommage aux traditions espagnoles. Son authenticit\u00e9 et le soin apport\u00e9 aux d\u00e9tails en font un souvenir repr\u00e9sentatif de Madrid, id\u00e9al pour les touristes \u00e0 la recherche de souvenirs authentiques \u00e0 valeur culturelle. Chez Ol\u00e9 Mosaic, en tant que grossistes d&rsquo;articles en c\u00e9ramique et de souvenirs typiques, nous proposons des produits qui ne sont pas seulement visuellement attrayants, mais qui sont \u00e9galement impr\u00e9gn\u00e9s d&rsquo;un riche h\u00e9ritage culturel. Ce verre est une excellente option pour les boutiques de cadeaux touristiques souhaitant offrir \u00e0 leurs clients un petit morceau de la culture espagnole.<\/p>\n","protected":false},"excerpt":{"rendered":"<p>Verre \u00e0 shot en c\u00e9ramique d\u00e9cor\u00e9 d&rsquo;un design vibrant de taureaux, symbole du folklore espagnol, inspir\u00e9 de Madrid. Le verre pr\u00e9sente une finition blanche avec l&rsquo;int\u00e9rieur orange, et son ext\u00e9rieur met en avant une illustration color\u00e9e en mosa\u00efque, avec un soleil radieux, des roses et le mot \u00ab\u00a0MADRID\u00a0\u00bb. Parfait pour savourer vos boissons, ce verre allie fonctionnalit\u00e9 et art dans une repr\u00e9sentation culturelle exquise.<\/p>\n","protected":false},"featured_media":8588,"template":"","meta":{"_acf_changed":false},"product_brand":[],"product_cat":[814],"product_tag":[530,585],"class_list":{"0":"post-36584","1":"product","2":"type-product","3":"status-publish","4":"has-post-thumbnail","6":"product_cat-verres-a-shot","7":"product_tag-animaux","8":"product_tag-ceramique","9":"pa_ciudad-madrid","10":"pa_motivo-taureaux","11":"pa_pais-espana","13":"first","14":"instock","15":"shipping-taxable","16":"product-type-simple"},"acf":[],"_links":{"self":[{"href":"https:\/\/olemosaic.com\/fr\/wp-json\/wp\/v2\/product\/36584","targetHints":{"allow":["GET"]}}],"collection":[{"href":"https:\/\/olemosaic.com\/fr\/wp-json\/wp\/v2\/product"}],"about":[{"href":"https:\/\/olemosaic.com\/fr\/wp-json\/wp\/v2\/types\/product"}],"wp:featuredmedia":[{"embeddable":true,"href":"https:\/\/olemosaic.com\/fr\/wp-json\/wp\/v2\/media\/8588"}],"wp:attachment":[{"href":"https:\/\/olemosaic.com\/fr\/wp-json\/wp\/v2\/media?parent=36584"}],"wp:term":[{"taxonomy":"product_brand","embeddable":true,"href":"https:\/\/olemosaic.com\/fr\/wp-json\/wp\/v2\/product_brand?post=36584"},{"taxonomy":"product_cat","embeddable":true,"href":"https:\/\/olemosaic.com\/fr\/wp-json\/wp\/v2\/product_cat?post=36584"},{"taxonomy":"product_tag","embeddable":true,"href":"https:\/\/olemosaic.com\/fr\/wp-json\/wp\/v2\/product_tag?post=36584"}],"curies":[{"name":"wp","href":"https:\/\/api.w.org\/{rel}","templated":true}]}}