{"id":36578,"date":"2025-02-20T23:38:35","date_gmt":"2025-02-20T22:38:35","guid":{"rendered":"http:\/\/olemosaic.com\/producto\/mug-de-ceramica-toros-madrid-blanco-95-cm\/"},"modified":"2025-07-25T20:12:04","modified_gmt":"2025-07-25T18:12:04","slug":"mug-en-ceramique-taureaux-madrid-blanc-9-5-cm","status":"publish","type":"product","link":"https:\/\/olemosaic.com\/fr\/produit\/mug-en-ceramique-taureaux-madrid-blanc-9-5-cm\/","title":{"rendered":"Mug en c\u00e9ramique. Taureaux. Madrid. Blanc. 9,5 cm."},"content":{"rendered":"<p>Ce mug en c\u00e9ramique, inspir\u00e9 de la tradition taurine madril\u00e8ne, est une pi\u00e8ce singuli\u00e8re qui encapsule l&rsquo;essence de la culture espagnole. D&rsquo;une hauteur de 9,5 cm, il est id\u00e9al pour les amateurs d&rsquo;art et de traditions espagnoles. Son design vibrant pr\u00e9sente un taureau color\u00e9, dont la repr\u00e9sentation regorge de nuances \u00e9voquant la force et le courage, entour\u00e9 d&rsquo;un fond en mosa\u00efque qui ajoute du dynamisme. Les couleurs \u00e9clatantes contrastent merveilleusement avec le blanc du mug, tandis qu&rsquo;un soleil radieux et de d\u00e9licates fleurs rouges propagent une ambiance festive qui souligne la joie des c\u00e9l\u00e9brations madril\u00e8nes.<\/p>\n<p>La connexion culturelle qu&rsquo;affiche ce mug est ind\u00e9niable, car le taureau est un symbole ancr\u00e9 dans les festivit\u00e9s et les traditions de l&rsquo;Espagne, particuli\u00e8rement \u00e0 Madrid, o\u00f9 les corridas font partie int\u00e9grante de l&rsquo;identit\u00e9 locale. Cet article n&rsquo;est pas seulement une option fonctionnelle pour savourer vos boissons pr\u00e9f\u00e9r\u00e9es, mais aussi un souvenir authentique repr\u00e9sentant l&rsquo;h\u00e9ritage culturel du pays.<\/p>\n<p>En tant qu&rsquo;Ol\u00e9 Mosaic, nous sommes fiers de proposer ce mug en c\u00e9ramique dans le cadre de notre catalogue s\u00e9lect de souvenirs authentiques. Id\u00e9al pour ceux qui recherchent des produits refl\u00e9tant la culture espagnole, c&rsquo;est une excellente option pour les boutiques de cadeaux touristiques souhaitant ravir leurs clients avec un morceau de tradition. En tant que grossistes en c\u00e9ramique, nous garantissons la qualit\u00e9 et l&rsquo;originalit\u00e9 de chaque produit.<\/p>\n","protected":false},"excerpt":{"rendered":"<p>Mug en c\u00e9ramique inspir\u00e9 de la tradition taurine madril\u00e8ne, avec un design vibrant pr\u00e9sentant un taureau color\u00e9 sur un fond de mosa\u00efque. Cette pi\u00e8ce de 9,5 cm de hauteur se distingue par son travail artisanal \u00e9labor\u00e9, montrant un soleil radieux et des fleurs rouges dans un environnement festif. La combinaison de tons \u00e9clatants sur le blanc de la tasse ajoute une touche pleine de vie, id\u00e9ale comme souvenir de la culture espagnole.<\/p>\n","protected":false},"featured_media":8586,"template":"","meta":{"_acf_changed":false},"product_brand":[],"product_cat":[728],"product_tag":[530,585],"class_list":{"0":"post-36578","1":"product","2":"type-product","3":"status-publish","4":"has-post-thumbnail","6":"product_cat-mugs","7":"product_tag-animaux","8":"product_tag-ceramique","9":"pa_ciudad-madrid","10":"pa_motivo-taureaux","11":"pa_pais-espana","13":"first","14":"instock","15":"shipping-taxable","16":"product-type-simple"},"acf":[],"_links":{"self":[{"href":"https:\/\/olemosaic.com\/fr\/wp-json\/wp\/v2\/product\/36578","targetHints":{"allow":["GET"]}}],"collection":[{"href":"https:\/\/olemosaic.com\/fr\/wp-json\/wp\/v2\/product"}],"about":[{"href":"https:\/\/olemosaic.com\/fr\/wp-json\/wp\/v2\/types\/product"}],"wp:featuredmedia":[{"embeddable":true,"href":"https:\/\/olemosaic.com\/fr\/wp-json\/wp\/v2\/media\/8586"}],"wp:attachment":[{"href":"https:\/\/olemosaic.com\/fr\/wp-json\/wp\/v2\/media?parent=36578"}],"wp:term":[{"taxonomy":"product_brand","embeddable":true,"href":"https:\/\/olemosaic.com\/fr\/wp-json\/wp\/v2\/product_brand?post=36578"},{"taxonomy":"product_cat","embeddable":true,"href":"https:\/\/olemosaic.com\/fr\/wp-json\/wp\/v2\/product_cat?post=36578"},{"taxonomy":"product_tag","embeddable":true,"href":"https:\/\/olemosaic.com\/fr\/wp-json\/wp\/v2\/product_tag?post=36578"}],"curies":[{"name":"wp","href":"https:\/\/api.w.org\/{rel}","templated":true}]}}